{"id":1581,"date":"2019-07-23T12:00:56","date_gmt":"2019-07-23T15:00:56","guid":{"rendered":"http:\/\/sopassaros.com.br\/?post_type=product&#038;p=1581"},"modified":"2019-07-23T12:00:56","modified_gmt":"2019-07-23T15:00:56","slug":"kellmat-sementes-de-cereais","status":"publish","type":"product","link":"https:\/\/sopassaros.com.br\/index.php\/product\/kellmat-sementes-de-cereais\/","title":{"rendered":"KELLMAT SEMENTES DE CEREAIS"},"content":{"rendered":"<p><strong>INDICA\u00c7\u00c3O DE USO<\/strong><\/p>\n<ul class=\"list-praga\">\n<li><a href=\"https:\/\/kelldrin.com.br\/produto\/kellmat-sementes-de-cereais\/#\"><img decoding=\"async\" class=\"lazyloaded\" src=\"https:\/\/kelldrin.com.br\/wp-content\/themes\/kelldrin-bmd\/img\/products_pragas\/thumb\/roedor.png\" data-lazy-src=\"https:\/\/kelldrin.com.br\/wp-content\/themes\/kelldrin-bmd\/img\/products_pragas\/thumb\/roedor.png\" data-was-processed=\"true\" \/>Roedor<\/a><\/li>\n<\/ul>\n<p><strong>PRINC\u00cdPIO ATIVO:<\/strong><br \/>\nBrodifacoum.<\/p>\n<p><strong>INDICA\u00c7\u00c3O:<\/strong><br \/>\nKELLMAT SEMENTES DE CEREAIS \u00e9 indicado para o combate a roedores em \u00e1reas internas e externas.<\/p>\n<p><strong>MODO DE USAR:<\/strong><br \/>\nColocar as iscas de KELLMAT SEMENTES DE CEREAIS nas tocas e em outros locais onde os roedores vivem e transitam. Verificar ap\u00f3s uma semana e reaplicar o produto nos locais onde as iscas desapareceram. KELLMAT \u00e9 um raticida anticoagulante de dose \u00fanica que mata por hemorragia interna ratos e camundongos em um per\u00edodo m\u00e9dio de 3 a 5 dias. Obs.: Evitar o contato direto das m\u00e3os com as iscas.<\/p>\n<p><strong>APRESENTA\u00c7\u00c3O:<\/strong><br \/>\n10x40x25grs (econ\u00f4mica)<br \/>\n10x40x25grs (Display)<br \/>\n24x4x25grs (Caixinha)<\/p>\n","protected":false},"excerpt":{"rendered":"<p>INDICA\u00c7\u00c3O DE USO Roedor PRINC\u00cdPIO ATIVO: Brodifacoum. INDICA\u00c7\u00c3O: KELLMAT SEMENTES DE CEREAIS \u00e9 indicado para o combate a roedores em \u00e1reas internas e externas. MODO DE USAR: Colocar as iscas de KELLMAT SEMENTES DE CEREAIS nas tocas e em outros locais onde os roedores vivem e transitam. Verificar ap\u00f3s uma semana e reaplicar o produto [&hellip;]<\/p>\n","protected":false},"featured_media":1582,"template":"","meta":{"_monsterinsights_skip_tracking":false,"_monsterinsights_sitenote_active":false,"_monsterinsights_sitenote_note":"","_monsterinsights_sitenote_category":0},"product_brand":[],"product_cat":[123,127],"product_tag":[273,126,128,293],"class_list":{"0":"post-1581","1":"product","2":"type-product","3":"status-publish","4":"has-post-thumbnail","6":"product_cat-medicamento","7":"product_cat-medicamentos","8":"product_tag-kelldrin","9":"product_tag-medicamento","10":"product_tag-medicamentos","11":"product_tag-raticida","13":"first","14":"instock","15":"shipping-taxable","16":"product-type-simple"},"aioseo_notices":[],"_links":{"self":[{"href":"https:\/\/sopassaros.com.br\/index.php\/wp-json\/wp\/v2\/product\/1581","targetHints":{"allow":["GET"]}}],"collection":[{"href":"https:\/\/sopassaros.com.br\/index.php\/wp-json\/wp\/v2\/product"}],"about":[{"href":"https:\/\/sopassaros.com.br\/index.php\/wp-json\/wp\/v2\/types\/product"}],"wp:featuredmedia":[{"embeddable":true,"href":"https:\/\/sopassaros.com.br\/index.php\/wp-json\/wp\/v2\/media\/1582"}],"wp:attachment":[{"href":"https:\/\/sopassaros.com.br\/index.php\/wp-json\/wp\/v2\/media?parent=1581"}],"wp:term":[{"taxonomy":"product_brand","embeddable":true,"href":"https:\/\/sopassaros.com.br\/index.php\/wp-json\/wp\/v2\/product_brand?post=1581"},{"taxonomy":"product_cat","embeddable":true,"href":"https:\/\/sopassaros.com.br\/index.php\/wp-json\/wp\/v2\/product_cat?post=1581"},{"taxonomy":"product_tag","embeddable":true,"href":"https:\/\/sopassaros.com.br\/index.php\/wp-json\/wp\/v2\/product_tag?post=1581"}],"curies":[{"name":"wp","href":"https:\/\/api.w.org\/{rel}","templated":true}]}}