{"id":1583,"date":"2019-07-23T12:03:45","date_gmt":"2019-07-23T15:03:45","guid":{"rendered":"http:\/\/sopassaros.com.br\/?post_type=product&#038;p=1583"},"modified":"2019-07-23T12:03:45","modified_gmt":"2019-07-23T15:03:45","slug":"kellmat-po-pro","status":"publish","type":"product","link":"https:\/\/sopassaros.com.br\/index.php\/product\/kellmat-po-pro\/","title":{"rendered":"KELLMAT P\u00d3 PRO"},"content":{"rendered":"<p><strong>INDICA\u00c7\u00c3O DE USO<\/strong><\/p>\n<ul class=\"list-praga\">\n<li><a href=\"https:\/\/kelldrin.com.br\/produto\/kellmat-po-pro\/#\"><img decoding=\"async\" class=\"lazyloaded\" src=\"https:\/\/kelldrin.com.br\/wp-content\/themes\/kelldrin-bmd\/img\/products_pragas\/thumb\/roedor.png\" data-lazy-src=\"https:\/\/kelldrin.com.br\/wp-content\/themes\/kelldrin-bmd\/img\/products_pragas\/thumb\/roedor.png\" data-was-processed=\"true\" \/>Roedor<\/a><\/li>\n<\/ul>\n<p><strong>PRINC\u00cdPIO ATIVO:<br \/>\n<\/strong>Coumatetrail.<\/p>\n<p><strong>INDICA\u00c7\u00c3O:<br \/>\n<\/strong>KELLMAT P\u00d3 PRO \u00e9 indicado para o combate a roedores em \u00e1reas internas e externas.<\/p>\n<p><strong>MODO DE USAR:<br \/>\n<\/strong>KELLMAT P\u00d3\u00a0PRO deve ser polvilhado utilizando a pr\u00f3pria embalagem como aplicador, nos locais onde os roedores vivem e transitam tais como, trilhas, tocas e t\u00faneis, em faixas de 5 a 10cm de largura a uma dist\u00e2ncia de 6 a 9 metros para cada aplica\u00e7\u00e3o. Para maior seguran\u00e7a e comodidade de aplica\u00e7\u00e3o e monitoramento, KELLMAT P\u00d3 PRO pode ser colocado em caixas porta iscas preferencialmente posicionadas junto aos rodap\u00e9s. Ao transitarem sobre o KELLMAT P\u00d3 PRO adere ao p\u00ealo e as patas dos roedores, sendo ingerido durante o processo natural de limpeza por meio de lambidas. Repor KELLMAT P\u00d3 PRO enquanto observar atividade dos roedores e quando perceber redu\u00e7\u00e3o do p\u00f3 nos locais de aplica\u00e7\u00e3o.<\/p>\n<p><strong>APRESENTA\u00c7\u00c3O:<\/strong><br \/>\n6x1Kg<\/p>\n","protected":false},"excerpt":{"rendered":"<p>INDICA\u00c7\u00c3O DE USO Roedor PRINC\u00cdPIO ATIVO: Coumatetrail. INDICA\u00c7\u00c3O: KELLMAT P\u00d3 PRO \u00e9 indicado para o combate a roedores em \u00e1reas internas e externas. MODO DE USAR: KELLMAT P\u00d3\u00a0PRO deve ser polvilhado utilizando a pr\u00f3pria embalagem como aplicador, nos locais onde os roedores vivem e transitam tais como, trilhas, tocas e t\u00faneis, em faixas de 5 [&hellip;]<\/p>\n","protected":false},"featured_media":1584,"template":"","meta":{"_monsterinsights_skip_tracking":false,"_monsterinsights_sitenote_active":false,"_monsterinsights_sitenote_note":"","_monsterinsights_sitenote_category":0},"product_brand":[],"product_cat":[123,127],"product_tag":[273,126,128,293],"class_list":{"0":"post-1583","1":"product","2":"type-product","3":"status-publish","4":"has-post-thumbnail","6":"product_cat-medicamento","7":"product_cat-medicamentos","8":"product_tag-kelldrin","9":"product_tag-medicamento","10":"product_tag-medicamentos","11":"product_tag-raticida","13":"first","14":"instock","15":"shipping-taxable","16":"product-type-simple"},"aioseo_notices":[],"_links":{"self":[{"href":"https:\/\/sopassaros.com.br\/index.php\/wp-json\/wp\/v2\/product\/1583","targetHints":{"allow":["GET"]}}],"collection":[{"href":"https:\/\/sopassaros.com.br\/index.php\/wp-json\/wp\/v2\/product"}],"about":[{"href":"https:\/\/sopassaros.com.br\/index.php\/wp-json\/wp\/v2\/types\/product"}],"wp:featuredmedia":[{"embeddable":true,"href":"https:\/\/sopassaros.com.br\/index.php\/wp-json\/wp\/v2\/media\/1584"}],"wp:attachment":[{"href":"https:\/\/sopassaros.com.br\/index.php\/wp-json\/wp\/v2\/media?parent=1583"}],"wp:term":[{"taxonomy":"product_brand","embeddable":true,"href":"https:\/\/sopassaros.com.br\/index.php\/wp-json\/wp\/v2\/product_brand?post=1583"},{"taxonomy":"product_cat","embeddable":true,"href":"https:\/\/sopassaros.com.br\/index.php\/wp-json\/wp\/v2\/product_cat?post=1583"},{"taxonomy":"product_tag","embeddable":true,"href":"https:\/\/sopassaros.com.br\/index.php\/wp-json\/wp\/v2\/product_tag?post=1583"}],"curies":[{"name":"wp","href":"https:\/\/api.w.org\/{rel}","templated":true}]}}