{"id":1587,"date":"2019-07-23T12:07:13","date_gmt":"2019-07-23T15:07:13","guid":{"rendered":"http:\/\/sopassaros.com.br\/?post_type=product&#038;p=1587"},"modified":"2019-07-23T12:08:25","modified_gmt":"2019-07-23T15:08:25","slug":"kellmat-ratoeira-adesiva","status":"publish","type":"product","link":"https:\/\/sopassaros.com.br\/index.php\/product\/kellmat-ratoeira-adesiva\/","title":{"rendered":"KELLMAT RATOEIRA ADESIVA"},"content":{"rendered":"<p><strong>INDICA\u00c7\u00c3O DE USO<\/strong><\/p>\n<ul class=\"list-praga\">\n<li><a href=\"https:\/\/kelldrin.com.br\/produto\/kellmat-ratoeira-adesiva\/#\"><img decoding=\"async\" class=\"lazyloaded\" src=\"https:\/\/kelldrin.com.br\/wp-content\/themes\/kelldrin-bmd\/img\/products_pragas\/thumb\/roedor.png\" data-lazy-src=\"https:\/\/kelldrin.com.br\/wp-content\/themes\/kelldrin-bmd\/img\/products_pragas\/thumb\/roedor.png\" data-was-processed=\"true\" \/>Roedor<\/a><\/li>\n<\/ul>\n<p><strong>INDICA\u00c7\u00c3O:<\/strong><br \/>\nKELLMAT RATOEIRA ADESIVA \u00e9 indicada para capturar ratos sem a utiliza\u00e7\u00e3o de venenos.<\/p>\n<p><strong>MODO DE USAR:<\/strong><br \/>\nExaminar a \u00e1rea e identificar os locais de passagem do roedor. Abrir lentamente. Colocar na passagem do roedor como rodap\u00e9s e cantos de parede. Se preferir, fixar o KELLMAT RATOEIRA ADESIVA no local escolhido. Para melhores resultados, colocar um atrativo como isca no centro da armadilha. Verificar diariamente. Se n\u00e3o houver captura ap\u00f3s 2 dias, mudar a armadilha de lugar. Caso haja a captura, colocar em saco pl\u00e1stico e descartar.<\/p>\n<p><strong>APRESENTA\u00c7\u00c3O:<\/strong><br \/>\nCaixa com 25 unidades.<\/p>\n","protected":false},"excerpt":{"rendered":"<p>INDICA\u00c7\u00c3O DE USO Roedor INDICA\u00c7\u00c3O: KELLMAT RATOEIRA ADESIVA \u00e9 indicada para capturar ratos sem a utiliza\u00e7\u00e3o de venenos. MODO DE USAR: Examinar a \u00e1rea e identificar os locais de passagem do roedor. Abrir lentamente. Colocar na passagem do roedor como rodap\u00e9s e cantos de parede. Se preferir, fixar o KELLMAT RATOEIRA ADESIVA no local escolhido. [&hellip;]<\/p>\n","protected":false},"featured_media":1588,"template":"","meta":{"_monsterinsights_skip_tracking":false,"_monsterinsights_sitenote_active":false,"_monsterinsights_sitenote_note":"","_monsterinsights_sitenote_category":0},"product_brand":[],"product_cat":[123,127],"product_tag":[273,293,294],"class_list":{"0":"post-1587","1":"product","2":"type-product","3":"status-publish","4":"has-post-thumbnail","6":"product_cat-medicamento","7":"product_cat-medicamentos","8":"product_tag-kelldrin","9":"product_tag-raticida","10":"product_tag-rotoeira","12":"first","13":"instock","14":"shipping-taxable","15":"product-type-simple"},"aioseo_notices":[],"_links":{"self":[{"href":"https:\/\/sopassaros.com.br\/index.php\/wp-json\/wp\/v2\/product\/1587","targetHints":{"allow":["GET"]}}],"collection":[{"href":"https:\/\/sopassaros.com.br\/index.php\/wp-json\/wp\/v2\/product"}],"about":[{"href":"https:\/\/sopassaros.com.br\/index.php\/wp-json\/wp\/v2\/types\/product"}],"wp:featuredmedia":[{"embeddable":true,"href":"https:\/\/sopassaros.com.br\/index.php\/wp-json\/wp\/v2\/media\/1588"}],"wp:attachment":[{"href":"https:\/\/sopassaros.com.br\/index.php\/wp-json\/wp\/v2\/media?parent=1587"}],"wp:term":[{"taxonomy":"product_brand","embeddable":true,"href":"https:\/\/sopassaros.com.br\/index.php\/wp-json\/wp\/v2\/product_brand?post=1587"},{"taxonomy":"product_cat","embeddable":true,"href":"https:\/\/sopassaros.com.br\/index.php\/wp-json\/wp\/v2\/product_cat?post=1587"},{"taxonomy":"product_tag","embeddable":true,"href":"https:\/\/sopassaros.com.br\/index.php\/wp-json\/wp\/v2\/product_tag?post=1587"}],"curies":[{"name":"wp","href":"https:\/\/api.w.org\/{rel}","templated":true}]}}