{"id":1590,"date":"2019-07-23T12:11:46","date_gmt":"2019-07-23T15:11:46","guid":{"rendered":"http:\/\/sopassaros.com.br\/?post_type=product&#038;p=1590"},"modified":"2019-07-23T12:13:02","modified_gmt":"2019-07-23T15:13:02","slug":"akb-480-herbicida","status":"publish","type":"product","link":"https:\/\/sopassaros.com.br\/index.php\/product\/akb-480-herbicida\/","title":{"rendered":"AKB 480 HERBICIDA"},"content":{"rendered":"<p><strong>INDICA\u00c7\u00c3O DE USO<\/strong><\/p>\n<ul class=\"list-praga\">\n<li><a href=\"https:\/\/kelldrin.com.br\/produto\/akb-480-herbicida\/#\"><img decoding=\"async\" class=\"error\" src=\"https:\/\/kelldrin.com.br\/wp-content\/themes\/kelldrin-bmd\/img\/products_pragas\/thumb\/ervas-daninhas.png\" data-lazy-src=\"https:\/\/kelldrin.com.br\/wp-content\/themes\/kelldrin-bmd\/img\/products_pragas\/thumb\/ervas-daninhas.png\" data-was-processed=\"true\" \/>Ervas Daninhas<\/a><\/li>\n<\/ul>\n<p><strong>PRINC\u00cdPIO ATIVO:<br \/>\n<\/strong>Glifosato 48%<\/p>\n<p><strong>INDICA\u00c7\u00c3O:<br \/>\n<\/strong>GLIFOSATO 480 AKB \u00e9 um herbicida sist\u00eamico de efici\u00eancia comprovada no controle total de ervas daninhas emergentes da esp\u00e9cie Brachiaria Decumbens, que s\u00e3o atingidas pela a\u00e7\u00e3o do herbicida na parte a\u00e9rea (Folhas) que conduzem o princ\u00edpio ativo at\u00e9 a raiz provocando seu exterm\u00ednio. A ac\u00e3o definitiva do produto \u00e9 verificada entre sete a dez dias.<\/p>\n<p><strong>MODO DE USAR:<br \/>\n<\/strong>Diluir toda a embalagem (10 ml) do produto AKB 480 da Kelldrin em 01 litro de \u00e1gua. Misture bem e utilize um pulverizador manual ou regador pl\u00e1stico e aplique numa \u00e1rea de 30m2.<\/p>\n<p><strong>APRESENTA\u00c7\u00c3O:<br \/>\n<\/strong>25x20x10ml<br \/>\n10x20x10ml<\/p>\n","protected":false},"excerpt":{"rendered":"<p>INDICA\u00c7\u00c3O DE USO Ervas Daninhas PRINC\u00cdPIO ATIVO: Glifosato 48% INDICA\u00c7\u00c3O: GLIFOSATO 480 AKB \u00e9 um herbicida sist\u00eamico de efici\u00eancia comprovada no controle total de ervas daninhas emergentes da esp\u00e9cie Brachiaria Decumbens, que s\u00e3o atingidas pela a\u00e7\u00e3o do herbicida na parte a\u00e9rea (Folhas) que conduzem o princ\u00edpio ativo at\u00e9 a raiz provocando seu exterm\u00ednio. A ac\u00e3o [&hellip;]<\/p>\n","protected":false},"featured_media":1591,"template":"","meta":{"_monsterinsights_skip_tracking":false,"_monsterinsights_sitenote_active":false,"_monsterinsights_sitenote_note":"","_monsterinsights_sitenote_category":0},"product_brand":[],"product_cat":[123,127],"product_tag":[295,273],"class_list":{"0":"post-1590","1":"product","2":"type-product","3":"status-publish","4":"has-post-thumbnail","6":"product_cat-medicamento","7":"product_cat-medicamentos","8":"product_tag-herbicida","9":"product_tag-kelldrin","11":"first","12":"instock","13":"shipping-taxable","14":"product-type-simple"},"aioseo_notices":[],"_links":{"self":[{"href":"https:\/\/sopassaros.com.br\/index.php\/wp-json\/wp\/v2\/product\/1590","targetHints":{"allow":["GET"]}}],"collection":[{"href":"https:\/\/sopassaros.com.br\/index.php\/wp-json\/wp\/v2\/product"}],"about":[{"href":"https:\/\/sopassaros.com.br\/index.php\/wp-json\/wp\/v2\/types\/product"}],"wp:featuredmedia":[{"embeddable":true,"href":"https:\/\/sopassaros.com.br\/index.php\/wp-json\/wp\/v2\/media\/1591"}],"wp:attachment":[{"href":"https:\/\/sopassaros.com.br\/index.php\/wp-json\/wp\/v2\/media?parent=1590"}],"wp:term":[{"taxonomy":"product_brand","embeddable":true,"href":"https:\/\/sopassaros.com.br\/index.php\/wp-json\/wp\/v2\/product_brand?post=1590"},{"taxonomy":"product_cat","embeddable":true,"href":"https:\/\/sopassaros.com.br\/index.php\/wp-json\/wp\/v2\/product_cat?post=1590"},{"taxonomy":"product_tag","embeddable":true,"href":"https:\/\/sopassaros.com.br\/index.php\/wp-json\/wp\/v2\/product_tag?post=1590"}],"curies":[{"name":"wp","href":"https:\/\/api.w.org\/{rel}","templated":true}]}}