{"id":1592,"date":"2019-07-23T12:15:51","date_gmt":"2019-07-23T15:15:51","guid":{"rendered":"http:\/\/sopassaros.com.br\/?post_type=product&#038;p=1592"},"modified":"2019-07-23T12:16:38","modified_gmt":"2019-07-23T15:16:38","slug":"akb-pronto-para-uso","status":"publish","type":"product","link":"https:\/\/sopassaros.com.br\/index.php\/product\/akb-pronto-para-uso\/","title":{"rendered":"AKB PRONTO PARA USO"},"content":{"rendered":"<p><strong>INDICA\u00c7\u00c3O DE USO<\/strong><\/p>\n<ul class=\"list-praga\">\n<li><a href=\"https:\/\/kelldrin.com.br\/produto\/akb-pronto-para-uso\/#\"><img decoding=\"async\" class=\"error\" src=\"https:\/\/kelldrin.com.br\/wp-content\/themes\/kelldrin-bmd\/img\/products_pragas\/thumb\/ervas-daninhas.png\" data-lazy-src=\"https:\/\/kelldrin.com.br\/wp-content\/themes\/kelldrin-bmd\/img\/products_pragas\/thumb\/ervas-daninhas.png\" data-was-processed=\"true\" \/>Ervas Daninhas<\/a><\/li>\n<\/ul>\n<p><strong>PRINC\u00cdPIO ATIVO:<br \/>\n<\/strong>Glifosato 48%<\/p>\n<p><strong>INDICA\u00c7\u00c3O:<br \/>\n<\/strong>GLIFOSATO 480 AKB \u00e9 um herbicida sist\u00eamico de efici\u00eancia comprovada no controle total de ervas daninhas emergentes da esp\u00e9cie Brachiaria Decumbens, que s\u00e3o atingidas pela a\u00e7\u00e3o do herbicida na parte a\u00e9rea (Folhas) que conduzem o princ\u00edpio ativo at\u00e9 a raiz provocando seu exterm\u00ednio. A ac\u00e3o definitiva do produto \u00e9 verificada entre sete a dez dias.<\/p>\n<p><strong>APRESENTA\u00c7\u00c3O:<br \/>\n<\/strong>12x500ml<br \/>\n6x500ml<\/p>\n","protected":false},"excerpt":{"rendered":"<p>INDICA\u00c7\u00c3O DE USO Ervas Daninhas PRINC\u00cdPIO ATIVO: Glifosato 48% INDICA\u00c7\u00c3O: GLIFOSATO 480 AKB \u00e9 um herbicida sist\u00eamico de efici\u00eancia comprovada no controle total de ervas daninhas emergentes da esp\u00e9cie Brachiaria Decumbens, que s\u00e3o atingidas pela a\u00e7\u00e3o do herbicida na parte a\u00e9rea (Folhas) que conduzem o princ\u00edpio ativo at\u00e9 a raiz provocando seu exterm\u00ednio. A ac\u00e3o [&hellip;]<\/p>\n","protected":false},"featured_media":1593,"template":"","meta":{"_monsterinsights_skip_tracking":false,"_monsterinsights_sitenote_active":false,"_monsterinsights_sitenote_note":"","_monsterinsights_sitenote_category":0},"product_brand":[],"product_cat":[123,127],"product_tag":[295,273],"class_list":{"0":"post-1592","1":"product","2":"type-product","3":"status-publish","4":"has-post-thumbnail","6":"product_cat-medicamento","7":"product_cat-medicamentos","8":"product_tag-herbicida","9":"product_tag-kelldrin","11":"first","12":"instock","13":"shipping-taxable","14":"product-type-simple"},"aioseo_notices":[],"_links":{"self":[{"href":"https:\/\/sopassaros.com.br\/index.php\/wp-json\/wp\/v2\/product\/1592","targetHints":{"allow":["GET"]}}],"collection":[{"href":"https:\/\/sopassaros.com.br\/index.php\/wp-json\/wp\/v2\/product"}],"about":[{"href":"https:\/\/sopassaros.com.br\/index.php\/wp-json\/wp\/v2\/types\/product"}],"wp:featuredmedia":[{"embeddable":true,"href":"https:\/\/sopassaros.com.br\/index.php\/wp-json\/wp\/v2\/media\/1593"}],"wp:attachment":[{"href":"https:\/\/sopassaros.com.br\/index.php\/wp-json\/wp\/v2\/media?parent=1592"}],"wp:term":[{"taxonomy":"product_brand","embeddable":true,"href":"https:\/\/sopassaros.com.br\/index.php\/wp-json\/wp\/v2\/product_brand?post=1592"},{"taxonomy":"product_cat","embeddable":true,"href":"https:\/\/sopassaros.com.br\/index.php\/wp-json\/wp\/v2\/product_cat?post=1592"},{"taxonomy":"product_tag","embeddable":true,"href":"https:\/\/sopassaros.com.br\/index.php\/wp-json\/wp\/v2\/product_tag?post=1592"}],"curies":[{"name":"wp","href":"https:\/\/api.w.org\/{rel}","templated":true}]}}