{"id":1597,"date":"2019-07-25T15:15:12","date_gmt":"2019-07-25T18:15:12","guid":{"rendered":"http:\/\/sopassaros.com.br\/?post_type=product&#038;p=1597"},"modified":"2019-07-25T15:15:12","modified_gmt":"2019-07-25T18:15:12","slug":"kellmicida-po-200","status":"publish","type":"product","link":"https:\/\/sopassaros.com.br\/index.php\/product\/kellmicida-po-200\/","title":{"rendered":"KELLMICIDA P\u00d3 200"},"content":{"rendered":"<p><strong>INDICA\u00c7\u00c3O DE USO<\/strong><\/p>\n<ul class=\"list-praga\">\n<li><a href=\"https:\/\/kelldrin.com.br\/produto\/kellmicida-po-200\/#\"><img decoding=\"async\" class=\"lazyloaded\" src=\"https:\/\/kelldrin.com.br\/wp-content\/themes\/kelldrin-bmd\/img\/products_pragas\/thumb\/cupim.png\" data-lazy-src=\"https:\/\/kelldrin.com.br\/wp-content\/themes\/kelldrin-bmd\/img\/products_pragas\/thumb\/cupim.png\" data-was-processed=\"true\" \/>Cupim<\/a><\/li>\n<li><a href=\"https:\/\/kelldrin.com.br\/produto\/kellmicida-po-200\/#\"><img decoding=\"async\" class=\"lazyloaded\" src=\"https:\/\/kelldrin.com.br\/wp-content\/themes\/kelldrin-bmd\/img\/products_pragas\/thumb\/formiga.png\" data-lazy-src=\"https:\/\/kelldrin.com.br\/wp-content\/themes\/kelldrin-bmd\/img\/products_pragas\/thumb\/formiga.png\" data-was-processed=\"true\" \/>Formiga<\/a><\/li>\n<li><a href=\"https:\/\/kelldrin.com.br\/produto\/kellmicida-po-200\/#\"><img decoding=\"async\" class=\"lazyloaded\" src=\"https:\/\/kelldrin.com.br\/wp-content\/themes\/kelldrin-bmd\/img\/products_pragas\/thumb\/formiga-cortadeira.png\" data-lazy-src=\"https:\/\/kelldrin.com.br\/wp-content\/themes\/kelldrin-bmd\/img\/products_pragas\/thumb\/formiga-cortadeira.png\" data-was-processed=\"true\" \/>Formiga Cortadeira<\/a><\/li>\n<li><a href=\"https:\/\/kelldrin.com.br\/produto\/kellmicida-po-200\/#\"><img decoding=\"async\" class=\"lazyloaded\" src=\"https:\/\/kelldrin.com.br\/wp-content\/themes\/kelldrin-bmd\/img\/products_pragas\/thumb\/pulga.png\" data-lazy-src=\"https:\/\/kelldrin.com.br\/wp-content\/themes\/kelldrin-bmd\/img\/products_pragas\/thumb\/pulga.png\" data-was-processed=\"true\" \/>Pulga<\/a><\/li>\n<\/ul>\n<p><strong>PRINC\u00cdPIO ATIVO:<br \/>\n<\/strong>Propoxur.<\/p>\n<p><strong>INDICA\u00c7\u00c3O:<br \/>\n<\/strong>KELLMICIDA P\u00d3 200 \u00e9 indicado para o combate de formigas (sa\u00favas e quenqu\u00e9ns).<\/p>\n<p><strong>MODO DE USAR:<br \/>\n<\/strong>Com aux\u00edlio da polvilhadeira de aplica\u00e7\u00e3o de inseticida em p\u00f3, insulflar o KELLMICIDA 200 no olheiro, introduzindo a mangueira de sa\u00edda do aplicador mais profundo poss\u00edvel, para atingir por completo o formigueiro. Usar nas doses recomendadas.<\/p>\n<p><strong>APRESENTA\u00c7\u00c3O:<br \/>\n<\/strong>24x1kg (Display)<br \/>\n14x1kg (Pacote)<\/p>\n","protected":false},"excerpt":{"rendered":"<p>INDICA\u00c7\u00c3O DE USO Cupim Formiga Formiga Cortadeira Pulga PRINC\u00cdPIO ATIVO: Propoxur. INDICA\u00c7\u00c3O: KELLMICIDA P\u00d3 200 \u00e9 indicado para o combate de formigas (sa\u00favas e quenqu\u00e9ns). MODO DE USAR: Com aux\u00edlio da polvilhadeira de aplica\u00e7\u00e3o de inseticida em p\u00f3, insulflar o KELLMICIDA 200 no olheiro, introduzindo a mangueira de sa\u00edda do aplicador mais profundo poss\u00edvel, para [&hellip;]<\/p>\n","protected":false},"featured_media":1598,"template":"","meta":{"_monsterinsights_skip_tracking":false,"_monsterinsights_sitenote_active":false,"_monsterinsights_sitenote_note":"","_monsterinsights_sitenote_category":0},"product_brand":[],"product_cat":[123,127],"product_tag":[272,273],"class_list":{"0":"post-1597","1":"product","2":"type-product","3":"status-publish","4":"has-post-thumbnail","6":"product_cat-medicamento","7":"product_cat-medicamentos","8":"product_tag-inseticida","9":"product_tag-kelldrin","11":"first","12":"instock","13":"shipping-taxable","14":"product-type-simple"},"aioseo_notices":[],"_links":{"self":[{"href":"https:\/\/sopassaros.com.br\/index.php\/wp-json\/wp\/v2\/product\/1597","targetHints":{"allow":["GET"]}}],"collection":[{"href":"https:\/\/sopassaros.com.br\/index.php\/wp-json\/wp\/v2\/product"}],"about":[{"href":"https:\/\/sopassaros.com.br\/index.php\/wp-json\/wp\/v2\/types\/product"}],"wp:featuredmedia":[{"embeddable":true,"href":"https:\/\/sopassaros.com.br\/index.php\/wp-json\/wp\/v2\/media\/1598"}],"wp:attachment":[{"href":"https:\/\/sopassaros.com.br\/index.php\/wp-json\/wp\/v2\/media?parent=1597"}],"wp:term":[{"taxonomy":"product_brand","embeddable":true,"href":"https:\/\/sopassaros.com.br\/index.php\/wp-json\/wp\/v2\/product_brand?post=1597"},{"taxonomy":"product_cat","embeddable":true,"href":"https:\/\/sopassaros.com.br\/index.php\/wp-json\/wp\/v2\/product_cat?post=1597"},{"taxonomy":"product_tag","embeddable":true,"href":"https:\/\/sopassaros.com.br\/index.php\/wp-json\/wp\/v2\/product_tag?post=1597"}],"curies":[{"name":"wp","href":"https:\/\/api.w.org\/{rel}","templated":true}]}}