{"id":1600,"date":"2019-07-25T15:19:00","date_gmt":"2019-07-25T18:19:00","guid":{"rendered":"http:\/\/sopassaros.com.br\/?post_type=product&#038;p=1600"},"modified":"2019-07-25T15:21:55","modified_gmt":"2019-07-25T18:21:55","slug":"kellbyol-domestico","status":"publish","type":"product","link":"https:\/\/sopassaros.com.br\/index.php\/product\/kellbyol-domestico\/","title":{"rendered":"KELLBYOL DOM\u00c9STICO"},"content":{"rendered":"<p><strong>INDICA\u00c7\u00c3O DE USO<\/strong><\/p>\n<ul class=\"list-praga\">\n<li><a href=\"https:\/\/kelldrin.com.br\/produto\/kellbyol-domestico\/#\"><img decoding=\"async\" class=\"lazyloaded\" src=\"https:\/\/kelldrin.com.br\/wp-content\/themes\/kelldrin-bmd\/img\/products_pragas\/thumb\/barata.png\" data-lazy-src=\"https:\/\/kelldrin.com.br\/wp-content\/themes\/kelldrin-bmd\/img\/products_pragas\/thumb\/barata.png\" data-was-processed=\"true\" \/>Barata<\/a><\/li>\n<li><a href=\"https:\/\/kelldrin.com.br\/produto\/kellbyol-domestico\/#\"><img decoding=\"async\" class=\"lazyloaded\" src=\"https:\/\/kelldrin.com.br\/wp-content\/themes\/kelldrin-bmd\/img\/products_pragas\/thumb\/cupim.png\" data-lazy-src=\"https:\/\/kelldrin.com.br\/wp-content\/themes\/kelldrin-bmd\/img\/products_pragas\/thumb\/cupim.png\" data-was-processed=\"true\" \/>Cupim<\/a><\/li>\n<li><a href=\"https:\/\/kelldrin.com.br\/produto\/kellbyol-domestico\/#\"><img decoding=\"async\" class=\"lazyloaded\" src=\"https:\/\/kelldrin.com.br\/wp-content\/themes\/kelldrin-bmd\/img\/products_pragas\/thumb\/formiga.png\" data-lazy-src=\"https:\/\/kelldrin.com.br\/wp-content\/themes\/kelldrin-bmd\/img\/products_pragas\/thumb\/formiga.png\" data-was-processed=\"true\" \/>Formiga<\/a><\/li>\n<li><a href=\"https:\/\/kelldrin.com.br\/produto\/kellbyol-domestico\/#\"><img decoding=\"async\" class=\"lazyloaded\" src=\"https:\/\/kelldrin.com.br\/wp-content\/themes\/kelldrin-bmd\/img\/products_pragas\/thumb\/formiga-cortadeira.png\" data-lazy-src=\"https:\/\/kelldrin.com.br\/wp-content\/themes\/kelldrin-bmd\/img\/products_pragas\/thumb\/formiga-cortadeira.png\" data-was-processed=\"true\" \/>Formiga Cortadeira<\/a><\/li>\n<li><a href=\"https:\/\/kelldrin.com.br\/produto\/kellbyol-domestico\/#\"><img decoding=\"async\" class=\"lazyloaded\" src=\"https:\/\/kelldrin.com.br\/wp-content\/themes\/kelldrin-bmd\/img\/products_pragas\/thumb\/pulga.png\" data-lazy-src=\"https:\/\/kelldrin.com.br\/wp-content\/themes\/kelldrin-bmd\/img\/products_pragas\/thumb\/pulga.png\" data-was-processed=\"true\" \/>Pulga<\/a><\/li>\n<\/ul>\n<p><strong>PRINC\u00cdPIO ATIVO:<\/strong><br \/>\nPropoxur<\/p>\n<p><strong>INDICA\u00c7\u00c3O:<br \/>\n<\/strong>Kellbyol \u00e9 um inseticida para uso dom\u00e9stico que combate insetos tais como formigas, cupins e pulgas, mesmo em lugares \u00famidos (n\u00e3o mistura na \u00e1gua).<\/p>\n<p><strong>APRESENTA\u00c7\u00c3O:<\/strong><br \/>\n12x200g<br \/>\n24x250g<\/p>\n","protected":false},"excerpt":{"rendered":"<p>INDICA\u00c7\u00c3O DE USO Barata Cupim Formiga Formiga Cortadeira Pulga PRINC\u00cdPIO ATIVO: Propoxur INDICA\u00c7\u00c3O: Kellbyol \u00e9 um inseticida para uso dom\u00e9stico que combate insetos tais como formigas, cupins e pulgas, mesmo em lugares \u00famidos (n\u00e3o mistura na \u00e1gua). APRESENTA\u00c7\u00c3O: 12x200g 24x250g<\/p>\n","protected":false},"featured_media":1603,"template":"","meta":{"_monsterinsights_skip_tracking":false,"_monsterinsights_sitenote_active":false,"_monsterinsights_sitenote_note":"","_monsterinsights_sitenote_category":0},"product_brand":[],"product_cat":[123,127],"product_tag":[272,273],"class_list":{"0":"post-1600","1":"product","2":"type-product","3":"status-publish","4":"has-post-thumbnail","6":"product_cat-medicamento","7":"product_cat-medicamentos","8":"product_tag-inseticida","9":"product_tag-kelldrin","11":"first","12":"instock","13":"shipping-taxable","14":"product-type-simple"},"aioseo_notices":[],"_links":{"self":[{"href":"https:\/\/sopassaros.com.br\/index.php\/wp-json\/wp\/v2\/product\/1600","targetHints":{"allow":["GET"]}}],"collection":[{"href":"https:\/\/sopassaros.com.br\/index.php\/wp-json\/wp\/v2\/product"}],"about":[{"href":"https:\/\/sopassaros.com.br\/index.php\/wp-json\/wp\/v2\/types\/product"}],"wp:featuredmedia":[{"embeddable":true,"href":"https:\/\/sopassaros.com.br\/index.php\/wp-json\/wp\/v2\/media\/1603"}],"wp:attachment":[{"href":"https:\/\/sopassaros.com.br\/index.php\/wp-json\/wp\/v2\/media?parent=1600"}],"wp:term":[{"taxonomy":"product_brand","embeddable":true,"href":"https:\/\/sopassaros.com.br\/index.php\/wp-json\/wp\/v2\/product_brand?post=1600"},{"taxonomy":"product_cat","embeddable":true,"href":"https:\/\/sopassaros.com.br\/index.php\/wp-json\/wp\/v2\/product_cat?post=1600"},{"taxonomy":"product_tag","embeddable":true,"href":"https:\/\/sopassaros.com.br\/index.php\/wp-json\/wp\/v2\/product_tag?post=1600"}],"curies":[{"name":"wp","href":"https:\/\/api.w.org\/{rel}","templated":true}]}}