{"id":1608,"date":"2019-07-26T12:36:40","date_gmt":"2019-07-26T15:36:40","guid":{"rendered":"http:\/\/sopassaros.com.br\/?post_type=product&#038;p=1608"},"modified":"2019-07-26T12:37:39","modified_gmt":"2019-07-26T15:37:39","slug":"matt-pulgas-domestic","status":"publish","type":"product","link":"https:\/\/sopassaros.com.br\/index.php\/product\/matt-pulgas-domestic\/","title":{"rendered":"MATT PULGAS DOM\u00c9STIC"},"content":{"rendered":"<p><strong>INDICA\u00c7\u00c3O DE USO<\/strong><\/p>\n<ul class=\"list-praga\">\n<li><a href=\"https:\/\/kelldrin.com.br\/produto\/matt-pulgas\/#\"><img decoding=\"async\" class=\"lazyloaded\" src=\"https:\/\/kelldrin.com.br\/wp-content\/themes\/kelldrin-bmd\/img\/products_pragas\/thumb\/carrapato.png\" data-lazy-src=\"https:\/\/kelldrin.com.br\/wp-content\/themes\/kelldrin-bmd\/img\/products_pragas\/thumb\/carrapato.png\" data-was-processed=\"true\" \/>Carrapato<\/a><\/li>\n<li><a href=\"https:\/\/kelldrin.com.br\/produto\/matt-pulgas\/#\"><img decoding=\"async\" class=\"error\" src=\"https:\/\/kelldrin.com.br\/wp-content\/themes\/kelldrin-bmd\/img\/products_pragas\/thumb\/piolho.png\" data-lazy-src=\"https:\/\/kelldrin.com.br\/wp-content\/themes\/kelldrin-bmd\/img\/products_pragas\/thumb\/piolho.png\" data-was-processed=\"true\" \/>Piolho<\/a><\/li>\n<li><a href=\"https:\/\/kelldrin.com.br\/produto\/matt-pulgas\/#\"><img decoding=\"async\" class=\"lazyloaded\" src=\"https:\/\/kelldrin.com.br\/wp-content\/themes\/kelldrin-bmd\/img\/products_pragas\/thumb\/pulga.png\" data-lazy-src=\"https:\/\/kelldrin.com.br\/wp-content\/themes\/kelldrin-bmd\/img\/products_pragas\/thumb\/pulga.png\" data-was-processed=\"true\" \/>Pulga<\/a><\/li>\n<\/ul>\n<p><strong>PRINC\u00cdPIO ATIVO:<br \/>\n<\/strong>Propoxur.<\/p>\n<p><strong>INDICA\u00c7\u00c3O:<br \/>\n<\/strong>MATT PULGAS \u00e9 eficaz contra pulgas, carrapatos e piolhos.<\/p>\n<p><strong>MODO DE USAR:<br \/>\n<\/strong>Espalhar o inseticida em p\u00f3 MATT PULGAS nas \u00e1reas infestadas, como assoalhos, por\u00f5es, ralos, frestas, lixeiras, rodap\u00e9s e debaixo e atr\u00e1s de m\u00f3veis.<\/p>\n<p><strong>APRESENTA\u00c7\u00c3O:<br \/>\n<\/strong>200x100grs (Balde)<br \/>\n48x100grs (Caixinha)<br \/>\n12x200grs (Talqueira)<\/p>\n","protected":false},"excerpt":{"rendered":"<p>INDICA\u00c7\u00c3O DE USO Carrapato Piolho Pulga PRINC\u00cdPIO ATIVO: Propoxur. INDICA\u00c7\u00c3O: MATT PULGAS \u00e9 eficaz contra pulgas, carrapatos e piolhos. MODO DE USAR: Espalhar o inseticida em p\u00f3 MATT PULGAS nas \u00e1reas infestadas, como assoalhos, por\u00f5es, ralos, frestas, lixeiras, rodap\u00e9s e debaixo e atr\u00e1s de m\u00f3veis. APRESENTA\u00c7\u00c3O: 200x100grs (Balde) 48x100grs (Caixinha) 12x200grs (Talqueira)<\/p>\n","protected":false},"featured_media":1609,"template":"","meta":{"_monsterinsights_skip_tracking":false,"_monsterinsights_sitenote_active":false,"_monsterinsights_sitenote_note":"","_monsterinsights_sitenote_category":0},"product_brand":[],"product_cat":[123,127],"product_tag":[272,273,300],"class_list":{"0":"post-1608","1":"product","2":"type-product","3":"status-publish","4":"has-post-thumbnail","6":"product_cat-medicamento","7":"product_cat-medicamentos","8":"product_tag-inseticida","9":"product_tag-kelldrin","10":"product_tag-mata-pulgas","12":"first","13":"instock","14":"shipping-taxable","15":"product-type-simple"},"aioseo_notices":[],"_links":{"self":[{"href":"https:\/\/sopassaros.com.br\/index.php\/wp-json\/wp\/v2\/product\/1608","targetHints":{"allow":["GET"]}}],"collection":[{"href":"https:\/\/sopassaros.com.br\/index.php\/wp-json\/wp\/v2\/product"}],"about":[{"href":"https:\/\/sopassaros.com.br\/index.php\/wp-json\/wp\/v2\/types\/product"}],"wp:featuredmedia":[{"embeddable":true,"href":"https:\/\/sopassaros.com.br\/index.php\/wp-json\/wp\/v2\/media\/1609"}],"wp:attachment":[{"href":"https:\/\/sopassaros.com.br\/index.php\/wp-json\/wp\/v2\/media?parent=1608"}],"wp:term":[{"taxonomy":"product_brand","embeddable":true,"href":"https:\/\/sopassaros.com.br\/index.php\/wp-json\/wp\/v2\/product_brand?post=1608"},{"taxonomy":"product_cat","embeddable":true,"href":"https:\/\/sopassaros.com.br\/index.php\/wp-json\/wp\/v2\/product_cat?post=1608"},{"taxonomy":"product_tag","embeddable":true,"href":"https:\/\/sopassaros.com.br\/index.php\/wp-json\/wp\/v2\/product_tag?post=1608"}],"curies":[{"name":"wp","href":"https:\/\/api.w.org\/{rel}","templated":true}]}}