{"id":1610,"date":"2019-07-26T12:40:10","date_gmt":"2019-07-26T15:40:10","guid":{"rendered":"http:\/\/sopassaros.com.br\/?post_type=product&#038;p=1610"},"modified":"2019-07-26T12:41:21","modified_gmt":"2019-07-26T15:41:21","slug":"pottente-400pm","status":"publish","type":"product","link":"https:\/\/sopassaros.com.br\/index.php\/product\/pottente-400pm\/","title":{"rendered":"POTTENTE 400PM"},"content":{"rendered":"<p><strong>INDICA\u00c7\u00c3O DE USO<\/strong><\/p>\n<ul class=\"list-praga\">\n<li><a href=\"https:\/\/kelldrin.com.br\/produto\/pottente-400pm\/#\"><img decoding=\"async\" class=\"lazyloaded\" src=\"https:\/\/kelldrin.com.br\/wp-content\/themes\/kelldrin-bmd\/img\/products_pragas\/thumb\/aranha.png\" data-lazy-src=\"https:\/\/kelldrin.com.br\/wp-content\/themes\/kelldrin-bmd\/img\/products_pragas\/thumb\/aranha.png\" data-was-processed=\"true\" \/>Aranha<\/a><\/li>\n<li><a href=\"https:\/\/kelldrin.com.br\/produto\/pottente-400pm\/#\"><img decoding=\"async\" class=\"lazyloaded\" src=\"https:\/\/kelldrin.com.br\/wp-content\/themes\/kelldrin-bmd\/img\/products_pragas\/thumb\/barata.png\" data-lazy-src=\"https:\/\/kelldrin.com.br\/wp-content\/themes\/kelldrin-bmd\/img\/products_pragas\/thumb\/barata.png\" data-was-processed=\"true\" \/>Barata<\/a><\/li>\n<li><a href=\"https:\/\/kelldrin.com.br\/produto\/pottente-400pm\/#\"><img decoding=\"async\" class=\"lazyloaded\" src=\"https:\/\/kelldrin.com.br\/wp-content\/themes\/kelldrin-bmd\/img\/products_pragas\/thumb\/cupim.png\" data-lazy-src=\"https:\/\/kelldrin.com.br\/wp-content\/themes\/kelldrin-bmd\/img\/products_pragas\/thumb\/cupim.png\" data-was-processed=\"true\" \/>Cupim<\/a><\/li>\n<li><a href=\"https:\/\/kelldrin.com.br\/produto\/pottente-400pm\/#\"><img decoding=\"async\" class=\"lazyloaded\" src=\"https:\/\/kelldrin.com.br\/wp-content\/themes\/kelldrin-bmd\/img\/products_pragas\/thumb\/escorpiao.png\" data-lazy-src=\"https:\/\/kelldrin.com.br\/wp-content\/themes\/kelldrin-bmd\/img\/products_pragas\/thumb\/escorpiao.png\" data-was-processed=\"true\" \/>Escorpi\u00e3o<\/a><\/li>\n<li><a href=\"https:\/\/kelldrin.com.br\/produto\/pottente-400pm\/#\"><img decoding=\"async\" class=\"lazyloaded\" src=\"https:\/\/kelldrin.com.br\/wp-content\/themes\/kelldrin-bmd\/img\/products_pragas\/thumb\/formiga.png\" data-lazy-src=\"https:\/\/kelldrin.com.br\/wp-content\/themes\/kelldrin-bmd\/img\/products_pragas\/thumb\/formiga.png\" data-was-processed=\"true\" \/>Formiga<\/a><\/li>\n<li><a href=\"https:\/\/kelldrin.com.br\/produto\/pottente-400pm\/#\"><img decoding=\"async\" class=\"lazyloaded\" src=\"https:\/\/kelldrin.com.br\/wp-content\/themes\/kelldrin-bmd\/img\/products_pragas\/thumb\/mosquito-da-dengue.png\" data-lazy-src=\"https:\/\/kelldrin.com.br\/wp-content\/themes\/kelldrin-bmd\/img\/products_pragas\/thumb\/mosquito-da-dengue.png\" data-was-processed=\"true\" \/>Mosquito da Dengue<\/a><\/li>\n<\/ul>\n<p><strong>PRINC\u00cdPIO ATIVO:<br \/>\n<\/strong>Cipermetrina.<\/p>\n<p><strong>INDICA\u00c7\u00c3O:<br \/>\n<\/strong>POTTENTE 400PM \u00e9 indicado para o combate do mosquito da dengue (Aedes Aegypti) escorpi\u00f5es, cupins, baratas, formigas e aranhas.<\/p>\n<p><strong>MODO DE USAR:<br \/>\n<\/strong>Prepara o l\u00edquido inseticida diluindo a dose recomendada de POTTENTE 400PM, em \u00e1gua mantendo a agita\u00e7\u00e3o para homogeneizar o l\u00edquido. Pulveriz\u00e1-lo diretamente nas superf\u00edcies de contato.<\/p>\n<p>Aplicar dilu\u00eddo em \u00e1gua com pulverizador manual. Obs: Agite antes de usar.<\/p>\n<p><strong>APRESENTA\u00c7\u00c3O:<br \/>\n<\/strong>Caixa com 2 displays de 28x25g<\/p>\n<p>Display com 40 unidades de 25g<\/p>\n<p>Display com 40 unidades de 25g ( Hidrossol\u00favel).<\/p>\n","protected":false},"excerpt":{"rendered":"<p>INDICA\u00c7\u00c3O DE USO Aranha Barata Cupim Escorpi\u00e3o Formiga Mosquito da Dengue PRINC\u00cdPIO ATIVO: Cipermetrina. INDICA\u00c7\u00c3O: POTTENTE 400PM \u00e9 indicado para o combate do mosquito da dengue (Aedes Aegypti) escorpi\u00f5es, cupins, baratas, formigas e aranhas. MODO DE USAR: Prepara o l\u00edquido inseticida diluindo a dose recomendada de POTTENTE 400PM, em \u00e1gua mantendo a agita\u00e7\u00e3o para homogeneizar [&hellip;]<\/p>\n","protected":false},"featured_media":1611,"template":"","meta":{"_monsterinsights_skip_tracking":false,"_monsterinsights_sitenote_active":false,"_monsterinsights_sitenote_note":"","_monsterinsights_sitenote_category":0},"product_brand":[],"product_cat":[123,127],"product_tag":[272,273],"class_list":{"0":"post-1610","1":"product","2":"type-product","3":"status-publish","4":"has-post-thumbnail","6":"product_cat-medicamento","7":"product_cat-medicamentos","8":"product_tag-inseticida","9":"product_tag-kelldrin","11":"first","12":"instock","13":"shipping-taxable","14":"product-type-simple"},"aioseo_notices":[],"_links":{"self":[{"href":"https:\/\/sopassaros.com.br\/index.php\/wp-json\/wp\/v2\/product\/1610","targetHints":{"allow":["GET"]}}],"collection":[{"href":"https:\/\/sopassaros.com.br\/index.php\/wp-json\/wp\/v2\/product"}],"about":[{"href":"https:\/\/sopassaros.com.br\/index.php\/wp-json\/wp\/v2\/types\/product"}],"wp:featuredmedia":[{"embeddable":true,"href":"https:\/\/sopassaros.com.br\/index.php\/wp-json\/wp\/v2\/media\/1611"}],"wp:attachment":[{"href":"https:\/\/sopassaros.com.br\/index.php\/wp-json\/wp\/v2\/media?parent=1610"}],"wp:term":[{"taxonomy":"product_brand","embeddable":true,"href":"https:\/\/sopassaros.com.br\/index.php\/wp-json\/wp\/v2\/product_brand?post=1610"},{"taxonomy":"product_cat","embeddable":true,"href":"https:\/\/sopassaros.com.br\/index.php\/wp-json\/wp\/v2\/product_cat?post=1610"},{"taxonomy":"product_tag","embeddable":true,"href":"https:\/\/sopassaros.com.br\/index.php\/wp-json\/wp\/v2\/product_tag?post=1610"}],"curies":[{"name":"wp","href":"https:\/\/api.w.org\/{rel}","templated":true}]}}