{"id":1612,"date":"2019-07-26T12:43:00","date_gmt":"2019-07-26T15:43:00","guid":{"rendered":"http:\/\/sopassaros.com.br\/?post_type=product&#038;p=1612"},"modified":"2019-07-26T12:43:00","modified_gmt":"2019-07-26T15:43:00","slug":"tsunami-sc200","status":"publish","type":"product","link":"https:\/\/sopassaros.com.br\/index.php\/product\/tsunami-sc200\/","title":{"rendered":"TSUNAMI SC200"},"content":{"rendered":"<p><strong>INDICA\u00c7\u00c3O DE USO<\/strong><\/p>\n<ul class=\"list-praga\">\n<li><a href=\"https:\/\/kelldrin.com.br\/produto\/tsunami-sc200\/#\"><img decoding=\"async\" class=\"lazyloaded\" src=\"https:\/\/kelldrin.com.br\/wp-content\/themes\/kelldrin-bmd\/img\/products_pragas\/thumb\/barata.png\" data-lazy-src=\"https:\/\/kelldrin.com.br\/wp-content\/themes\/kelldrin-bmd\/img\/products_pragas\/thumb\/barata.png\" data-was-processed=\"true\" \/>Barata<\/a><\/li>\n<li><a href=\"https:\/\/kelldrin.com.br\/produto\/tsunami-sc200\/#\"><img decoding=\"async\" class=\"lazyloaded\" src=\"https:\/\/kelldrin.com.br\/wp-content\/themes\/kelldrin-bmd\/img\/products_pragas\/thumb\/carrapato.png\" data-lazy-src=\"https:\/\/kelldrin.com.br\/wp-content\/themes\/kelldrin-bmd\/img\/products_pragas\/thumb\/carrapato.png\" data-was-processed=\"true\" \/>Carrapato<\/a><\/li>\n<li><a href=\"https:\/\/kelldrin.com.br\/produto\/tsunami-sc200\/#\"><img decoding=\"async\" class=\"lazyloaded\" src=\"https:\/\/kelldrin.com.br\/wp-content\/themes\/kelldrin-bmd\/img\/products_pragas\/thumb\/cupim.png\" data-lazy-src=\"https:\/\/kelldrin.com.br\/wp-content\/themes\/kelldrin-bmd\/img\/products_pragas\/thumb\/cupim.png\" data-was-processed=\"true\" \/>Cupim<\/a><\/li>\n<li><a href=\"https:\/\/kelldrin.com.br\/produto\/tsunami-sc200\/#\"><img decoding=\"async\" class=\"lazyloaded\" src=\"https:\/\/kelldrin.com.br\/wp-content\/themes\/kelldrin-bmd\/img\/products_pragas\/thumb\/formiga.png\" data-lazy-src=\"https:\/\/kelldrin.com.br\/wp-content\/themes\/kelldrin-bmd\/img\/products_pragas\/thumb\/formiga.png\" data-was-processed=\"true\" \/>Formiga<\/a><\/li>\n<li><a href=\"https:\/\/kelldrin.com.br\/produto\/tsunami-sc200\/#\"><img decoding=\"async\" class=\"lazyloaded\" src=\"https:\/\/kelldrin.com.br\/wp-content\/themes\/kelldrin-bmd\/img\/products_pragas\/thumb\/pulga.png\" data-lazy-src=\"https:\/\/kelldrin.com.br\/wp-content\/themes\/kelldrin-bmd\/img\/products_pragas\/thumb\/pulga.png\" data-was-processed=\"true\" \/>Pulga<\/a><\/li>\n<\/ul>\n<p><strong>PRINC\u00cdPIO ATIVO:<br \/>\n<\/strong>Imidacloprido.<\/p>\n<p><strong>INDICA\u00c7\u00c3O:<br \/>\n<\/strong>TSUNAMI SC 200 da Kelldrin \u00e9 eficaz contra carrapatos, pulgas, cupins, formigas e baratas. Atua protegendo as estruturas, estabelecendo uma zona tratada que os cupins n\u00e3o podem detectar. Possui efeito em cadeia que contribui para o exterm\u00ednio de toda a col\u00f4nia.<\/p>\n<p><strong>MODO DE USAR:<br \/>\n<\/strong>Prepare diretamente no tanque pulverizador uma calda com 25ml do TSUNAMI SC 200 para cada 10 litros de \u00e1gua na dose de 200m2.<\/p>\n<p><strong>APRESENTA\u00c7\u00c3O:<br \/>\n<\/strong>6X1000ML<br \/>\n3X4X300ML<br \/>\n2X12X100ML<br \/>\n12X100ML<br \/>\n2X36X30ML<\/p>\n","protected":false},"excerpt":{"rendered":"<p>INDICA\u00c7\u00c3O DE USO Barata Carrapato Cupim Formiga Pulga PRINC\u00cdPIO ATIVO: Imidacloprido. INDICA\u00c7\u00c3O: TSUNAMI SC 200 da Kelldrin \u00e9 eficaz contra carrapatos, pulgas, cupins, formigas e baratas. Atua protegendo as estruturas, estabelecendo uma zona tratada que os cupins n\u00e3o podem detectar. Possui efeito em cadeia que contribui para o exterm\u00ednio de toda a col\u00f4nia. MODO DE [&hellip;]<\/p>\n","protected":false},"featured_media":1613,"template":"","meta":{"_monsterinsights_skip_tracking":false,"_monsterinsights_sitenote_active":false,"_monsterinsights_sitenote_note":"","_monsterinsights_sitenote_category":0},"product_brand":[],"product_cat":[123,127],"product_tag":[272,273],"class_list":{"0":"post-1612","1":"product","2":"type-product","3":"status-publish","4":"has-post-thumbnail","6":"product_cat-medicamento","7":"product_cat-medicamentos","8":"product_tag-inseticida","9":"product_tag-kelldrin","11":"first","12":"instock","13":"shipping-taxable","14":"product-type-simple"},"aioseo_notices":[],"_links":{"self":[{"href":"https:\/\/sopassaros.com.br\/index.php\/wp-json\/wp\/v2\/product\/1612","targetHints":{"allow":["GET"]}}],"collection":[{"href":"https:\/\/sopassaros.com.br\/index.php\/wp-json\/wp\/v2\/product"}],"about":[{"href":"https:\/\/sopassaros.com.br\/index.php\/wp-json\/wp\/v2\/types\/product"}],"wp:featuredmedia":[{"embeddable":true,"href":"https:\/\/sopassaros.com.br\/index.php\/wp-json\/wp\/v2\/media\/1613"}],"wp:attachment":[{"href":"https:\/\/sopassaros.com.br\/index.php\/wp-json\/wp\/v2\/media?parent=1612"}],"wp:term":[{"taxonomy":"product_brand","embeddable":true,"href":"https:\/\/sopassaros.com.br\/index.php\/wp-json\/wp\/v2\/product_brand?post=1612"},{"taxonomy":"product_cat","embeddable":true,"href":"https:\/\/sopassaros.com.br\/index.php\/wp-json\/wp\/v2\/product_cat?post=1612"},{"taxonomy":"product_tag","embeddable":true,"href":"https:\/\/sopassaros.com.br\/index.php\/wp-json\/wp\/v2\/product_tag?post=1612"}],"curies":[{"name":"wp","href":"https:\/\/api.w.org\/{rel}","templated":true}]}}