{"id":1614,"date":"2019-07-26T12:45:12","date_gmt":"2019-07-26T15:45:12","guid":{"rendered":"http:\/\/sopassaros.com.br\/?post_type=product&#038;p=1614"},"modified":"2019-07-26T12:45:12","modified_gmt":"2019-07-26T15:45:12","slug":"ddvp-1000ce","status":"publish","type":"product","link":"https:\/\/sopassaros.com.br\/index.php\/product\/ddvp-1000ce\/","title":{"rendered":"DDVP 1000CE"},"content":{"rendered":"<p><strong>INDICA\u00c7\u00c3O DE USO<\/strong><\/p>\n<ul class=\"list-praga\">\n<li><a href=\"https:\/\/kelldrin.com.br\/produto\/ddvp-1000ce\/#\"><img decoding=\"async\" class=\"lazyloaded\" src=\"https:\/\/kelldrin.com.br\/wp-content\/themes\/kelldrin-bmd\/img\/products_pragas\/thumb\/barata.png\" data-lazy-src=\"https:\/\/kelldrin.com.br\/wp-content\/themes\/kelldrin-bmd\/img\/products_pragas\/thumb\/barata.png\" data-was-processed=\"true\" \/>Barata<\/a><\/li>\n<li><a href=\"https:\/\/kelldrin.com.br\/produto\/ddvp-1000ce\/#\"><img decoding=\"async\" class=\"lazyloaded\" src=\"https:\/\/kelldrin.com.br\/wp-content\/themes\/kelldrin-bmd\/img\/products_pragas\/thumb\/mosca.png\" data-lazy-src=\"https:\/\/kelldrin.com.br\/wp-content\/themes\/kelldrin-bmd\/img\/products_pragas\/thumb\/mosca.png\" data-was-processed=\"true\" \/>Mosca<\/a><\/li>\n<li><a href=\"https:\/\/kelldrin.com.br\/produto\/ddvp-1000ce\/#\"><img decoding=\"async\" class=\"lazyloaded\" src=\"https:\/\/kelldrin.com.br\/wp-content\/themes\/kelldrin-bmd\/img\/products_pragas\/thumb\/pulga.png\" data-lazy-src=\"https:\/\/kelldrin.com.br\/wp-content\/themes\/kelldrin-bmd\/img\/products_pragas\/thumb\/pulga.png\" data-was-processed=\"true\" \/>Pulga<\/a><\/li>\n<\/ul>\n<p><strong>PRINC\u00cdPIO ATIVO:<br \/>\n<\/strong>Diclorv\u00f3s.<\/p>\n<p><strong>INDICA\u00c7\u00c3O:<br \/>\n<\/strong>DDPV 1000 CE \u00e9 um inseticida indicado para combate a moscas e pulgas.<\/p>\n<p><strong>MODO DE USAR:<br \/>\n<\/strong>O produto DDPV 1000 CE deve ser aplicado em resid\u00eancias, edif\u00edcios comerciais e industriais, armaz\u00e9ns, restaurantes, padarias, escolas, hospitais, meios de transporte. Diluir 50 ml de DDPV 1000 CE em 10 litros de \u00e1gua. Dose 50ml\/m2.<\/p>\n<p><strong>APRESENTA\u00c7\u00c3O:<br \/>\n<\/strong>12x1L<br \/>\n6x1L<br \/>\n25x100ml<\/p>\n","protected":false},"excerpt":{"rendered":"<p>INDICA\u00c7\u00c3O DE USO Barata Mosca Pulga PRINC\u00cdPIO ATIVO: Diclorv\u00f3s. INDICA\u00c7\u00c3O: DDPV 1000 CE \u00e9 um inseticida indicado para combate a moscas e pulgas. MODO DE USAR: O produto DDPV 1000 CE deve ser aplicado em resid\u00eancias, edif\u00edcios comerciais e industriais, armaz\u00e9ns, restaurantes, padarias, escolas, hospitais, meios de transporte. Diluir 50 ml de DDPV 1000 CE [&hellip;]<\/p>\n","protected":false},"featured_media":1615,"template":"","meta":{"_monsterinsights_skip_tracking":false,"_monsterinsights_sitenote_active":false,"_monsterinsights_sitenote_note":"","_monsterinsights_sitenote_category":0},"product_brand":[],"product_cat":[123,127],"product_tag":[272,273],"class_list":{"0":"post-1614","1":"product","2":"type-product","3":"status-publish","4":"has-post-thumbnail","6":"product_cat-medicamento","7":"product_cat-medicamentos","8":"product_tag-inseticida","9":"product_tag-kelldrin","11":"first","12":"instock","13":"shipping-taxable","14":"product-type-simple"},"aioseo_notices":[],"_links":{"self":[{"href":"https:\/\/sopassaros.com.br\/index.php\/wp-json\/wp\/v2\/product\/1614","targetHints":{"allow":["GET"]}}],"collection":[{"href":"https:\/\/sopassaros.com.br\/index.php\/wp-json\/wp\/v2\/product"}],"about":[{"href":"https:\/\/sopassaros.com.br\/index.php\/wp-json\/wp\/v2\/types\/product"}],"wp:featuredmedia":[{"embeddable":true,"href":"https:\/\/sopassaros.com.br\/index.php\/wp-json\/wp\/v2\/media\/1615"}],"wp:attachment":[{"href":"https:\/\/sopassaros.com.br\/index.php\/wp-json\/wp\/v2\/media?parent=1614"}],"wp:term":[{"taxonomy":"product_brand","embeddable":true,"href":"https:\/\/sopassaros.com.br\/index.php\/wp-json\/wp\/v2\/product_brand?post=1614"},{"taxonomy":"product_cat","embeddable":true,"href":"https:\/\/sopassaros.com.br\/index.php\/wp-json\/wp\/v2\/product_cat?post=1614"},{"taxonomy":"product_tag","embeddable":true,"href":"https:\/\/sopassaros.com.br\/index.php\/wp-json\/wp\/v2\/product_tag?post=1614"}],"curies":[{"name":"wp","href":"https:\/\/api.w.org\/{rel}","templated":true}]}}