{"id":1616,"date":"2019-07-26T12:46:36","date_gmt":"2019-07-26T15:46:36","guid":{"rendered":"http:\/\/sopassaros.com.br\/?post_type=product&#038;p=1616"},"modified":"2019-07-26T12:46:50","modified_gmt":"2019-07-26T15:46:50","slug":"cipermetrina-250ce","status":"publish","type":"product","link":"https:\/\/sopassaros.com.br\/index.php\/product\/cipermetrina-250ce\/","title":{"rendered":"CIPERMETRINA 250CE"},"content":{"rendered":"<p><strong>INDICA\u00c7\u00c3O DE USO<\/strong><\/p>\n<ul class=\"list-praga\">\n<li><a href=\"https:\/\/kelldrin.com.br\/produto\/cipermetrina-250ce\/#\"><img decoding=\"async\" class=\"lazyloaded\" src=\"https:\/\/kelldrin.com.br\/wp-content\/themes\/kelldrin-bmd\/img\/products_pragas\/thumb\/barata.png\" data-lazy-src=\"https:\/\/kelldrin.com.br\/wp-content\/themes\/kelldrin-bmd\/img\/products_pragas\/thumb\/barata.png\" data-was-processed=\"true\" \/>Barata<\/a><\/li>\n<li><a href=\"https:\/\/kelldrin.com.br\/produto\/cipermetrina-250ce\/#\"><img decoding=\"async\" class=\"lazyloaded\" src=\"https:\/\/kelldrin.com.br\/wp-content\/themes\/kelldrin-bmd\/img\/products_pragas\/thumb\/carrapato.png\" data-lazy-src=\"https:\/\/kelldrin.com.br\/wp-content\/themes\/kelldrin-bmd\/img\/products_pragas\/thumb\/carrapato.png\" data-was-processed=\"true\" \/>Carrapato<\/a><\/li>\n<li><a href=\"https:\/\/kelldrin.com.br\/produto\/cipermetrina-250ce\/#\"><img decoding=\"async\" class=\"lazyloaded\" src=\"https:\/\/kelldrin.com.br\/wp-content\/themes\/kelldrin-bmd\/img\/products_pragas\/thumb\/formiga.png\" data-lazy-src=\"https:\/\/kelldrin.com.br\/wp-content\/themes\/kelldrin-bmd\/img\/products_pragas\/thumb\/formiga.png\" data-was-processed=\"true\" \/>Formiga<\/a><\/li>\n<li><a href=\"https:\/\/kelldrin.com.br\/produto\/cipermetrina-250ce\/#\"><img decoding=\"async\" class=\"lazyloaded\" src=\"https:\/\/kelldrin.com.br\/wp-content\/themes\/kelldrin-bmd\/img\/products_pragas\/thumb\/formiga-cortadeira.png\" data-lazy-src=\"https:\/\/kelldrin.com.br\/wp-content\/themes\/kelldrin-bmd\/img\/products_pragas\/thumb\/formiga-cortadeira.png\" data-was-processed=\"true\" \/>Formiga Cortadeira<\/a><\/li>\n<li><a href=\"https:\/\/kelldrin.com.br\/produto\/cipermetrina-250ce\/#\"><img decoding=\"async\" class=\"lazyloaded\" src=\"https:\/\/kelldrin.com.br\/wp-content\/themes\/kelldrin-bmd\/img\/products_pragas\/thumb\/traca.png\" data-lazy-src=\"https:\/\/kelldrin.com.br\/wp-content\/themes\/kelldrin-bmd\/img\/products_pragas\/thumb\/traca.png\" data-was-processed=\"true\" \/>Tra\u00e7a<\/a><\/li>\n<\/ul>\n<p><strong>PRINC\u00cdPIO ATIVO:<br \/>\n<\/strong>Cipermetrina.<\/p>\n<p><strong>INDICA\u00c7\u00c3O:<br \/>\n<\/strong>CIPERMETRINA 250 CE \u00e9 eficaz no controle de pragas, cupins e tra\u00e7as.<\/p>\n<p><strong>MODO DE USAR:<br \/>\n<\/strong>Diluir 10ml do CIPERMETRINA 250 CE em 1 litro de \u00e1gua.<\/p>\n<p>Aplicar 50ml de calda por m2 de superf\u00edcie nos locais onde os insetos costumam transitar em seus prov\u00e1veis esconderijos, tais como: atr\u00e1s e embaixo de arm\u00e1rios, pias, roupeiros, frestas, ralos, etc.<\/p>\n<p><strong>APRESENTA\u00c7\u00c3O:<br \/>\n<\/strong>6X1L<br \/>\n3X4X300ML<br \/>\n2X25X20ML<\/p>\n","protected":false},"excerpt":{"rendered":"<p>INDICA\u00c7\u00c3O DE USO Barata Carrapato Formiga Formiga Cortadeira Tra\u00e7a PRINC\u00cdPIO ATIVO: Cipermetrina. INDICA\u00c7\u00c3O: CIPERMETRINA 250 CE \u00e9 eficaz no controle de pragas, cupins e tra\u00e7as. MODO DE USAR: Diluir 10ml do CIPERMETRINA 250 CE em 1 litro de \u00e1gua. Aplicar 50ml de calda por m2 de superf\u00edcie nos locais onde os insetos costumam transitar em [&hellip;]<\/p>\n","protected":false},"featured_media":1617,"template":"","meta":{"_monsterinsights_skip_tracking":false,"_monsterinsights_sitenote_active":false,"_monsterinsights_sitenote_note":"","_monsterinsights_sitenote_category":0},"product_brand":[],"product_cat":[123,127],"product_tag":[272,273],"class_list":{"0":"post-1616","1":"product","2":"type-product","3":"status-publish","4":"has-post-thumbnail","6":"product_cat-medicamento","7":"product_cat-medicamentos","8":"product_tag-inseticida","9":"product_tag-kelldrin","11":"first","12":"instock","13":"shipping-taxable","14":"product-type-simple"},"aioseo_notices":[],"_links":{"self":[{"href":"https:\/\/sopassaros.com.br\/index.php\/wp-json\/wp\/v2\/product\/1616","targetHints":{"allow":["GET"]}}],"collection":[{"href":"https:\/\/sopassaros.com.br\/index.php\/wp-json\/wp\/v2\/product"}],"about":[{"href":"https:\/\/sopassaros.com.br\/index.php\/wp-json\/wp\/v2\/types\/product"}],"wp:featuredmedia":[{"embeddable":true,"href":"https:\/\/sopassaros.com.br\/index.php\/wp-json\/wp\/v2\/media\/1617"}],"wp:attachment":[{"href":"https:\/\/sopassaros.com.br\/index.php\/wp-json\/wp\/v2\/media?parent=1616"}],"wp:term":[{"taxonomy":"product_brand","embeddable":true,"href":"https:\/\/sopassaros.com.br\/index.php\/wp-json\/wp\/v2\/product_brand?post=1616"},{"taxonomy":"product_cat","embeddable":true,"href":"https:\/\/sopassaros.com.br\/index.php\/wp-json\/wp\/v2\/product_cat?post=1616"},{"taxonomy":"product_tag","embeddable":true,"href":"https:\/\/sopassaros.com.br\/index.php\/wp-json\/wp\/v2\/product_tag?post=1616"}],"curies":[{"name":"wp","href":"https:\/\/api.w.org\/{rel}","templated":true}]}}