{"id":1622,"date":"2019-07-29T12:25:34","date_gmt":"2019-07-29T15:25:34","guid":{"rendered":"http:\/\/sopassaros.com.br\/?post_type=product&#038;p=1622"},"modified":"2019-07-29T12:25:34","modified_gmt":"2019-07-29T15:25:34","slug":"cupinicida-zodrin-400ce","status":"publish","type":"product","link":"https:\/\/sopassaros.com.br\/index.php\/product\/cupinicida-zodrin-400ce\/","title":{"rendered":"CUPINICIDA ZODRIN 400CE"},"content":{"rendered":"<p><strong>INDICA\u00c7\u00c3O DE USO<\/strong><\/p>\n<ul class=\"list-praga\">\n<li><a href=\"https:\/\/kelldrin.com.br\/produto\/cupinicida-zodrin-400ce\/#\"><img decoding=\"async\" class=\"lazyloaded\" src=\"https:\/\/kelldrin.com.br\/wp-content\/themes\/kelldrin-bmd\/img\/products_pragas\/thumb\/cupim.png\" data-lazy-src=\"https:\/\/kelldrin.com.br\/wp-content\/themes\/kelldrin-bmd\/img\/products_pragas\/thumb\/cupim.png\" data-was-processed=\"true\" \/>Cupim<\/a><\/li>\n<li><a href=\"https:\/\/kelldrin.com.br\/produto\/cupinicida-zodrin-400ce\/#\"><img decoding=\"async\" class=\"lazyloaded\" src=\"https:\/\/kelldrin.com.br\/wp-content\/themes\/kelldrin-bmd\/img\/products_pragas\/thumb\/formiga.png\" data-lazy-src=\"https:\/\/kelldrin.com.br\/wp-content\/themes\/kelldrin-bmd\/img\/products_pragas\/thumb\/formiga.png\" data-was-processed=\"true\" \/>Formiga<\/a><\/li>\n<li><a href=\"https:\/\/kelldrin.com.br\/produto\/cupinicida-zodrin-400ce\/#\"><img decoding=\"async\" class=\"lazyloaded\" src=\"https:\/\/kelldrin.com.br\/wp-content\/themes\/kelldrin-bmd\/img\/products_pragas\/thumb\/formiga-cortadeira.png\" data-lazy-src=\"https:\/\/kelldrin.com.br\/wp-content\/themes\/kelldrin-bmd\/img\/products_pragas\/thumb\/formiga-cortadeira.png\" data-was-processed=\"true\" \/>Formiga Cortadeira<\/a><\/li>\n<\/ul>\n<p><strong>PRINC\u00cdPIO ATIVO:<\/strong><br \/>\nCipermetrina.<\/p>\n<p><strong>INDICA\u00c7\u00c3O:<br \/>\n<\/strong>CUPINICIDA ZODRIN 400CE \u00e9 indicado para o controle de cupins em resid\u00eancias, edif\u00edcios, ind\u00fastrias, galp\u00f5es e estabelecimentos comerciais.<\/p>\n<p><strong>MODO DE USAR:<br \/>\n<\/strong>Pulverizar o produto CUPINICIDA ZODRIN 400CE sobre as superficies a serem tratadas. Efetue a aplica\u00e7\u00e3o no local a ser tratado, como arm\u00e1rios, roupeiros, rodap\u00e9s, rachaduras em paredes, balc\u00f5es e atr\u00e1s e debaixo de pias.<\/p>\n<p><strong>APRESENTA\u00c7\u00c3O:<br \/>\n<\/strong>12x1L<br \/>\n25x100ml<\/p>\n","protected":false},"excerpt":{"rendered":"<p>INDICA\u00c7\u00c3O DE USO Cupim Formiga Formiga Cortadeira PRINC\u00cdPIO ATIVO: Cipermetrina. INDICA\u00c7\u00c3O: CUPINICIDA ZODRIN 400CE \u00e9 indicado para o controle de cupins em resid\u00eancias, edif\u00edcios, ind\u00fastrias, galp\u00f5es e estabelecimentos comerciais. MODO DE USAR: Pulverizar o produto CUPINICIDA ZODRIN 400CE sobre as superficies a serem tratadas. Efetue a aplica\u00e7\u00e3o no local a ser tratado, como arm\u00e1rios, roupeiros, [&hellip;]<\/p>\n","protected":false},"featured_media":1623,"template":"","meta":{"_monsterinsights_skip_tracking":false,"_monsterinsights_sitenote_active":false,"_monsterinsights_sitenote_note":"","_monsterinsights_sitenote_category":0},"product_brand":[],"product_cat":[123,127],"product_tag":[272,273],"class_list":{"0":"post-1622","1":"product","2":"type-product","3":"status-publish","4":"has-post-thumbnail","6":"product_cat-medicamento","7":"product_cat-medicamentos","8":"product_tag-inseticida","9":"product_tag-kelldrin","11":"first","12":"instock","13":"shipping-taxable","14":"product-type-simple"},"aioseo_notices":[],"_links":{"self":[{"href":"https:\/\/sopassaros.com.br\/index.php\/wp-json\/wp\/v2\/product\/1622","targetHints":{"allow":["GET"]}}],"collection":[{"href":"https:\/\/sopassaros.com.br\/index.php\/wp-json\/wp\/v2\/product"}],"about":[{"href":"https:\/\/sopassaros.com.br\/index.php\/wp-json\/wp\/v2\/types\/product"}],"wp:featuredmedia":[{"embeddable":true,"href":"https:\/\/sopassaros.com.br\/index.php\/wp-json\/wp\/v2\/media\/1623"}],"wp:attachment":[{"href":"https:\/\/sopassaros.com.br\/index.php\/wp-json\/wp\/v2\/media?parent=1622"}],"wp:term":[{"taxonomy":"product_brand","embeddable":true,"href":"https:\/\/sopassaros.com.br\/index.php\/wp-json\/wp\/v2\/product_brand?post=1622"},{"taxonomy":"product_cat","embeddable":true,"href":"https:\/\/sopassaros.com.br\/index.php\/wp-json\/wp\/v2\/product_cat?post=1622"},{"taxonomy":"product_tag","embeddable":true,"href":"https:\/\/sopassaros.com.br\/index.php\/wp-json\/wp\/v2\/product_tag?post=1622"}],"curies":[{"name":"wp","href":"https:\/\/api.w.org\/{rel}","templated":true}]}}