{"id":1632,"date":"2019-07-30T00:40:56","date_gmt":"2019-07-30T03:40:56","guid":{"rendered":"http:\/\/sopassaros.com.br\/?post_type=product&#038;p=1632"},"modified":"2019-07-30T00:42:56","modified_gmt":"2019-07-30T03:42:56","slug":"poderoso-mosquicida-gel","status":"publish","type":"product","link":"https:\/\/sopassaros.com.br\/index.php\/product\/poderoso-mosquicida-gel\/","title":{"rendered":"PODEROSO MOSQUICIDA GEL"},"content":{"rendered":"<p><strong>INDICA\u00c7\u00c3O DE USO<\/strong><\/p>\n<ul class=\"list-praga\">\n<li><a href=\"https:\/\/kelldrin.com.br\/produto\/poderoso-mosquicida-gel\/#\"><img decoding=\"async\" class=\"lazyloaded\" src=\"https:\/\/kelldrin.com.br\/wp-content\/themes\/kelldrin-bmd\/img\/products_pragas\/thumb\/mosca.png\" data-lazy-src=\"https:\/\/kelldrin.com.br\/wp-content\/themes\/kelldrin-bmd\/img\/products_pragas\/thumb\/mosca.png\" data-was-processed=\"true\" \/>Mosca<\/a><\/li>\n<li><a href=\"https:\/\/kelldrin.com.br\/produto\/poderoso-mosquicida-gel\/#\"><img decoding=\"async\" class=\"lazyloaded\" src=\"https:\/\/kelldrin.com.br\/wp-content\/themes\/kelldrin-bmd\/img\/products_pragas\/thumb\/mosquito.png\" data-lazy-src=\"https:\/\/kelldrin.com.br\/wp-content\/themes\/kelldrin-bmd\/img\/products_pragas\/thumb\/mosquito.png\" data-was-processed=\"true\" \/>Mosquito<\/a><\/li>\n<\/ul>\n<p><strong>PRINC\u00cdPIO ATIVO:<br \/>\n<\/strong>Imidacloprid.<\/p>\n<p><strong>INDICA\u00c7\u00c3O:<br \/>\n<\/strong>PODEROSO MOSQUICIDA GEL \u00e9 um inseticida com atrativo indicado para o combate \u00e0s moscas dom\u00e9sticas (Musca domestica L.) com a\u00e7\u00e3o de contato e ingest\u00e3o. Aplica\u00e7\u00e3o em resid\u00eancias, edif\u00edcios p\u00fablicos, ind\u00fastrias, estabelecimentos comerciais, hospitais, restaurantes, dep\u00f3sitos, hot\u00e9is e armaz\u00e9ns.<\/p>\n<p><strong>MODO DE USAR:<br \/>\n<\/strong>Para aplicar Poderoso Mosquicida Gel, basta pressionar o embolo formando pequenos filetes a cada 10cm de dist\u00e2ncia, nos locais onde as moscas pousam.<\/p>\n<p><strong>PONTOS DE APLICA\u00c7\u00c3O:<br \/>\n<\/strong>Aplique o produto nos locais onde as moscas pousam.<\/p>\n<p>Obs.: N\u00e3o aplicar ao mesmo tempo com pulveriza\u00e7\u00e3o l\u00edquidas convencionais.<\/p>\n<p><strong>APRESENTA\u00c7\u00c3O:<br \/>\n<\/strong>24x10grs<br \/>\n12x10grs<\/p>\n","protected":false},"excerpt":{"rendered":"<p>INDICA\u00c7\u00c3O DE USO Mosca Mosquito PRINC\u00cdPIO ATIVO: Imidacloprid. INDICA\u00c7\u00c3O: PODEROSO MOSQUICIDA GEL \u00e9 um inseticida com atrativo indicado para o combate \u00e0s moscas dom\u00e9sticas (Musca domestica L.) com a\u00e7\u00e3o de contato e ingest\u00e3o. Aplica\u00e7\u00e3o em resid\u00eancias, edif\u00edcios p\u00fablicos, ind\u00fastrias, estabelecimentos comerciais, hospitais, restaurantes, dep\u00f3sitos, hot\u00e9is e armaz\u00e9ns. MODO DE USAR: Para aplicar Poderoso Mosquicida Gel, [&hellip;]<\/p>\n","protected":false},"featured_media":1633,"template":"","meta":{"_monsterinsights_skip_tracking":false,"_monsterinsights_sitenote_active":false,"_monsterinsights_sitenote_note":"","_monsterinsights_sitenote_category":0},"product_brand":[],"product_cat":[123,127],"product_tag":[272,273],"class_list":{"0":"post-1632","1":"product","2":"type-product","3":"status-publish","4":"has-post-thumbnail","6":"product_cat-medicamento","7":"product_cat-medicamentos","8":"product_tag-inseticida","9":"product_tag-kelldrin","11":"first","12":"instock","13":"shipping-taxable","14":"product-type-simple"},"aioseo_notices":[],"_links":{"self":[{"href":"https:\/\/sopassaros.com.br\/index.php\/wp-json\/wp\/v2\/product\/1632","targetHints":{"allow":["GET"]}}],"collection":[{"href":"https:\/\/sopassaros.com.br\/index.php\/wp-json\/wp\/v2\/product"}],"about":[{"href":"https:\/\/sopassaros.com.br\/index.php\/wp-json\/wp\/v2\/types\/product"}],"wp:featuredmedia":[{"embeddable":true,"href":"https:\/\/sopassaros.com.br\/index.php\/wp-json\/wp\/v2\/media\/1633"}],"wp:attachment":[{"href":"https:\/\/sopassaros.com.br\/index.php\/wp-json\/wp\/v2\/media?parent=1632"}],"wp:term":[{"taxonomy":"product_brand","embeddable":true,"href":"https:\/\/sopassaros.com.br\/index.php\/wp-json\/wp\/v2\/product_brand?post=1632"},{"taxonomy":"product_cat","embeddable":true,"href":"https:\/\/sopassaros.com.br\/index.php\/wp-json\/wp\/v2\/product_cat?post=1632"},{"taxonomy":"product_tag","embeddable":true,"href":"https:\/\/sopassaros.com.br\/index.php\/wp-json\/wp\/v2\/product_tag?post=1632"}],"curies":[{"name":"wp","href":"https:\/\/api.w.org\/{rel}","templated":true}]}}