{"id":1638,"date":"2019-07-30T00:48:35","date_gmt":"2019-07-30T03:48:35","guid":{"rendered":"http:\/\/sopassaros.com.br\/?post_type=product&#038;p=1638"},"modified":"2024-03-20T07:21:21","modified_gmt":"2024-03-20T10:21:21","slug":"espanta-pombos-morcegos-e-pardais","status":"publish","type":"product","link":"https:\/\/sopassaros.com.br\/index.php\/product\/espanta-pombos-morcegos-e-pardais\/","title":{"rendered":"ESPANTA POMBOS, MORCEGOS E PARDAIS"},"content":{"rendered":"<p><strong>INDICA\u00c7\u00c3O DE USO<\/strong><\/p>\n<ul class=\"list-praga\">\n<li><a href=\"https:\/\/kelldrin.com.br\/produto\/produto-espanta-pombos-morcegos\/#\"><img decoding=\"async\" class=\"lazyloaded\" src=\"https:\/\/kelldrin.com.br\/wp-content\/themes\/kelldrin-bmd\/img\/products_pragas\/thumb\/morcego.png\" data-lazy-src=\"https:\/\/kelldrin.com.br\/wp-content\/themes\/kelldrin-bmd\/img\/products_pragas\/thumb\/morcego.png\" data-was-processed=\"true\" \/>Morcego<\/a><\/li>\n<li><a href=\"https:\/\/kelldrin.com.br\/produto\/produto-espanta-pombos-morcegos\/#\"><img decoding=\"async\" class=\"error\" src=\"https:\/\/kelldrin.com.br\/wp-content\/themes\/kelldrin-bmd\/img\/products_pragas\/thumb\/pardal.png\" data-lazy-src=\"https:\/\/kelldrin.com.br\/wp-content\/themes\/kelldrin-bmd\/img\/products_pragas\/thumb\/pardal.png\" data-was-processed=\"true\" \/>Pardal<\/a><\/li>\n<li><a href=\"https:\/\/kelldrin.com.br\/produto\/produto-espanta-pombos-morcegos\/#\"><img decoding=\"async\" class=\"lazyloaded\" src=\"https:\/\/kelldrin.com.br\/wp-content\/themes\/kelldrin-bmd\/img\/products_pragas\/thumb\/pombo.png\" data-lazy-src=\"https:\/\/kelldrin.com.br\/wp-content\/themes\/kelldrin-bmd\/img\/products_pragas\/thumb\/pombo.png\" data-was-processed=\"true\" \/>Pombo<\/a><\/li>\n<\/ul>\n<p><strong>PRINC\u00cdPIO ATIVO:<br \/>\n<\/strong>Polisobutileno.<\/p>\n<p><strong>INDICA\u00c7\u00c3O:<br \/>\n<\/strong>ESPANTA POMBOS E MORCEGOS \u00e9 um produto indicado para repelir pombos e morcegos. Sua caracter\u00edsticas pegajosa gera inc\u00f4modo ao pousarem sobre a \u00e1rea tratada. Em consequ\u00eancia disso, buscam uma nova \u00e1rea de pouso, sem causar nenhum dano ou sequela sobre eles.<\/p>\n<p>O produto tamb\u00e9m pode ser utilizado para manuten\u00e7\u00e3o de infesta\u00e7\u00e3o de formigas, sendo aplicado nos locais de passagem que limita o acesso e a a\u00e7\u00e3o delas.<\/p>\n<p><strong>MODO DE USAR:<br \/>\n<\/strong>Abrir a bisnaga a 2cm da ponta. Rosquear o bico dosador na bisnaga. Identificar os locais de pouso das pombas e morcegos. Limpar adequadamente a superf\u00edcie a ser tratada utilizando luvas e m\u00e1scara. POMBOS e MORCEGOS: Aplicar em forma linear ou zigue-zague em filete de aproximadamente 2mm de espessura. FORMIGAS: Aplicar um filete de 2mm de espessura em torno do caule das plantas, vasos ou local de passagem.<\/p>\n<p><strong>APRESENTA\u00c7\u00c3O:<br \/>\n<\/strong>6x265grs<br \/>\n6x200grs<\/p>\n","protected":false},"excerpt":{"rendered":"<p>INDICA\u00c7\u00c3O DE USO Morcego Pardal Pombo PRINC\u00cdPIO ATIVO: Polisobutileno. INDICA\u00c7\u00c3O: ESPANTA POMBOS E MORCEGOS \u00e9 um produto indicado para repelir pombos e morcegos. Sua caracter\u00edsticas pegajosa gera inc\u00f4modo ao pousarem sobre a \u00e1rea tratada. Em consequ\u00eancia disso, buscam uma nova \u00e1rea de pouso, sem causar nenhum dano ou sequela sobre eles. O produto tamb\u00e9m pode [&hellip;]<\/p>\n","protected":false},"featured_media":1639,"template":"","meta":{"_monsterinsights_skip_tracking":false,"_monsterinsights_sitenote_active":false,"_monsterinsights_sitenote_note":"","_monsterinsights_sitenote_category":0},"product_brand":[],"product_cat":[123,127],"product_tag":[273],"class_list":{"0":"post-1638","1":"product","2":"type-product","3":"status-publish","4":"has-post-thumbnail","6":"product_cat-medicamento","7":"product_cat-medicamentos","8":"product_tag-kelldrin","10":"first","11":"instock","12":"shipping-taxable","13":"product-type-simple"},"aioseo_notices":[],"_links":{"self":[{"href":"https:\/\/sopassaros.com.br\/index.php\/wp-json\/wp\/v2\/product\/1638","targetHints":{"allow":["GET"]}}],"collection":[{"href":"https:\/\/sopassaros.com.br\/index.php\/wp-json\/wp\/v2\/product"}],"about":[{"href":"https:\/\/sopassaros.com.br\/index.php\/wp-json\/wp\/v2\/types\/product"}],"wp:featuredmedia":[{"embeddable":true,"href":"https:\/\/sopassaros.com.br\/index.php\/wp-json\/wp\/v2\/media\/1639"}],"wp:attachment":[{"href":"https:\/\/sopassaros.com.br\/index.php\/wp-json\/wp\/v2\/media?parent=1638"}],"wp:term":[{"taxonomy":"product_brand","embeddable":true,"href":"https:\/\/sopassaros.com.br\/index.php\/wp-json\/wp\/v2\/product_brand?post=1638"},{"taxonomy":"product_cat","embeddable":true,"href":"https:\/\/sopassaros.com.br\/index.php\/wp-json\/wp\/v2\/product_cat?post=1638"},{"taxonomy":"product_tag","embeddable":true,"href":"https:\/\/sopassaros.com.br\/index.php\/wp-json\/wp\/v2\/product_tag?post=1638"}],"curies":[{"name":"wp","href":"https:\/\/api.w.org\/{rel}","templated":true}]}}