{"id":1647,"date":"2019-08-06T09:18:02","date_gmt":"2019-08-06T12:18:02","guid":{"rendered":"http:\/\/sopassaros.com.br\/?post_type=product&#038;p=1647"},"modified":"2019-08-06T09:20:25","modified_gmt":"2019-08-06T12:20:25","slug":"kelldrin-sc25","status":"publish","type":"product","link":"https:\/\/sopassaros.com.br\/index.php\/product\/kelldrin-sc25\/","title":{"rendered":"KELLDRIN SC25"},"content":{"rendered":"<p><strong>INDICA\u00c7\u00c3O DE USO<\/strong><\/p>\n<ul class=\"list-praga\">\n<li><a href=\"https:\/\/kelldrin.com.br\/produto\/kelldrin-sc25\/#\"><img decoding=\"async\" class=\"lazyloaded\" src=\"https:\/\/kelldrin.com.br\/wp-content\/themes\/kelldrin-bmd\/img\/products_pragas\/thumb\/aranha.png\" data-lazy-src=\"https:\/\/kelldrin.com.br\/wp-content\/themes\/kelldrin-bmd\/img\/products_pragas\/thumb\/aranha.png\" data-was-processed=\"true\" \/>Aranha<\/a><\/li>\n<li><a href=\"https:\/\/kelldrin.com.br\/produto\/kelldrin-sc25\/#\"><img decoding=\"async\" class=\"lazyloaded\" src=\"https:\/\/kelldrin.com.br\/wp-content\/themes\/kelldrin-bmd\/img\/products_pragas\/thumb\/barata.png\" data-lazy-src=\"https:\/\/kelldrin.com.br\/wp-content\/themes\/kelldrin-bmd\/img\/products_pragas\/thumb\/barata.png\" data-was-processed=\"true\" \/>Barata<\/a><\/li>\n<li><a href=\"https:\/\/kelldrin.com.br\/produto\/kelldrin-sc25\/#\"><img decoding=\"async\" class=\"lazyloaded\" src=\"https:\/\/kelldrin.com.br\/wp-content\/themes\/kelldrin-bmd\/img\/products_pragas\/thumb\/carrapato.png\" data-lazy-src=\"https:\/\/kelldrin.com.br\/wp-content\/themes\/kelldrin-bmd\/img\/products_pragas\/thumb\/carrapato.png\" data-was-processed=\"true\" \/>Carrapato<\/a><\/li>\n<li><a href=\"https:\/\/kelldrin.com.br\/produto\/kelldrin-sc25\/#\"><img decoding=\"async\" class=\"lazyloaded\" src=\"https:\/\/kelldrin.com.br\/wp-content\/themes\/kelldrin-bmd\/img\/products_pragas\/thumb\/cupim.png\" data-lazy-src=\"https:\/\/kelldrin.com.br\/wp-content\/themes\/kelldrin-bmd\/img\/products_pragas\/thumb\/cupim.png\" data-was-processed=\"true\" \/>Cupim<\/a><\/li>\n<li><a href=\"https:\/\/kelldrin.com.br\/produto\/kelldrin-sc25\/#\"><img decoding=\"async\" class=\"lazyloaded\" src=\"https:\/\/kelldrin.com.br\/wp-content\/themes\/kelldrin-bmd\/img\/products_pragas\/thumb\/escorpiao.png\" data-lazy-src=\"https:\/\/kelldrin.com.br\/wp-content\/themes\/kelldrin-bmd\/img\/products_pragas\/thumb\/escorpiao.png\" data-was-processed=\"true\" \/>Escorpi\u00e3o<\/a><\/li>\n<li><a href=\"https:\/\/kelldrin.com.br\/produto\/kelldrin-sc25\/#\"><img decoding=\"async\" class=\"lazyloaded\" src=\"https:\/\/kelldrin.com.br\/wp-content\/themes\/kelldrin-bmd\/img\/products_pragas\/thumb\/formiga.png\" data-lazy-src=\"https:\/\/kelldrin.com.br\/wp-content\/themes\/kelldrin-bmd\/img\/products_pragas\/thumb\/formiga.png\" data-was-processed=\"true\" \/>Formiga<\/a><\/li>\n<li><a href=\"https:\/\/kelldrin.com.br\/produto\/kelldrin-sc25\/#\"><img decoding=\"async\" class=\"error\" src=\"https:\/\/kelldrin.com.br\/wp-content\/themes\/kelldrin-bmd\/img\/products_pragas\/thumb\/lagartas.png\" data-lazy-src=\"https:\/\/kelldrin.com.br\/wp-content\/themes\/kelldrin-bmd\/img\/products_pragas\/thumb\/lagartas.png\" data-was-processed=\"true\" \/>Lagartas<\/a><\/li>\n<li><a href=\"https:\/\/kelldrin.com.br\/produto\/kelldrin-sc25\/#\"><img decoding=\"async\" class=\"lazyloaded\" src=\"https:\/\/kelldrin.com.br\/wp-content\/themes\/kelldrin-bmd\/img\/products_pragas\/thumb\/pulga.png\" data-lazy-src=\"https:\/\/kelldrin.com.br\/wp-content\/themes\/kelldrin-bmd\/img\/products_pragas\/thumb\/pulga.png\" data-was-processed=\"true\" \/>Pulga<\/a><\/li>\n<li><a href=\"https:\/\/kelldrin.com.br\/produto\/kelldrin-sc25\/#\"><img decoding=\"async\" class=\"error\" src=\"https:\/\/kelldrin.com.br\/wp-content\/themes\/kelldrin-bmd\/img\/products_pragas\/thumb\/pulgao.png\" data-lazy-src=\"https:\/\/kelldrin.com.br\/wp-content\/themes\/kelldrin-bmd\/img\/products_pragas\/thumb\/pulgao.png\" data-was-processed=\"true\" \/>Pulg\u00e3o<\/a><\/li>\n<li><a href=\"https:\/\/kelldrin.com.br\/produto\/kelldrin-sc25\/#\"><img decoding=\"async\" class=\"lazyloaded\" src=\"https:\/\/kelldrin.com.br\/wp-content\/themes\/kelldrin-bmd\/img\/products_pragas\/thumb\/traca.png\" data-lazy-src=\"https:\/\/kelldrin.com.br\/wp-content\/themes\/kelldrin-bmd\/img\/products_pragas\/thumb\/traca.png\" data-was-processed=\"true\" \/>Tra\u00e7a<\/a><\/li>\n<\/ul>\n<p><strong>PRINC\u00cdPIO ATIVO:<br \/>\n<\/strong>Lambda-Cialotrina<\/p>\n<p><strong>INDICA\u00c7\u00c3O:<br \/>\n<\/strong>\u00c9 eficaz no controle de Formigas, Lagartas, Pulg\u00f5es, Baratas, Aranhas, Escorpi\u00f5es, Cupins, Carrapatos, Pulgas e Tra\u00e7as<\/p>\n<p><strong>MODO DE USAR:<br \/>\n<\/strong>Diluir 30ml do KELLDRIN SC 25 em 1 litro de \u00e1gua. Misturar at\u00e9 formar uma pr\u00e9 mistura homog\u00eanea. Colocar esta solu\u00e7\u00e3o no pulverizador, agitando sempre. Aplicar o produto a uma dist\u00e2ncia media de 40cm da superf\u00edcie a ser pulverizada.<\/p>\n<p><strong>APRESENTA\u00c7\u00c3O:<\/strong><br \/>\n2x25x30ml<br \/>\n1x25x30ml<\/p>\n","protected":false},"excerpt":{"rendered":"<p>INDICA\u00c7\u00c3O DE USO Aranha Barata Carrapato Cupim Escorpi\u00e3o Formiga Lagartas Pulga Pulg\u00e3o Tra\u00e7a PRINC\u00cdPIO ATIVO: Lambda-Cialotrina INDICA\u00c7\u00c3O: \u00c9 eficaz no controle de Formigas, Lagartas, Pulg\u00f5es, Baratas, Aranhas, Escorpi\u00f5es, Cupins, Carrapatos, Pulgas e Tra\u00e7as MODO DE USAR: Diluir 30ml do KELLDRIN SC 25 em 1 litro de \u00e1gua. Misturar at\u00e9 formar uma pr\u00e9 mistura homog\u00eanea. Colocar [&hellip;]<\/p>\n","protected":false},"featured_media":1648,"template":"","meta":{"_monsterinsights_skip_tracking":false,"_monsterinsights_sitenote_active":false,"_monsterinsights_sitenote_note":"","_monsterinsights_sitenote_category":0},"product_brand":[],"product_cat":[123,127],"product_tag":[273],"class_list":{"0":"post-1647","1":"product","2":"type-product","3":"status-publish","4":"has-post-thumbnail","6":"product_cat-medicamento","7":"product_cat-medicamentos","8":"product_tag-kelldrin","10":"first","11":"instock","12":"shipping-taxable","13":"product-type-simple"},"aioseo_notices":[],"_links":{"self":[{"href":"https:\/\/sopassaros.com.br\/index.php\/wp-json\/wp\/v2\/product\/1647","targetHints":{"allow":["GET"]}}],"collection":[{"href":"https:\/\/sopassaros.com.br\/index.php\/wp-json\/wp\/v2\/product"}],"about":[{"href":"https:\/\/sopassaros.com.br\/index.php\/wp-json\/wp\/v2\/types\/product"}],"wp:featuredmedia":[{"embeddable":true,"href":"https:\/\/sopassaros.com.br\/index.php\/wp-json\/wp\/v2\/media\/1648"}],"wp:attachment":[{"href":"https:\/\/sopassaros.com.br\/index.php\/wp-json\/wp\/v2\/media?parent=1647"}],"wp:term":[{"taxonomy":"product_brand","embeddable":true,"href":"https:\/\/sopassaros.com.br\/index.php\/wp-json\/wp\/v2\/product_brand?post=1647"},{"taxonomy":"product_cat","embeddable":true,"href":"https:\/\/sopassaros.com.br\/index.php\/wp-json\/wp\/v2\/product_cat?post=1647"},{"taxonomy":"product_tag","embeddable":true,"href":"https:\/\/sopassaros.com.br\/index.php\/wp-json\/wp\/v2\/product_tag?post=1647"}],"curies":[{"name":"wp","href":"https:\/\/api.w.org\/{rel}","templated":true}]}}