{"id":1653,"date":"2019-08-06T09:26:47","date_gmt":"2019-08-06T12:26:47","guid":{"rendered":"http:\/\/sopassaros.com.br\/?post_type=product&#038;p=1653"},"modified":"2019-08-06T09:26:47","modified_gmt":"2019-08-06T12:26:47","slug":"lesmicida-5","status":"publish","type":"product","link":"https:\/\/sopassaros.com.br\/index.php\/product\/lesmicida-5\/","title":{"rendered":"LESMICIDA 5%"},"content":{"rendered":"<p><strong>INDICA\u00c7\u00c3O DE USO<\/strong><\/p>\n<ul class=\"list-praga\">\n<li><a href=\"https:\/\/kelldrin.com.br\/produto\/lesmicida\/#\"><img decoding=\"async\" class=\"error\" src=\"https:\/\/kelldrin.com.br\/wp-content\/themes\/kelldrin-bmd\/img\/products_pragas\/thumb\/caracois.png\" data-lazy-src=\"https:\/\/kelldrin.com.br\/wp-content\/themes\/kelldrin-bmd\/img\/products_pragas\/thumb\/caracois.png\" data-was-processed=\"true\" \/>Carac\u00f3is<\/a><\/li>\n<li><a href=\"https:\/\/kelldrin.com.br\/produto\/lesmicida\/#\"><img decoding=\"async\" class=\"lazyloaded\" src=\"https:\/\/kelldrin.com.br\/wp-content\/themes\/kelldrin-bmd\/img\/products_pragas\/thumb\/lesma.png\" data-lazy-src=\"https:\/\/kelldrin.com.br\/wp-content\/themes\/kelldrin-bmd\/img\/products_pragas\/thumb\/lesma.png\" data-was-processed=\"true\" \/>Lesma<\/a><\/li>\n<\/ul>\n<p><strong>PRINC\u00cdPIO ATIVO:<br \/>\n<\/strong>Metalde\u00eddo.<\/p>\n<p><strong>INDICA\u00c7\u00c3O:<br \/>\n<\/strong>Lesmicida 5% \u00e9 uma isca granulada com atrativo resistente a \u00e1gua indicado no controle de lesmas e carac\u00f3is. Aplica\u00e7\u00e3o em resid\u00eancias, edif\u00edcios, ind\u00fastrias, estabelecimentos comerciais, hospitais, restaurantes, dep\u00f3sitos, hot\u00e9is e armaz\u00e9ns.<\/p>\n<p><strong>MODO DE USAR:<br \/>\n<\/strong>Aplicar 1g\/m2 do LESMICIDA 5% fazendo mont\u00edculos distanciados de 0,8 a 1,0 metro em todos os sentidos. Evitar o contato direto com as m\u00e3os. Em caso de grandes infesta\u00e7\u00f5es repetir a aplica\u00e7\u00e3o ap\u00f3s 7 a 10 dias. Observa\u00e7\u00e3o: Aplica\u00e7\u00e3o localizada no solo, sem contato com as plantas em culturas de hortali\u00e7as, frut\u00edferas e caf\u00e9.<\/p>\n<p><strong>APRESENTA\u00c7\u00c3O:<br \/>\n<\/strong>10x4x250grs (econ\u00f4mica)<br \/>\n10x6x250grs (Display)<br \/>\n10x25x50grs (Display)<br \/>\nSaco 10 kg<br \/>\nSaco 20 kg<\/p>\n","protected":false},"excerpt":{"rendered":"<p>INDICA\u00c7\u00c3O DE USO Carac\u00f3is Lesma PRINC\u00cdPIO ATIVO: Metalde\u00eddo. INDICA\u00c7\u00c3O: Lesmicida 5% \u00e9 uma isca granulada com atrativo resistente a \u00e1gua indicado no controle de lesmas e carac\u00f3is. Aplica\u00e7\u00e3o em resid\u00eancias, edif\u00edcios, ind\u00fastrias, estabelecimentos comerciais, hospitais, restaurantes, dep\u00f3sitos, hot\u00e9is e armaz\u00e9ns. MODO DE USAR: Aplicar 1g\/m2 do LESMICIDA 5% fazendo mont\u00edculos distanciados de 0,8 a 1,0 [&hellip;]<\/p>\n","protected":false},"featured_media":1654,"template":"","meta":{"_monsterinsights_skip_tracking":false,"_monsterinsights_sitenote_active":false,"_monsterinsights_sitenote_note":"","_monsterinsights_sitenote_category":0},"product_brand":[],"product_cat":[123,127],"product_tag":[273],"class_list":{"0":"post-1653","1":"product","2":"type-product","3":"status-publish","4":"has-post-thumbnail","6":"product_cat-medicamento","7":"product_cat-medicamentos","8":"product_tag-kelldrin","10":"first","11":"instock","12":"shipping-taxable","13":"product-type-simple"},"aioseo_notices":[],"_links":{"self":[{"href":"https:\/\/sopassaros.com.br\/index.php\/wp-json\/wp\/v2\/product\/1653","targetHints":{"allow":["GET"]}}],"collection":[{"href":"https:\/\/sopassaros.com.br\/index.php\/wp-json\/wp\/v2\/product"}],"about":[{"href":"https:\/\/sopassaros.com.br\/index.php\/wp-json\/wp\/v2\/types\/product"}],"wp:featuredmedia":[{"embeddable":true,"href":"https:\/\/sopassaros.com.br\/index.php\/wp-json\/wp\/v2\/media\/1654"}],"wp:attachment":[{"href":"https:\/\/sopassaros.com.br\/index.php\/wp-json\/wp\/v2\/media?parent=1653"}],"wp:term":[{"taxonomy":"product_brand","embeddable":true,"href":"https:\/\/sopassaros.com.br\/index.php\/wp-json\/wp\/v2\/product_brand?post=1653"},{"taxonomy":"product_cat","embeddable":true,"href":"https:\/\/sopassaros.com.br\/index.php\/wp-json\/wp\/v2\/product_cat?post=1653"},{"taxonomy":"product_tag","embeddable":true,"href":"https:\/\/sopassaros.com.br\/index.php\/wp-json\/wp\/v2\/product_tag?post=1653"}],"curies":[{"name":"wp","href":"https:\/\/api.w.org\/{rel}","templated":true}]}}