{"id":1655,"date":"2019-08-06T09:28:24","date_gmt":"2019-08-06T12:28:24","guid":{"rendered":"http:\/\/sopassaros.com.br\/?post_type=product&#038;p=1655"},"modified":"2019-08-06T09:28:24","modified_gmt":"2019-08-06T12:28:24","slug":"kellmicida-granulado","status":"publish","type":"product","link":"https:\/\/sopassaros.com.br\/index.php\/product\/kellmicida-granulado\/","title":{"rendered":"KELLMICIDA GRANULADO"},"content":{"rendered":"<p><strong>INDICA\u00c7\u00c3O DE USO<\/strong><\/p>\n<ul class=\"list-praga\">\n<li><a href=\"https:\/\/kelldrin.com.br\/produto\/kellmicida-granulado\/#\"><img decoding=\"async\" class=\"lazyloaded\" src=\"https:\/\/kelldrin.com.br\/wp-content\/themes\/kelldrin-bmd\/img\/products_pragas\/thumb\/formiga-cortadeira.png\" data-lazy-src=\"https:\/\/kelldrin.com.br\/wp-content\/themes\/kelldrin-bmd\/img\/products_pragas\/thumb\/formiga-cortadeira.png\" data-was-processed=\"true\" \/>Formiga Cortadeira<\/a><\/li>\n<\/ul>\n<p><strong>PRINCIPIO ATIVIO:<\/strong><br \/>\nSulfluramida<\/p>\n<p><strong>INDICA\u00c7\u00c3O:<\/strong><br \/>\nKELLMICIDA ISCA GRANULADA \u00e9 indicada para o combate de formigas (sa\u00favas e quenqu\u00e9ns).<\/p>\n<p><strong>MODO DE USAR:<\/strong><br \/>\nDistribuir 10g\/m2 de KELLMICIDA ISCA GRANULADA em mont\u00edculos ao lado do carreiro das formigas ou olheiros, distante 20cm, nunca interrompendo a trilha ou lan\u00e7ando dentro do olheiro pois ocorrer\u00e1 a rejei\u00e7\u00e3o, evitar a aplica\u00e7\u00e3o nas horas quentes do dia e em dias chuvosos.<\/p>\n<p><strong>APRESENTA\u00c7\u00c3O:<\/strong><br \/>\n40x10x50grs (econ\u00f4mica)<\/p>\n","protected":false},"excerpt":{"rendered":"<p>INDICA\u00c7\u00c3O DE USO Formiga Cortadeira PRINCIPIO ATIVIO: Sulfluramida INDICA\u00c7\u00c3O: KELLMICIDA ISCA GRANULADA \u00e9 indicada para o combate de formigas (sa\u00favas e quenqu\u00e9ns). MODO DE USAR: Distribuir 10g\/m2 de KELLMICIDA ISCA GRANULADA em mont\u00edculos ao lado do carreiro das formigas ou olheiros, distante 20cm, nunca interrompendo a trilha ou lan\u00e7ando dentro do olheiro pois ocorrer\u00e1 a [&hellip;]<\/p>\n","protected":false},"featured_media":1656,"template":"","meta":{"_monsterinsights_skip_tracking":false,"_monsterinsights_sitenote_active":false,"_monsterinsights_sitenote_note":"","_monsterinsights_sitenote_category":0},"product_brand":[],"product_cat":[123,127],"product_tag":[273],"class_list":{"0":"post-1655","1":"product","2":"type-product","3":"status-publish","4":"has-post-thumbnail","6":"product_cat-medicamento","7":"product_cat-medicamentos","8":"product_tag-kelldrin","10":"first","11":"instock","12":"shipping-taxable","13":"product-type-simple"},"aioseo_notices":[],"_links":{"self":[{"href":"https:\/\/sopassaros.com.br\/index.php\/wp-json\/wp\/v2\/product\/1655","targetHints":{"allow":["GET"]}}],"collection":[{"href":"https:\/\/sopassaros.com.br\/index.php\/wp-json\/wp\/v2\/product"}],"about":[{"href":"https:\/\/sopassaros.com.br\/index.php\/wp-json\/wp\/v2\/types\/product"}],"wp:featuredmedia":[{"embeddable":true,"href":"https:\/\/sopassaros.com.br\/index.php\/wp-json\/wp\/v2\/media\/1656"}],"wp:attachment":[{"href":"https:\/\/sopassaros.com.br\/index.php\/wp-json\/wp\/v2\/media?parent=1655"}],"wp:term":[{"taxonomy":"product_brand","embeddable":true,"href":"https:\/\/sopassaros.com.br\/index.php\/wp-json\/wp\/v2\/product_brand?post=1655"},{"taxonomy":"product_cat","embeddable":true,"href":"https:\/\/sopassaros.com.br\/index.php\/wp-json\/wp\/v2\/product_cat?post=1655"},{"taxonomy":"product_tag","embeddable":true,"href":"https:\/\/sopassaros.com.br\/index.php\/wp-json\/wp\/v2\/product_tag?post=1655"}],"curies":[{"name":"wp","href":"https:\/\/api.w.org\/{rel}","templated":true}]}}