{"id":1677,"date":"2019-08-12T10:18:58","date_gmt":"2019-08-12T13:18:58","guid":{"rendered":"http:\/\/sopassaros.com.br\/?post_type=product&#038;p=1677"},"modified":"2019-08-12T10:18:59","modified_gmt":"2019-08-12T13:18:59","slug":"matt-tiririca","status":"publish","type":"product","link":"https:\/\/sopassaros.com.br\/index.php\/product\/matt-tiririca\/","title":{"rendered":"MATT TIRIRICA"},"content":{"rendered":"<p><strong>INDICA\u00c7\u00c3O DE USO<\/strong><\/p>\n<ul class=\"list-praga\">\n<li><a href=\"https:\/\/kelldrin.com.br\/produto\/matt-tiririca\/#\"><img decoding=\"async\" class=\"error\" src=\"https:\/\/kelldrin.com.br\/wp-content\/themes\/kelldrin-bmd\/img\/products_pragas\/thumb\/tiririca.png\" data-lazy-src=\"https:\/\/kelldrin.com.br\/wp-content\/themes\/kelldrin-bmd\/img\/products_pragas\/thumb\/tiririca.png\" data-was-processed=\"true\" \/>Tiririca<\/a><\/li>\n<\/ul>\n<p><strong>PRINC\u00cdPIO ATIVO:<br \/>\n<\/strong>Imazapir.<\/p>\n<p><strong>INDICA\u00c7\u00c3O:<br \/>\n<\/strong>MATT TIRIRICA \u00e9 eficaz contra planta daninhas, conhecida como tiririca.<\/p>\n<p><strong>MODO DE USAR:<br \/>\n<\/strong>Diluir o frasco do produto (10ml) MATT TIRIRICA DA KELLDRIN em 1 litro de \u00e1gua. Agitar, com cuidado, para homogeneizar a mistura e aplicar com aux\u00edlio de um pulverizador manual ou um regador pl\u00e1stico, a uma dist\u00e2ncia de 40cm, diretamente na planta. Cada solu\u00e7\u00e3o de 1 litro \u00e9 o suficiente para aplicar em 20m2 de \u00e1rea (50ml\/m2). O produto \u00e9 eficaz ap\u00f3s 28 dias de sua aplica\u00e7\u00e3o. USAR IMEDIATAMENTE AP\u00d3S SUA PREPARA\u00c7\u00c3O.<\/p>\n<p><strong>APRESENTA\u00c7\u00c3O:<br \/>\n<\/strong>12 Caixinhas 8X10ml<\/p>\n","protected":false},"excerpt":{"rendered":"<p>INDICA\u00c7\u00c3O DE USO Tiririca PRINC\u00cdPIO ATIVO: Imazapir. INDICA\u00c7\u00c3O: MATT TIRIRICA \u00e9 eficaz contra planta daninhas, conhecida como tiririca. MODO DE USAR: Diluir o frasco do produto (10ml) MATT TIRIRICA DA KELLDRIN em 1 litro de \u00e1gua. Agitar, com cuidado, para homogeneizar a mistura e aplicar com aux\u00edlio de um pulverizador manual ou um regador pl\u00e1stico, [&hellip;]<\/p>\n","protected":false},"featured_media":1678,"template":"","meta":{"_monsterinsights_skip_tracking":false,"_monsterinsights_sitenote_active":false,"_monsterinsights_sitenote_note":"","_monsterinsights_sitenote_category":0},"product_brand":[],"product_cat":[123,127],"product_tag":[273],"class_list":{"0":"post-1677","1":"product","2":"type-product","3":"status-publish","4":"has-post-thumbnail","6":"product_cat-medicamento","7":"product_cat-medicamentos","8":"product_tag-kelldrin","10":"first","11":"instock","12":"shipping-taxable","13":"product-type-simple"},"aioseo_notices":[],"_links":{"self":[{"href":"https:\/\/sopassaros.com.br\/index.php\/wp-json\/wp\/v2\/product\/1677","targetHints":{"allow":["GET"]}}],"collection":[{"href":"https:\/\/sopassaros.com.br\/index.php\/wp-json\/wp\/v2\/product"}],"about":[{"href":"https:\/\/sopassaros.com.br\/index.php\/wp-json\/wp\/v2\/types\/product"}],"wp:featuredmedia":[{"embeddable":true,"href":"https:\/\/sopassaros.com.br\/index.php\/wp-json\/wp\/v2\/media\/1678"}],"wp:attachment":[{"href":"https:\/\/sopassaros.com.br\/index.php\/wp-json\/wp\/v2\/media?parent=1677"}],"wp:term":[{"taxonomy":"product_brand","embeddable":true,"href":"https:\/\/sopassaros.com.br\/index.php\/wp-json\/wp\/v2\/product_brand?post=1677"},{"taxonomy":"product_cat","embeddable":true,"href":"https:\/\/sopassaros.com.br\/index.php\/wp-json\/wp\/v2\/product_cat?post=1677"},{"taxonomy":"product_tag","embeddable":true,"href":"https:\/\/sopassaros.com.br\/index.php\/wp-json\/wp\/v2\/product_tag?post=1677"}],"curies":[{"name":"wp","href":"https:\/\/api.w.org\/{rel}","templated":true}]}}