{"id":1679,"date":"2019-08-12T10:20:30","date_gmt":"2019-08-12T13:20:30","guid":{"rendered":"http:\/\/sopassaros.com.br\/?post_type=product&#038;p=1679"},"modified":"2019-08-12T10:20:30","modified_gmt":"2019-08-12T13:20:30","slug":"fungithor","status":"publish","type":"product","link":"https:\/\/sopassaros.com.br\/index.php\/product\/fungithor\/","title":{"rendered":"FUNGITHOR"},"content":{"rendered":"<p><strong>INDICA\u00c7\u00c3O DE USO<\/strong><\/p>\n<ul class=\"list-praga\">\n<li><a href=\"https:\/\/kelldrin.com.br\/produto\/fungithor\/#\"><img decoding=\"async\" class=\"error\" src=\"https:\/\/kelldrin.com.br\/wp-content\/themes\/kelldrin-bmd\/img\/products_pragas\/thumb\/fungos.png\" data-lazy-src=\"https:\/\/kelldrin.com.br\/wp-content\/themes\/kelldrin-bmd\/img\/products_pragas\/thumb\/fungos.png\" data-was-processed=\"true\" \/>Fungos<\/a><\/li>\n<li><a href=\"https:\/\/kelldrin.com.br\/produto\/fungithor\/#\"><img decoding=\"async\" class=\"error\" src=\"https:\/\/kelldrin.com.br\/wp-content\/themes\/kelldrin-bmd\/img\/products_pragas\/thumb\/mancha-negra.png\" data-lazy-src=\"https:\/\/kelldrin.com.br\/wp-content\/themes\/kelldrin-bmd\/img\/products_pragas\/thumb\/mancha-negra.png\" data-was-processed=\"true\" \/>Mancha Negra<\/a><\/li>\n<li><a href=\"https:\/\/kelldrin.com.br\/produto\/fungithor\/#\"><img decoding=\"async\" class=\"error\" src=\"https:\/\/kelldrin.com.br\/wp-content\/themes\/kelldrin-bmd\/img\/products_pragas\/thumb\/oidio.png\" data-lazy-src=\"https:\/\/kelldrin.com.br\/wp-content\/themes\/kelldrin-bmd\/img\/products_pragas\/thumb\/oidio.png\" data-was-processed=\"true\" \/>O\u00eddio<\/a><\/li>\n<\/ul>\n<p><strong>PRINC\u00cdPIO ATIVO:<br \/>\n<\/strong>Difenoconazole 1,67%<\/p>\n<p><strong>INDICA\u00c7\u00c3O:<br \/>\n<\/strong>O FUNGITHOR da KELLDRIN \u00e9 um produto elaborado com difenoconazole, eficaz no controle de mancha negra (diplocarpon rosae) e o\u00eddio (sphaerotheca pannosana) para jardinagem amadora.<\/p>\n<p><strong>MODO DE USAR:<br \/>\n<\/strong>Diluir 10 ml do FUNGITHOR da KELLDRIN para 1 litro de \u00e1gua e com ajuda de um pulverizador manual aplicar sobre manifesta\u00e7\u00e3o dos fungos mancha negra (diplocarpon rosae) e o\u00eddio (sphaerotheca pannosana), at\u00e9 chegar ao escorrimento da calda sobre as folhas. Dose\u00a0 de aplica\u00e7\u00e3o: 30 ml por m2.<\/p>\n<p><strong>APRESENTA\u00c7\u00c3O:<br \/>\n<\/strong>12 caixinhas 8x10ml<\/p>\n","protected":false},"excerpt":{"rendered":"<p>INDICA\u00c7\u00c3O DE USO Fungos Mancha Negra O\u00eddio PRINC\u00cdPIO ATIVO: Difenoconazole 1,67% INDICA\u00c7\u00c3O: O FUNGITHOR da KELLDRIN \u00e9 um produto elaborado com difenoconazole, eficaz no controle de mancha negra (diplocarpon rosae) e o\u00eddio (sphaerotheca pannosana) para jardinagem amadora. MODO DE USAR: Diluir 10 ml do FUNGITHOR da KELLDRIN para 1 litro de \u00e1gua e com ajuda [&hellip;]<\/p>\n","protected":false},"featured_media":1680,"template":"","meta":{"_monsterinsights_skip_tracking":false,"_monsterinsights_sitenote_active":false,"_monsterinsights_sitenote_note":"","_monsterinsights_sitenote_category":0},"product_brand":[],"product_cat":[123,127],"product_tag":[273],"class_list":{"0":"post-1679","1":"product","2":"type-product","3":"status-publish","4":"has-post-thumbnail","6":"product_cat-medicamento","7":"product_cat-medicamentos","8":"product_tag-kelldrin","10":"first","11":"instock","12":"shipping-taxable","13":"product-type-simple"},"aioseo_notices":[],"_links":{"self":[{"href":"https:\/\/sopassaros.com.br\/index.php\/wp-json\/wp\/v2\/product\/1679","targetHints":{"allow":["GET"]}}],"collection":[{"href":"https:\/\/sopassaros.com.br\/index.php\/wp-json\/wp\/v2\/product"}],"about":[{"href":"https:\/\/sopassaros.com.br\/index.php\/wp-json\/wp\/v2\/types\/product"}],"wp:featuredmedia":[{"embeddable":true,"href":"https:\/\/sopassaros.com.br\/index.php\/wp-json\/wp\/v2\/media\/1680"}],"wp:attachment":[{"href":"https:\/\/sopassaros.com.br\/index.php\/wp-json\/wp\/v2\/media?parent=1679"}],"wp:term":[{"taxonomy":"product_brand","embeddable":true,"href":"https:\/\/sopassaros.com.br\/index.php\/wp-json\/wp\/v2\/product_brand?post=1679"},{"taxonomy":"product_cat","embeddable":true,"href":"https:\/\/sopassaros.com.br\/index.php\/wp-json\/wp\/v2\/product_cat?post=1679"},{"taxonomy":"product_tag","embeddable":true,"href":"https:\/\/sopassaros.com.br\/index.php\/wp-json\/wp\/v2\/product_tag?post=1679"}],"curies":[{"name":"wp","href":"https:\/\/api.w.org\/{rel}","templated":true}]}}