{"id":1683,"date":"2019-08-12T10:30:35","date_gmt":"2019-08-12T13:30:35","guid":{"rendered":"http:\/\/sopassaros.com.br\/?post_type=product&#038;p=1683"},"modified":"2019-08-12T10:30:49","modified_gmt":"2019-08-12T13:30:49","slug":"barakell-pro","status":"publish","type":"product","link":"https:\/\/sopassaros.com.br\/index.php\/product\/barakell-pro\/","title":{"rendered":"BARAKELL PRO"},"content":{"rendered":"<p><strong>INDICA\u00c7\u00c3O DE USO<\/strong><\/p>\n<ul class=\"list-praga\">\n<li><a href=\"https:\/\/kelldrin.com.br\/produto\/barakell-pro\/#\"><img decoding=\"async\" class=\"lazyloaded\" src=\"https:\/\/kelldrin.com.br\/wp-content\/themes\/kelldrin-bmd\/img\/products_pragas\/thumb\/barata.png\" data-lazy-src=\"https:\/\/kelldrin.com.br\/wp-content\/themes\/kelldrin-bmd\/img\/products_pragas\/thumb\/barata.png\" data-was-processed=\"true\" \/>Barata<\/a><\/li>\n<\/ul>\n<p><strong>PRINC\u00cdPIO ATIVO:<br \/>\n<\/strong>Fipronil 0,05%<\/p>\n<p><strong>INDICA\u00c7\u00c3O:<br \/>\n<\/strong>BARAKELL-PRO \u00e9 um gel para baratas deve ser aplicado em pequenas gotas, dentro ou pr\u00f3ximo aos abrigos e em \u00e1reas de alimenta\u00e7\u00e3o, ref\u00fagio e reprodu\u00e7\u00e3o das baratas. Estas \u00e1reas s\u00e3o tipicamente escuras, quentes, \u00famidas e permanecem intocadas. A superf\u00edcie a ser tratada, preferencialmente, deve estar limpa e sem fontes alternativas de alimentos. N\u00e3o aplique em locais que s\u00e3o lavados ou onde pode ser facilmente removido por limpeza rotineira. Em \u00e1reas infectadas, as baratas mortas ser\u00e3o encontradas normalmente 24 horas ap\u00f3s o tratamento. O gel para baratas pode ser utilizado em resid\u00eancias, em locais onde n\u00e3o se podem aplicar inseticidas l\u00edquidos, como atr\u00e1s de fog\u00f5es, refrigeradores, fornos de micro-ondas,m\u00e1quinas de lavar e eletrodom\u00e9sticos em geral, embaixo, dentro e atr\u00e1s de pias, balc\u00f5es, mesas e cadeiras, al\u00e9m de m\u00f3veis em\u00a0 geral, bem como em pain\u00e9is de energia el\u00e9trica, dutos, pe\u00e7as sanit\u00e1rias, etc. Tamb\u00e9m pode ser utilizado em instala\u00e7\u00f5es de alimentos, industriais, hospitais, restaurantes, hot\u00e9is, escolas, teatros, pris\u00f5es, aeroportos, al\u00e9m de meios de transportes como trens, metr\u00f4s, \u00f4nibus, ve\u00edculos, embarca\u00e7\u00f5es e aeronave.<\/p>\n<p><strong>APRESENTA\u00c7\u00c3O:<br \/>\n<\/strong>24x30g<\/p>\n","protected":false},"excerpt":{"rendered":"<p>INDICA\u00c7\u00c3O DE USO Barata PRINC\u00cdPIO ATIVO: Fipronil 0,05% INDICA\u00c7\u00c3O: BARAKELL-PRO \u00e9 um gel para baratas deve ser aplicado em pequenas gotas, dentro ou pr\u00f3ximo aos abrigos e em \u00e1reas de alimenta\u00e7\u00e3o, ref\u00fagio e reprodu\u00e7\u00e3o das baratas. Estas \u00e1reas s\u00e3o tipicamente escuras, quentes, \u00famidas e permanecem intocadas. A superf\u00edcie a ser tratada, preferencialmente, deve estar limpa [&hellip;]<\/p>\n","protected":false},"featured_media":1684,"template":"","meta":{"_monsterinsights_skip_tracking":false,"_monsterinsights_sitenote_active":false,"_monsterinsights_sitenote_note":"","_monsterinsights_sitenote_category":0},"product_brand":[],"product_cat":[123,127],"product_tag":[273],"class_list":{"0":"post-1683","1":"product","2":"type-product","3":"status-publish","4":"has-post-thumbnail","6":"product_cat-medicamento","7":"product_cat-medicamentos","8":"product_tag-kelldrin","10":"first","11":"instock","12":"shipping-taxable","13":"product-type-simple"},"aioseo_notices":[],"_links":{"self":[{"href":"https:\/\/sopassaros.com.br\/index.php\/wp-json\/wp\/v2\/product\/1683","targetHints":{"allow":["GET"]}}],"collection":[{"href":"https:\/\/sopassaros.com.br\/index.php\/wp-json\/wp\/v2\/product"}],"about":[{"href":"https:\/\/sopassaros.com.br\/index.php\/wp-json\/wp\/v2\/types\/product"}],"wp:featuredmedia":[{"embeddable":true,"href":"https:\/\/sopassaros.com.br\/index.php\/wp-json\/wp\/v2\/media\/1684"}],"wp:attachment":[{"href":"https:\/\/sopassaros.com.br\/index.php\/wp-json\/wp\/v2\/media?parent=1683"}],"wp:term":[{"taxonomy":"product_brand","embeddable":true,"href":"https:\/\/sopassaros.com.br\/index.php\/wp-json\/wp\/v2\/product_brand?post=1683"},{"taxonomy":"product_cat","embeddable":true,"href":"https:\/\/sopassaros.com.br\/index.php\/wp-json\/wp\/v2\/product_cat?post=1683"},{"taxonomy":"product_tag","embeddable":true,"href":"https:\/\/sopassaros.com.br\/index.php\/wp-json\/wp\/v2\/product_tag?post=1683"}],"curies":[{"name":"wp","href":"https:\/\/api.w.org\/{rel}","templated":true}]}}