{"id":1685,"date":"2019-08-12T10:38:36","date_gmt":"2019-08-12T13:38:36","guid":{"rendered":"http:\/\/sopassaros.com.br\/?post_type=product&#038;p=1685"},"modified":"2019-08-12T10:38:36","modified_gmt":"2019-08-12T13:38:36","slug":"poderoso-limpa-tudo","status":"publish","type":"product","link":"https:\/\/sopassaros.com.br\/index.php\/product\/poderoso-limpa-tudo\/","title":{"rendered":"PODEROSO LIMPA TUDO"},"content":{"rendered":"<p><strong>INDICA\u00c7\u00c3O<br \/>\n<\/strong>Poderoso Limpa Tudo \u00e9 uma espuma poderosa desenvolvida para a limpeza automotiva e dom\u00e9stica em locais como: partes internas do ve\u00edculo, sof\u00e1s, cortinas, carpetes, tecidos em geral, computadores, f\u00f3rmicas, vinil, pl\u00e1stico, borrachas, t\u00eanis, sapatos, sand\u00e1lias, bolsas, mochilas e couro.<\/p>\n<p><strong>APRESENTA\u00c7\u00c3O<br \/>\n<\/strong>\u00a012x300ml.<\/p>\n","protected":false},"excerpt":{"rendered":"<p>INDICA\u00c7\u00c3O Poderoso Limpa Tudo \u00e9 uma espuma poderosa desenvolvida para a limpeza automotiva e dom\u00e9stica em locais como: partes internas do ve\u00edculo, sof\u00e1s, cortinas, carpetes, tecidos em geral, computadores, f\u00f3rmicas, vinil, pl\u00e1stico, borrachas, t\u00eanis, sapatos, sand\u00e1lias, bolsas, mochilas e couro. APRESENTA\u00c7\u00c3O \u00a012x300ml.<\/p>\n","protected":false},"featured_media":1686,"template":"","meta":{"_monsterinsights_skip_tracking":false,"_monsterinsights_sitenote_active":false,"_monsterinsights_sitenote_note":"","_monsterinsights_sitenote_category":0},"product_brand":[],"product_cat":[123,127],"product_tag":[273],"class_list":{"0":"post-1685","1":"product","2":"type-product","3":"status-publish","4":"has-post-thumbnail","6":"product_cat-medicamento","7":"product_cat-medicamentos","8":"product_tag-kelldrin","10":"first","11":"instock","12":"shipping-taxable","13":"product-type-simple"},"aioseo_notices":[],"_links":{"self":[{"href":"https:\/\/sopassaros.com.br\/index.php\/wp-json\/wp\/v2\/product\/1685","targetHints":{"allow":["GET"]}}],"collection":[{"href":"https:\/\/sopassaros.com.br\/index.php\/wp-json\/wp\/v2\/product"}],"about":[{"href":"https:\/\/sopassaros.com.br\/index.php\/wp-json\/wp\/v2\/types\/product"}],"wp:featuredmedia":[{"embeddable":true,"href":"https:\/\/sopassaros.com.br\/index.php\/wp-json\/wp\/v2\/media\/1686"}],"wp:attachment":[{"href":"https:\/\/sopassaros.com.br\/index.php\/wp-json\/wp\/v2\/media?parent=1685"}],"wp:term":[{"taxonomy":"product_brand","embeddable":true,"href":"https:\/\/sopassaros.com.br\/index.php\/wp-json\/wp\/v2\/product_brand?post=1685"},{"taxonomy":"product_cat","embeddable":true,"href":"https:\/\/sopassaros.com.br\/index.php\/wp-json\/wp\/v2\/product_cat?post=1685"},{"taxonomy":"product_tag","embeddable":true,"href":"https:\/\/sopassaros.com.br\/index.php\/wp-json\/wp\/v2\/product_tag?post=1685"}],"curies":[{"name":"wp","href":"https:\/\/api.w.org\/{rel}","templated":true}]}}