{"id":1689,"date":"2019-08-12T11:00:45","date_gmt":"2019-08-12T14:00:45","guid":{"rendered":"http:\/\/sopassaros.com.br\/?post_type=product&#038;p=1689"},"modified":"2019-08-12T11:00:45","modified_gmt":"2019-08-12T14:00:45","slug":"poderoso-lustra-moveis","status":"publish","type":"product","link":"https:\/\/sopassaros.com.br\/index.php\/product\/poderoso-lustra-moveis\/","title":{"rendered":"PODEROSO LUSTRA M\u00d3VEIS"},"content":{"rendered":"<p><strong>INDICA\u00c7\u00c3O<br \/>\n<\/strong>Poderoso Lustra M\u00f3veis utiliza uma cera natural que protege e d\u00e1 brilho para todos os tipos de m\u00f3veis, podendo tamb\u00e9m ser aplicado em superf\u00edcies laminadas, vinil e couro. F\u00e1cil aplica\u00e7\u00e3o por ser em aerosol.<\/p>\n<p><strong>APRESENTA\u00c7\u00c3O<br \/>\n<\/strong>12x300ml.<\/p>\n","protected":false},"excerpt":{"rendered":"<p>INDICA\u00c7\u00c3O Poderoso Lustra M\u00f3veis utiliza uma cera natural que protege e d\u00e1 brilho para todos os tipos de m\u00f3veis, podendo tamb\u00e9m ser aplicado em superf\u00edcies laminadas, vinil e couro. F\u00e1cil aplica\u00e7\u00e3o por ser em aerosol. APRESENTA\u00c7\u00c3O 12x300ml.<\/p>\n","protected":false},"featured_media":1690,"template":"","meta":{"_monsterinsights_skip_tracking":false,"_monsterinsights_sitenote_active":false,"_monsterinsights_sitenote_note":"","_monsterinsights_sitenote_category":0},"product_brand":[],"product_cat":[123,127],"product_tag":[273],"class_list":{"0":"post-1689","1":"product","2":"type-product","3":"status-publish","4":"has-post-thumbnail","6":"product_cat-medicamento","7":"product_cat-medicamentos","8":"product_tag-kelldrin","10":"first","11":"instock","12":"shipping-taxable","13":"product-type-simple"},"aioseo_notices":[],"_links":{"self":[{"href":"https:\/\/sopassaros.com.br\/index.php\/wp-json\/wp\/v2\/product\/1689","targetHints":{"allow":["GET"]}}],"collection":[{"href":"https:\/\/sopassaros.com.br\/index.php\/wp-json\/wp\/v2\/product"}],"about":[{"href":"https:\/\/sopassaros.com.br\/index.php\/wp-json\/wp\/v2\/types\/product"}],"wp:featuredmedia":[{"embeddable":true,"href":"https:\/\/sopassaros.com.br\/index.php\/wp-json\/wp\/v2\/media\/1690"}],"wp:attachment":[{"href":"https:\/\/sopassaros.com.br\/index.php\/wp-json\/wp\/v2\/media?parent=1689"}],"wp:term":[{"taxonomy":"product_brand","embeddable":true,"href":"https:\/\/sopassaros.com.br\/index.php\/wp-json\/wp\/v2\/product_brand?post=1689"},{"taxonomy":"product_cat","embeddable":true,"href":"https:\/\/sopassaros.com.br\/index.php\/wp-json\/wp\/v2\/product_cat?post=1689"},{"taxonomy":"product_tag","embeddable":true,"href":"https:\/\/sopassaros.com.br\/index.php\/wp-json\/wp\/v2\/product_tag?post=1689"}],"curies":[{"name":"wp","href":"https:\/\/api.w.org\/{rel}","templated":true}]}}