{"id":1692,"date":"2019-08-15T09:13:11","date_gmt":"2019-08-15T12:13:11","guid":{"rendered":"http:\/\/sopassaros.com.br\/?post_type=product&#038;p=1692"},"modified":"2019-08-15T09:14:14","modified_gmt":"2019-08-15T12:14:14","slug":"poderoso-limpa-forno-e-microondas","status":"publish","type":"product","link":"https:\/\/sopassaros.com.br\/index.php\/product\/poderoso-limpa-forno-e-microondas\/","title":{"rendered":"PODEROSO LIMPA FORNO E MICROONDAS"},"content":{"rendered":"<p><strong>INDICA\u00c7\u00c3O<br \/>\n<\/strong>Poderoso Limpa Forno e Microondas age rapidamente dissolvendo a sujeira, sem gerar odor. Facilita limpeza de fornos, assadores, coifas, grills, espetos, lou\u00e7as e demais utens\u00edlios de cozinha em forma de espuma. N\u00e3o cont\u00e9m soda c\u00e1ustica.<\/p>\n<p><strong>APRESENTA\u00c7\u00c3O<br \/>\n<\/strong>12x300ml.<\/p>\n","protected":false},"excerpt":{"rendered":"<p>INDICA\u00c7\u00c3O Poderoso Limpa Forno e Microondas age rapidamente dissolvendo a sujeira, sem gerar odor. Facilita limpeza de fornos, assadores, coifas, grills, espetos, lou\u00e7as e demais utens\u00edlios de cozinha em forma de espuma. N\u00e3o cont\u00e9m soda c\u00e1ustica. APRESENTA\u00c7\u00c3O 12x300ml.<\/p>\n","protected":false},"featured_media":1693,"template":"","meta":{"_monsterinsights_skip_tracking":false,"_monsterinsights_sitenote_active":false,"_monsterinsights_sitenote_note":"","_monsterinsights_sitenote_category":0},"product_brand":[],"product_cat":[123,127],"product_tag":[273],"class_list":{"0":"post-1692","1":"product","2":"type-product","3":"status-publish","4":"has-post-thumbnail","6":"product_cat-medicamento","7":"product_cat-medicamentos","8":"product_tag-kelldrin","10":"first","11":"instock","12":"shipping-taxable","13":"product-type-simple"},"aioseo_notices":[],"_links":{"self":[{"href":"https:\/\/sopassaros.com.br\/index.php\/wp-json\/wp\/v2\/product\/1692","targetHints":{"allow":["GET"]}}],"collection":[{"href":"https:\/\/sopassaros.com.br\/index.php\/wp-json\/wp\/v2\/product"}],"about":[{"href":"https:\/\/sopassaros.com.br\/index.php\/wp-json\/wp\/v2\/types\/product"}],"wp:featuredmedia":[{"embeddable":true,"href":"https:\/\/sopassaros.com.br\/index.php\/wp-json\/wp\/v2\/media\/1693"}],"wp:attachment":[{"href":"https:\/\/sopassaros.com.br\/index.php\/wp-json\/wp\/v2\/media?parent=1692"}],"wp:term":[{"taxonomy":"product_brand","embeddable":true,"href":"https:\/\/sopassaros.com.br\/index.php\/wp-json\/wp\/v2\/product_brand?post=1692"},{"taxonomy":"product_cat","embeddable":true,"href":"https:\/\/sopassaros.com.br\/index.php\/wp-json\/wp\/v2\/product_cat?post=1692"},{"taxonomy":"product_tag","embeddable":true,"href":"https:\/\/sopassaros.com.br\/index.php\/wp-json\/wp\/v2\/product_tag?post=1692"}],"curies":[{"name":"wp","href":"https:\/\/api.w.org\/{rel}","templated":true}]}}