{"id":1694,"date":"2019-08-15T09:18:31","date_gmt":"2019-08-15T12:18:31","guid":{"rendered":"http:\/\/sopassaros.com.br\/?post_type=product&#038;p=1694"},"modified":"2019-08-15T09:18:31","modified_gmt":"2019-08-15T12:18:31","slug":"poderoso-limpador-geral","status":"publish","type":"product","link":"https:\/\/sopassaros.com.br\/index.php\/product\/poderoso-limpador-geral\/","title":{"rendered":"PODEROSO LIMPADOR GERAL"},"content":{"rendered":"<p><strong>INDICA\u00c7\u00c3O<br \/>\n<\/strong>Poderoso Limpador Geral foi desenvolvido para trazer uma limpeza profunda em banheiro, ralos, pias, cozinha, quartos, pisos, etc. Sua formula inovadora deixa um perfume agrad\u00e1vel com sensa\u00e7\u00e3o de limpeza prolongada.<\/p>\n<p><strong>APRESENTA\u00c7\u00c3O<br \/>\n<\/strong>12x300ml.<\/p>\n","protected":false},"excerpt":{"rendered":"<p>INDICA\u00c7\u00c3O Poderoso Limpador Geral foi desenvolvido para trazer uma limpeza profunda em banheiro, ralos, pias, cozinha, quartos, pisos, etc. Sua formula inovadora deixa um perfume agrad\u00e1vel com sensa\u00e7\u00e3o de limpeza prolongada. APRESENTA\u00c7\u00c3O 12x300ml.<\/p>\n","protected":false},"featured_media":1695,"template":"","meta":{"_monsterinsights_skip_tracking":false,"_monsterinsights_sitenote_active":false,"_monsterinsights_sitenote_note":"","_monsterinsights_sitenote_category":0},"product_brand":[],"product_cat":[123,127],"product_tag":[273],"class_list":{"0":"post-1694","1":"product","2":"type-product","3":"status-publish","4":"has-post-thumbnail","6":"product_cat-medicamento","7":"product_cat-medicamentos","8":"product_tag-kelldrin","10":"first","11":"instock","12":"shipping-taxable","13":"product-type-simple"},"aioseo_notices":[],"_links":{"self":[{"href":"https:\/\/sopassaros.com.br\/index.php\/wp-json\/wp\/v2\/product\/1694","targetHints":{"allow":["GET"]}}],"collection":[{"href":"https:\/\/sopassaros.com.br\/index.php\/wp-json\/wp\/v2\/product"}],"about":[{"href":"https:\/\/sopassaros.com.br\/index.php\/wp-json\/wp\/v2\/types\/product"}],"wp:featuredmedia":[{"embeddable":true,"href":"https:\/\/sopassaros.com.br\/index.php\/wp-json\/wp\/v2\/media\/1695"}],"wp:attachment":[{"href":"https:\/\/sopassaros.com.br\/index.php\/wp-json\/wp\/v2\/media?parent=1694"}],"wp:term":[{"taxonomy":"product_brand","embeddable":true,"href":"https:\/\/sopassaros.com.br\/index.php\/wp-json\/wp\/v2\/product_brand?post=1694"},{"taxonomy":"product_cat","embeddable":true,"href":"https:\/\/sopassaros.com.br\/index.php\/wp-json\/wp\/v2\/product_cat?post=1694"},{"taxonomy":"product_tag","embeddable":true,"href":"https:\/\/sopassaros.com.br\/index.php\/wp-json\/wp\/v2\/product_tag?post=1694"}],"curies":[{"name":"wp","href":"https:\/\/api.w.org\/{rel}","templated":true}]}}