{"id":1696,"date":"2019-08-15T09:19:30","date_gmt":"2019-08-15T12:19:30","guid":{"rendered":"http:\/\/sopassaros.com.br\/?post_type=product&#038;p=1696"},"modified":"2019-08-15T09:19:56","modified_gmt":"2019-08-15T12:19:56","slug":"dermex","status":"publish","type":"product","link":"https:\/\/sopassaros.com.br\/index.php\/product\/dermex\/","title":{"rendered":"DERMEX"},"content":{"rendered":"<p><strong>COMPOSI\u00c7\u00c3O<\/strong><br \/>\nHelianthus annus (sunflower) seed oil, paraffinum liquidum, caprylic\/capric triglycerides, retinyl palmitate,<br \/>\ntocopheyl acetate, lauric acid, caproic acid, BHT, methyldibromo glutaronitrile, phenoxyetheanol, lecithin.<\/p>\n<p><strong>INDICA\u00c7\u00c3O<\/strong><br \/>\nDERMEX \u00e9 uma solu\u00e7\u00e3o oleosa \u00e1 base de \u00c1cidos Graxos Essenciais (A.G.E) com Vitaminas A e E que<br \/>\nrevitaliza e mant\u00e9m o equil\u00edbrio h\u00eddrico da pele, melhorando sua elasticidade .Sua formula\u00e7\u00e3o mant\u00e9m a<br \/>\nintegridade da pele, ajudando na preven\u00e7\u00e3o de escaras.<\/p>\n<p><strong>INSTRU\u00c7\u00d5ES DE USO<\/strong><br \/>\nAplicar na pele, ap\u00f3s higieniza\u00e7\u00e3o.<\/p>\n<p><strong>APRESENTA\u00c7\u00c3O<\/strong><br \/>\n12x100ml<br \/>\n12x200ml<\/p>\n","protected":false},"excerpt":{"rendered":"<p>COMPOSI\u00c7\u00c3O Helianthus annus (sunflower) seed oil, paraffinum liquidum, caprylic\/capric triglycerides, retinyl palmitate, tocopheyl acetate, lauric acid, caproic acid, BHT, methyldibromo glutaronitrile, phenoxyetheanol, lecithin. INDICA\u00c7\u00c3O DERMEX \u00e9 uma solu\u00e7\u00e3o oleosa \u00e1 base de \u00c1cidos Graxos Essenciais (A.G.E) com Vitaminas A e E que revitaliza e mant\u00e9m o equil\u00edbrio h\u00eddrico da pele, melhorando sua elasticidade .Sua formula\u00e7\u00e3o [&hellip;]<\/p>\n","protected":false},"featured_media":1697,"template":"","meta":{"_monsterinsights_skip_tracking":false,"_monsterinsights_sitenote_active":false,"_monsterinsights_sitenote_note":"","_monsterinsights_sitenote_category":0},"product_brand":[],"product_cat":[123,127],"product_tag":[273],"class_list":{"0":"post-1696","1":"product","2":"type-product","3":"status-publish","4":"has-post-thumbnail","6":"product_cat-medicamento","7":"product_cat-medicamentos","8":"product_tag-kelldrin","10":"first","11":"instock","12":"shipping-taxable","13":"product-type-simple"},"aioseo_notices":[],"_links":{"self":[{"href":"https:\/\/sopassaros.com.br\/index.php\/wp-json\/wp\/v2\/product\/1696","targetHints":{"allow":["GET"]}}],"collection":[{"href":"https:\/\/sopassaros.com.br\/index.php\/wp-json\/wp\/v2\/product"}],"about":[{"href":"https:\/\/sopassaros.com.br\/index.php\/wp-json\/wp\/v2\/types\/product"}],"wp:featuredmedia":[{"embeddable":true,"href":"https:\/\/sopassaros.com.br\/index.php\/wp-json\/wp\/v2\/media\/1697"}],"wp:attachment":[{"href":"https:\/\/sopassaros.com.br\/index.php\/wp-json\/wp\/v2\/media?parent=1696"}],"wp:term":[{"taxonomy":"product_brand","embeddable":true,"href":"https:\/\/sopassaros.com.br\/index.php\/wp-json\/wp\/v2\/product_brand?post=1696"},{"taxonomy":"product_cat","embeddable":true,"href":"https:\/\/sopassaros.com.br\/index.php\/wp-json\/wp\/v2\/product_cat?post=1696"},{"taxonomy":"product_tag","embeddable":true,"href":"https:\/\/sopassaros.com.br\/index.php\/wp-json\/wp\/v2\/product_tag?post=1696"}],"curies":[{"name":"wp","href":"https:\/\/api.w.org\/{rel}","templated":true}]}}