{"id":1698,"date":"2019-08-15T09:21:40","date_gmt":"2019-08-15T12:21:40","guid":{"rendered":"http:\/\/sopassaros.com.br\/?post_type=product&#038;p=1698"},"modified":"2019-08-15T09:22:00","modified_gmt":"2019-08-15T12:22:00","slug":"perfume-pe-deo-pedico","status":"publish","type":"product","link":"https:\/\/sopassaros.com.br\/index.php\/product\/perfume-pe-deo-pedico\/","title":{"rendered":"PERFUME P\u00c9 DEO P\u00c9DICO"},"content":{"rendered":"<p><strong>INDICA\u00c7\u00c3O:<br \/>\n<\/strong>PERFUME P\u00c9 &#8211; DEO P\u00c9DICO \u00e9 um spray que mant\u00e9m os p\u00e9s secos e perfumados.<\/p>\n<p><strong>MODO DE USAR:<br \/>\n<\/strong>Agite bem a embalagem, aplique uma quantidade uniforme do Perfume P\u00e9 da Sortie entre os dedos previamente secos duas vezes ao dia, de prefer\u00eancia ap\u00f3s o banho. Aumente a prote\u00e7\u00e3o usando o produto no cal\u00e7ado.<\/p>\n<p><strong>APRESENTA\u00c7\u00c3O:<br \/>\n<\/strong>Caixa com 12 unidades de 150ml\/90g.<\/p>\n","protected":false},"excerpt":{"rendered":"<p>INDICA\u00c7\u00c3O: PERFUME P\u00c9 &#8211; DEO P\u00c9DICO \u00e9 um spray que mant\u00e9m os p\u00e9s secos e perfumados. MODO DE USAR: Agite bem a embalagem, aplique uma quantidade uniforme do Perfume P\u00e9 da Sortie entre os dedos previamente secos duas vezes ao dia, de prefer\u00eancia ap\u00f3s o banho. Aumente a prote\u00e7\u00e3o usando o produto no cal\u00e7ado. APRESENTA\u00c7\u00c3O: [&hellip;]<\/p>\n","protected":false},"featured_media":1699,"template":"","meta":{"_monsterinsights_skip_tracking":false,"_monsterinsights_sitenote_active":false,"_monsterinsights_sitenote_note":"","_monsterinsights_sitenote_category":0},"product_brand":[],"product_cat":[123,127],"product_tag":[273],"class_list":{"0":"post-1698","1":"product","2":"type-product","3":"status-publish","4":"has-post-thumbnail","6":"product_cat-medicamento","7":"product_cat-medicamentos","8":"product_tag-kelldrin","10":"first","11":"instock","12":"shipping-taxable","13":"product-type-simple"},"aioseo_notices":[],"_links":{"self":[{"href":"https:\/\/sopassaros.com.br\/index.php\/wp-json\/wp\/v2\/product\/1698","targetHints":{"allow":["GET"]}}],"collection":[{"href":"https:\/\/sopassaros.com.br\/index.php\/wp-json\/wp\/v2\/product"}],"about":[{"href":"https:\/\/sopassaros.com.br\/index.php\/wp-json\/wp\/v2\/types\/product"}],"wp:featuredmedia":[{"embeddable":true,"href":"https:\/\/sopassaros.com.br\/index.php\/wp-json\/wp\/v2\/media\/1699"}],"wp:attachment":[{"href":"https:\/\/sopassaros.com.br\/index.php\/wp-json\/wp\/v2\/media?parent=1698"}],"wp:term":[{"taxonomy":"product_brand","embeddable":true,"href":"https:\/\/sopassaros.com.br\/index.php\/wp-json\/wp\/v2\/product_brand?post=1698"},{"taxonomy":"product_cat","embeddable":true,"href":"https:\/\/sopassaros.com.br\/index.php\/wp-json\/wp\/v2\/product_cat?post=1698"},{"taxonomy":"product_tag","embeddable":true,"href":"https:\/\/sopassaros.com.br\/index.php\/wp-json\/wp\/v2\/product_tag?post=1698"}],"curies":[{"name":"wp","href":"https:\/\/api.w.org\/{rel}","templated":true}]}}