{"id":1700,"date":"2019-08-15T09:24:37","date_gmt":"2019-08-15T12:24:37","guid":{"rendered":"http:\/\/sopassaros.com.br\/?post_type=product&#038;p=1700"},"modified":"2019-08-15T09:24:37","modified_gmt":"2019-08-15T12:24:37","slug":"skin-espuma-de-barbear","status":"publish","type":"product","link":"https:\/\/sopassaros.com.br\/index.php\/product\/skin-espuma-de-barbear\/","title":{"rendered":"SKIN ESPUMA DE BARBEAR"},"content":{"rendered":"<p><strong>INDICA\u00c7\u00c3O:<br \/>\n<\/strong>SKIN &#8211; ESPUMA DE BARBEAR \u00e9 uma espuma hidratante, com perfume neutro que prepara a sua pele, para um barbear suave com um deslizamento incr\u00edvel.<\/p>\n<p><strong>MODO DE USAR:<br \/>\n<\/strong>Agite bem a embalagem, mantenha a embalagem na posi\u00e7\u00e3o vertical. Pressione a v\u00e1lvula e libere a espuma na palma da m\u00e3o, em seguida espalhe nas m\u00e3os e aplique sobre o rosto molhado. Ap\u00f3s o barbear retire com \u00e1gua abundante.<\/p>\n<p><strong>APRESENTA\u00c7\u00c3O:<br \/>\n<\/strong>Caixa com 12 unidades de 150ml\/145g.<\/p>\n","protected":false},"excerpt":{"rendered":"<p>INDICA\u00c7\u00c3O: SKIN &#8211; ESPUMA DE BARBEAR \u00e9 uma espuma hidratante, com perfume neutro que prepara a sua pele, para um barbear suave com um deslizamento incr\u00edvel. MODO DE USAR: Agite bem a embalagem, mantenha a embalagem na posi\u00e7\u00e3o vertical. Pressione a v\u00e1lvula e libere a espuma na palma da m\u00e3o, em seguida espalhe nas m\u00e3os [&hellip;]<\/p>\n","protected":false},"featured_media":1701,"template":"","meta":{"_monsterinsights_skip_tracking":false,"_monsterinsights_sitenote_active":false,"_monsterinsights_sitenote_note":"","_monsterinsights_sitenote_category":0},"product_brand":[],"product_cat":[123,127],"product_tag":[273],"class_list":{"0":"post-1700","1":"product","2":"type-product","3":"status-publish","4":"has-post-thumbnail","6":"product_cat-medicamento","7":"product_cat-medicamentos","8":"product_tag-kelldrin","10":"first","11":"instock","12":"shipping-taxable","13":"product-type-simple"},"aioseo_notices":[],"_links":{"self":[{"href":"https:\/\/sopassaros.com.br\/index.php\/wp-json\/wp\/v2\/product\/1700","targetHints":{"allow":["GET"]}}],"collection":[{"href":"https:\/\/sopassaros.com.br\/index.php\/wp-json\/wp\/v2\/product"}],"about":[{"href":"https:\/\/sopassaros.com.br\/index.php\/wp-json\/wp\/v2\/types\/product"}],"wp:featuredmedia":[{"embeddable":true,"href":"https:\/\/sopassaros.com.br\/index.php\/wp-json\/wp\/v2\/media\/1701"}],"wp:attachment":[{"href":"https:\/\/sopassaros.com.br\/index.php\/wp-json\/wp\/v2\/media?parent=1700"}],"wp:term":[{"taxonomy":"product_brand","embeddable":true,"href":"https:\/\/sopassaros.com.br\/index.php\/wp-json\/wp\/v2\/product_brand?post=1700"},{"taxonomy":"product_cat","embeddable":true,"href":"https:\/\/sopassaros.com.br\/index.php\/wp-json\/wp\/v2\/product_cat?post=1700"},{"taxonomy":"product_tag","embeddable":true,"href":"https:\/\/sopassaros.com.br\/index.php\/wp-json\/wp\/v2\/product_tag?post=1700"}],"curies":[{"name":"wp","href":"https:\/\/api.w.org\/{rel}","templated":true}]}}