{"id":1702,"date":"2019-08-15T09:26:32","date_gmt":"2019-08-15T12:26:32","guid":{"rendered":"http:\/\/sopassaros.com.br\/?post_type=product&#038;p=1702"},"modified":"2019-08-15T09:26:56","modified_gmt":"2019-08-15T12:26:56","slug":"insect-block","status":"publish","type":"product","link":"https:\/\/sopassaros.com.br\/index.php\/product\/insect-block\/","title":{"rendered":"INSECT BLOCK"},"content":{"rendered":"<p><strong>INDICA\u00c7\u00c3O DE USO<\/strong><\/p>\n<ul class=\"list-praga\">\n<li><a href=\"https:\/\/kelldrin.com.br\/produto\/insect-block\/#\"><img decoding=\"async\" class=\"error\" src=\"https:\/\/kelldrin.com.br\/wp-content\/themes\/kelldrin-bmd\/img\/products_pragas\/thumb\/borrachudo.png\" data-lazy-src=\"https:\/\/kelldrin.com.br\/wp-content\/themes\/kelldrin-bmd\/img\/products_pragas\/thumb\/borrachudo.png\" data-was-processed=\"true\" \/>Borrachudo<\/a><\/li>\n<li><a href=\"https:\/\/kelldrin.com.br\/produto\/insect-block\/#\"><img decoding=\"async\" class=\"lazyloaded\" src=\"https:\/\/kelldrin.com.br\/wp-content\/themes\/kelldrin-bmd\/img\/products_pragas\/thumb\/mosquito.png\" data-lazy-src=\"https:\/\/kelldrin.com.br\/wp-content\/themes\/kelldrin-bmd\/img\/products_pragas\/thumb\/mosquito.png\" data-was-processed=\"true\" \/>Mosquito<\/a><\/li>\n<li><a href=\"https:\/\/kelldrin.com.br\/produto\/insect-block\/#\"><img decoding=\"async\" class=\"error\" src=\"https:\/\/kelldrin.com.br\/wp-content\/themes\/kelldrin-bmd\/img\/products_pragas\/thumb\/muricoca.png\" data-lazy-src=\"https:\/\/kelldrin.com.br\/wp-content\/themes\/kelldrin-bmd\/img\/products_pragas\/thumb\/muricoca.png\" data-was-processed=\"true\" \/>Muri\u00e7oca<\/a><\/li>\n<li><a href=\"https:\/\/kelldrin.com.br\/produto\/insect-block\/#\"><img decoding=\"async\" class=\"lazyloaded\" src=\"https:\/\/kelldrin.com.br\/wp-content\/themes\/kelldrin-bmd\/img\/products_pragas\/thumb\/pernilongo.png\" data-lazy-src=\"https:\/\/kelldrin.com.br\/wp-content\/themes\/kelldrin-bmd\/img\/products_pragas\/thumb\/pernilongo.png\" data-was-processed=\"true\" \/>Pernilongo<\/a><\/li>\n<\/ul>\n<p><strong>INDICA\u00c7\u00c3O:<\/strong><br \/>\nInsect Block foi especialmente formulado para repelir Mosquitos, Pernilongos, Borrachudos e Muri\u00e7ocas, garantindo maior prote\u00e7\u00e3o e refresc\u00e2ncia para sua pele.<\/p>\n<p><strong>APRESENTA\u00c7\u00c3O:<\/strong><br \/>\n12x2000ml (Aerosol)<br \/>\n12x200ml (Spray)<br \/>\n12x100ml (Spray)<\/p>\n","protected":false},"excerpt":{"rendered":"<p>INDICA\u00c7\u00c3O DE USO Borrachudo Mosquito Muri\u00e7oca Pernilongo INDICA\u00c7\u00c3O: Insect Block foi especialmente formulado para repelir Mosquitos, Pernilongos, Borrachudos e Muri\u00e7ocas, garantindo maior prote\u00e7\u00e3o e refresc\u00e2ncia para sua pele. APRESENTA\u00c7\u00c3O: 12x2000ml (Aerosol) 12x200ml (Spray) 12x100ml (Spray)<\/p>\n","protected":false},"featured_media":1703,"template":"","meta":{"_monsterinsights_skip_tracking":false,"_monsterinsights_sitenote_active":false,"_monsterinsights_sitenote_note":"","_monsterinsights_sitenote_category":0},"product_brand":[],"product_cat":[123,127],"product_tag":[273],"class_list":{"0":"post-1702","1":"product","2":"type-product","3":"status-publish","4":"has-post-thumbnail","6":"product_cat-medicamento","7":"product_cat-medicamentos","8":"product_tag-kelldrin","10":"first","11":"instock","12":"shipping-taxable","13":"product-type-simple"},"aioseo_notices":[],"_links":{"self":[{"href":"https:\/\/sopassaros.com.br\/index.php\/wp-json\/wp\/v2\/product\/1702","targetHints":{"allow":["GET"]}}],"collection":[{"href":"https:\/\/sopassaros.com.br\/index.php\/wp-json\/wp\/v2\/product"}],"about":[{"href":"https:\/\/sopassaros.com.br\/index.php\/wp-json\/wp\/v2\/types\/product"}],"wp:featuredmedia":[{"embeddable":true,"href":"https:\/\/sopassaros.com.br\/index.php\/wp-json\/wp\/v2\/media\/1703"}],"wp:attachment":[{"href":"https:\/\/sopassaros.com.br\/index.php\/wp-json\/wp\/v2\/media?parent=1702"}],"wp:term":[{"taxonomy":"product_brand","embeddable":true,"href":"https:\/\/sopassaros.com.br\/index.php\/wp-json\/wp\/v2\/product_brand?post=1702"},{"taxonomy":"product_cat","embeddable":true,"href":"https:\/\/sopassaros.com.br\/index.php\/wp-json\/wp\/v2\/product_cat?post=1702"},{"taxonomy":"product_tag","embeddable":true,"href":"https:\/\/sopassaros.com.br\/index.php\/wp-json\/wp\/v2\/product_tag?post=1702"}],"curies":[{"name":"wp","href":"https:\/\/api.w.org\/{rel}","templated":true}]}}