{"id":1704,"date":"2019-08-15T09:28:06","date_gmt":"2019-08-15T12:28:06","guid":{"rendered":"http:\/\/sopassaros.com.br\/?post_type=product&#038;p=1704"},"modified":"2019-08-15T09:28:33","modified_gmt":"2019-08-15T12:28:33","slug":"hygipart-higienizador-de-maos","status":"publish","type":"product","link":"https:\/\/sopassaros.com.br\/index.php\/product\/hygipart-higienizador-de-maos\/","title":{"rendered":"HYGIPART HIGIENIZADOR DE M\u00c3OS"},"content":{"rendered":"<p><strong>COMPOSI\u00c7\u00c3O<\/strong><br \/>\nALCOHOL (Antiss\u00e9ptico)&#8230;70,00%<br \/>\nCarbomer, Propylene glycol, Aminomethyl propanol, Aqua.<\/p>\n<p><strong>INDICA\u00c7\u00c3O<\/strong><br \/>\nO HYGIPART \u00e9 um gel antiss\u00e9ptico para higieniza\u00e7\u00e3o e hidrata\u00e7\u00e3o das m\u00e3os. Indicado para hospitais, resid\u00eancias e escolas.<\/p>\n<p><strong>INSTRU\u00c7\u00d5ES DE USO<\/strong><br \/>\nAplique uma pequena quantidade de HYGIPART nas m\u00e3os e espalhe at\u00e9 total absor\u00e7\u00e3o.<\/p>\n<p><strong>APRESENTA\u00c7\u00c3O<\/strong><br \/>\n2x12x52g<br \/>\n12x440g (Bico aplicador)<br \/>\n12x704g (Bolsa)<\/p>\n","protected":false},"excerpt":{"rendered":"<p>COMPOSI\u00c7\u00c3O ALCOHOL (Antiss\u00e9ptico)&#8230;70,00% Carbomer, Propylene glycol, Aminomethyl propanol, Aqua. INDICA\u00c7\u00c3O O HYGIPART \u00e9 um gel antiss\u00e9ptico para higieniza\u00e7\u00e3o e hidrata\u00e7\u00e3o das m\u00e3os. Indicado para hospitais, resid\u00eancias e escolas. INSTRU\u00c7\u00d5ES DE USO Aplique uma pequena quantidade de HYGIPART nas m\u00e3os e espalhe at\u00e9 total absor\u00e7\u00e3o. APRESENTA\u00c7\u00c3O 2x12x52g 12x440g (Bico aplicador) 12x704g (Bolsa)<\/p>\n","protected":false},"featured_media":1705,"template":"","meta":{"_monsterinsights_skip_tracking":false,"_monsterinsights_sitenote_active":false,"_monsterinsights_sitenote_note":"","_monsterinsights_sitenote_category":0},"product_brand":[],"product_cat":[123,127],"product_tag":[273],"class_list":{"0":"post-1704","1":"product","2":"type-product","3":"status-publish","4":"has-post-thumbnail","6":"product_cat-medicamento","7":"product_cat-medicamentos","8":"product_tag-kelldrin","10":"first","11":"instock","12":"shipping-taxable","13":"product-type-simple"},"aioseo_notices":[],"_links":{"self":[{"href":"https:\/\/sopassaros.com.br\/index.php\/wp-json\/wp\/v2\/product\/1704","targetHints":{"allow":["GET"]}}],"collection":[{"href":"https:\/\/sopassaros.com.br\/index.php\/wp-json\/wp\/v2\/product"}],"about":[{"href":"https:\/\/sopassaros.com.br\/index.php\/wp-json\/wp\/v2\/types\/product"}],"wp:featuredmedia":[{"embeddable":true,"href":"https:\/\/sopassaros.com.br\/index.php\/wp-json\/wp\/v2\/media\/1705"}],"wp:attachment":[{"href":"https:\/\/sopassaros.com.br\/index.php\/wp-json\/wp\/v2\/media?parent=1704"}],"wp:term":[{"taxonomy":"product_brand","embeddable":true,"href":"https:\/\/sopassaros.com.br\/index.php\/wp-json\/wp\/v2\/product_brand?post=1704"},{"taxonomy":"product_cat","embeddable":true,"href":"https:\/\/sopassaros.com.br\/index.php\/wp-json\/wp\/v2\/product_cat?post=1704"},{"taxonomy":"product_tag","embeddable":true,"href":"https:\/\/sopassaros.com.br\/index.php\/wp-json\/wp\/v2\/product_tag?post=1704"}],"curies":[{"name":"wp","href":"https:\/\/api.w.org\/{rel}","templated":true}]}}