{"id":1712,"date":"2019-08-26T11:11:25","date_gmt":"2019-08-26T14:11:25","guid":{"rendered":"http:\/\/sopassaros.com.br\/?post_type=product&#038;p=1712"},"modified":"2019-08-26T11:13:50","modified_gmt":"2019-08-26T14:13:50","slug":"tossicanis","status":"publish","type":"product","link":"https:\/\/sopassaros.com.br\/index.php\/product\/tossicanis\/","title":{"rendered":"Tossicanis"},"content":{"rendered":"<p>Auxiliar no tratamento das traqueobronquites (tosse<br \/>\ndos canis), broncopneumonias, bronquite al\u00e9rgica<br \/>\ne suas manifesta\u00e7\u00f5es. Antituss\u00edgeno, fluidificante e<br \/>\nexpectorante. Uso exclusivo em c\u00e3es.<br \/>\nPOSOLOGIA:<br \/>\n&#8211; C\u00e3es de PP &#8211; 5 mL de 3 em 3 horas;<br \/>\n&#8211; C\u00e3es de MP &#8211; 10 mL de 3 em 3 horas;<br \/>\n&#8211; C\u00e3es de GP &#8211; 15 mL de 3 em 3 horas.<\/p>\n","protected":false},"excerpt":{"rendered":"<p>Auxiliar no tratamento das traqueobronquites (tosse dos canis), broncopneumonias, bronquite al\u00e9rgica e suas manifesta\u00e7\u00f5es. Antituss\u00edgeno, fluidificante e expectorante. Uso exclusivo em c\u00e3es. POSOLOGIA: &#8211; C\u00e3es de PP &#8211; 5 mL de 3 em 3 horas; &#8211; C\u00e3es de MP &#8211; 10 mL de 3 em 3 horas; &#8211; C\u00e3es de GP &#8211; 15 mL de [&hellip;]<\/p>\n","protected":false},"featured_media":1713,"template":"","meta":{"_monsterinsights_skip_tracking":false,"_monsterinsights_sitenote_active":false,"_monsterinsights_sitenote_note":"","_monsterinsights_sitenote_category":0},"product_brand":[],"product_cat":[89,123,127],"product_tag":[90,126,319],"class_list":{"0":"post-1712","1":"product","2":"type-product","3":"status-publish","4":"has-post-thumbnail","6":"product_cat-caes","7":"product_cat-medicamento","8":"product_cat-medicamentos","9":"product_tag-caes","10":"product_tag-medicamento","11":"product_tag-provets","13":"first","14":"instock","15":"shipping-taxable","16":"product-type-simple"},"aioseo_notices":[],"_links":{"self":[{"href":"https:\/\/sopassaros.com.br\/index.php\/wp-json\/wp\/v2\/product\/1712","targetHints":{"allow":["GET"]}}],"collection":[{"href":"https:\/\/sopassaros.com.br\/index.php\/wp-json\/wp\/v2\/product"}],"about":[{"href":"https:\/\/sopassaros.com.br\/index.php\/wp-json\/wp\/v2\/types\/product"}],"wp:featuredmedia":[{"embeddable":true,"href":"https:\/\/sopassaros.com.br\/index.php\/wp-json\/wp\/v2\/media\/1713"}],"wp:attachment":[{"href":"https:\/\/sopassaros.com.br\/index.php\/wp-json\/wp\/v2\/media?parent=1712"}],"wp:term":[{"taxonomy":"product_brand","embeddable":true,"href":"https:\/\/sopassaros.com.br\/index.php\/wp-json\/wp\/v2\/product_brand?post=1712"},{"taxonomy":"product_cat","embeddable":true,"href":"https:\/\/sopassaros.com.br\/index.php\/wp-json\/wp\/v2\/product_cat?post=1712"},{"taxonomy":"product_tag","embeddable":true,"href":"https:\/\/sopassaros.com.br\/index.php\/wp-json\/wp\/v2\/product_tag?post=1712"}],"curies":[{"name":"wp","href":"https:\/\/api.w.org\/{rel}","templated":true}]}}