{"id":1715,"date":"2019-08-26T11:17:28","date_gmt":"2019-08-26T14:17:28","guid":{"rendered":"http:\/\/sopassaros.com.br\/?post_type=product&#038;p=1715"},"modified":"2019-08-26T11:17:28","modified_gmt":"2019-08-26T14:17:28","slug":"linha-prevempet","status":"publish","type":"product","link":"https:\/\/sopassaros.com.br\/index.php\/product\/linha-prevempet\/","title":{"rendered":"Linha Prevempet"},"content":{"rendered":"<h6 class=\"font_6\">Tratamento e controle de pulgas, carrapatos e piolhos dos c\u00e3es.<\/h6>\n<h6 class=\"font_6\">Apresenta\u00e7\u00e3o em Shampoo de 500 mL, Talco de 100 g e sabonete.<\/h6>\n","protected":false},"excerpt":{"rendered":"<p>Tratamento e controle de pulgas, carrapatos e piolhos dos c\u00e3es. Apresenta\u00e7\u00e3o em Shampoo de 500 mL, Talco de 100 g e sabonete.<\/p>\n","protected":false},"featured_media":1716,"template":"","meta":{"_monsterinsights_skip_tracking":false,"_monsterinsights_sitenote_active":false,"_monsterinsights_sitenote_note":"","_monsterinsights_sitenote_category":0},"product_brand":[],"product_cat":[89,92,123,127],"product_tag":[90,94,126,319],"class_list":{"0":"post-1715","1":"product","2":"type-product","3":"status-publish","4":"has-post-thumbnail","6":"product_cat-caes","7":"product_cat-higiene","8":"product_cat-medicamento","9":"product_cat-medicamentos","10":"product_tag-caes","11":"product_tag-higiene","12":"product_tag-medicamento","13":"product_tag-provets","15":"first","16":"instock","17":"shipping-taxable","18":"product-type-simple"},"aioseo_notices":[],"_links":{"self":[{"href":"https:\/\/sopassaros.com.br\/index.php\/wp-json\/wp\/v2\/product\/1715","targetHints":{"allow":["GET"]}}],"collection":[{"href":"https:\/\/sopassaros.com.br\/index.php\/wp-json\/wp\/v2\/product"}],"about":[{"href":"https:\/\/sopassaros.com.br\/index.php\/wp-json\/wp\/v2\/types\/product"}],"wp:featuredmedia":[{"embeddable":true,"href":"https:\/\/sopassaros.com.br\/index.php\/wp-json\/wp\/v2\/media\/1716"}],"wp:attachment":[{"href":"https:\/\/sopassaros.com.br\/index.php\/wp-json\/wp\/v2\/media?parent=1715"}],"wp:term":[{"taxonomy":"product_brand","embeddable":true,"href":"https:\/\/sopassaros.com.br\/index.php\/wp-json\/wp\/v2\/product_brand?post=1715"},{"taxonomy":"product_cat","embeddable":true,"href":"https:\/\/sopassaros.com.br\/index.php\/wp-json\/wp\/v2\/product_cat?post=1715"},{"taxonomy":"product_tag","embeddable":true,"href":"https:\/\/sopassaros.com.br\/index.php\/wp-json\/wp\/v2\/product_tag?post=1715"}],"curies":[{"name":"wp","href":"https:\/\/api.w.org\/{rel}","templated":true}]}}