{"id":1717,"date":"2019-08-26T11:20:00","date_gmt":"2019-08-26T14:20:00","guid":{"rendered":"http:\/\/sopassaros.com.br\/?post_type=product&#038;p=1717"},"modified":"2019-08-26T11:20:00","modified_gmt":"2019-08-26T14:20:00","slug":"curinfec","status":"publish","type":"product","link":"https:\/\/sopassaros.com.br\/index.php\/product\/curinfec\/","title":{"rendered":"Curinfec"},"content":{"rendered":"<h6 class=\"font_6\">No tratamento e profilaxia de doen\u00e7as de origem bacterianas<br \/>\nagudas e cr\u00f4nicas: gastrointestinais, respirat\u00f3rias, urin\u00e1rias,<br \/>\npododermatites e feridas infectadas. Tamb\u00e9m indicado como<br \/>\npreventivo das infec\u00e7\u00f5es p\u00f3s-cir\u00fargicas.<br \/>\nPOSOLOGIA:<br \/>\n&#8211; Animais PP &#8211; 1,5 mL para cada 5Kg de peso de 12 em 12 horas.<br \/>\n&#8211; Animais MP &#8211; 10 mL para cada 20kg de peso de 12 em 12 horas.<\/h6>\n","protected":false},"excerpt":{"rendered":"<p>No tratamento e profilaxia de doen\u00e7as de origem bacterianas agudas e cr\u00f4nicas: gastrointestinais, respirat\u00f3rias, urin\u00e1rias, pododermatites e feridas infectadas. Tamb\u00e9m indicado como preventivo das infec\u00e7\u00f5es p\u00f3s-cir\u00fargicas. POSOLOGIA: &#8211; Animais PP &#8211; 1,5 mL para cada 5Kg de peso de 12 em 12 horas. &#8211; Animais MP &#8211; 10 mL para cada 20kg de peso de [&hellip;]<\/p>\n","protected":false},"featured_media":1718,"template":"","meta":{"_monsterinsights_skip_tracking":false,"_monsterinsights_sitenote_active":false,"_monsterinsights_sitenote_note":"","_monsterinsights_sitenote_category":0},"product_brand":[],"product_cat":[119,89,84,123,127],"product_tag":[121,90,86,126,319],"class_list":{"0":"post-1717","1":"product","2":"type-product","3":"status-publish","4":"has-post-thumbnail","6":"product_cat-aves","7":"product_cat-caes","8":"product_cat-gatos","9":"product_cat-medicamento","10":"product_cat-medicamentos","11":"product_tag-aves","12":"product_tag-caes","13":"product_tag-gatos","14":"product_tag-medicamento","15":"product_tag-provets","17":"first","18":"instock","19":"shipping-taxable","20":"product-type-simple"},"aioseo_notices":[],"_links":{"self":[{"href":"https:\/\/sopassaros.com.br\/index.php\/wp-json\/wp\/v2\/product\/1717","targetHints":{"allow":["GET"]}}],"collection":[{"href":"https:\/\/sopassaros.com.br\/index.php\/wp-json\/wp\/v2\/product"}],"about":[{"href":"https:\/\/sopassaros.com.br\/index.php\/wp-json\/wp\/v2\/types\/product"}],"wp:featuredmedia":[{"embeddable":true,"href":"https:\/\/sopassaros.com.br\/index.php\/wp-json\/wp\/v2\/media\/1718"}],"wp:attachment":[{"href":"https:\/\/sopassaros.com.br\/index.php\/wp-json\/wp\/v2\/media?parent=1717"}],"wp:term":[{"taxonomy":"product_brand","embeddable":true,"href":"https:\/\/sopassaros.com.br\/index.php\/wp-json\/wp\/v2\/product_brand?post=1717"},{"taxonomy":"product_cat","embeddable":true,"href":"https:\/\/sopassaros.com.br\/index.php\/wp-json\/wp\/v2\/product_cat?post=1717"},{"taxonomy":"product_tag","embeddable":true,"href":"https:\/\/sopassaros.com.br\/index.php\/wp-json\/wp\/v2\/product_tag?post=1717"}],"curies":[{"name":"wp","href":"https:\/\/api.w.org\/{rel}","templated":true}]}}