{"id":1727,"date":"2019-08-28T16:30:36","date_gmt":"2019-08-28T19:30:36","guid":{"rendered":"http:\/\/sopassaros.com.br\/?post_type=product&#038;p=1727"},"modified":"2019-08-28T16:44:01","modified_gmt":"2019-08-28T19:44:01","slug":"tratderm","status":"publish","type":"product","link":"https:\/\/sopassaros.com.br\/index.php\/product\/tratderm\/","title":{"rendered":"Tratderm"},"content":{"rendered":"<h6 class=\"font_6\">Parasiticida (sarnicida), anti-seborreico e<br \/>\nanti-s\u00e9ptico. Utilizado no tratamento das<br \/>\ndermatites seborreicas e como tratamento<br \/>\nauxiliar de sarnas e micoses em c\u00e3es.<br \/>\nPOSOLOGIA: Banhos Terap\u00eauticos 2 vezes por<br \/>\nsemana deixando a espuma agir por 10 a 15 minutos,<br \/>\nenxaguando em seguida.<\/h6>\n","protected":false},"excerpt":{"rendered":"<p>Parasiticida (sarnicida), anti-seborreico e anti-s\u00e9ptico. Utilizado no tratamento das dermatites seborreicas e como tratamento auxiliar de sarnas e micoses em c\u00e3es. POSOLOGIA: Banhos Terap\u00eauticos 2 vezes por semana deixando a espuma agir por 10 a 15 minutos, enxaguando em seguida.<\/p>\n","protected":false},"featured_media":1728,"template":"","meta":{"_monsterinsights_skip_tracking":false,"_monsterinsights_sitenote_active":false,"_monsterinsights_sitenote_note":"","_monsterinsights_sitenote_category":0},"product_brand":[],"product_cat":[89,123,127],"product_tag":[90,126,319],"class_list":{"0":"post-1727","1":"product","2":"type-product","3":"status-publish","4":"has-post-thumbnail","6":"product_cat-caes","7":"product_cat-medicamento","8":"product_cat-medicamentos","9":"product_tag-caes","10":"product_tag-medicamento","11":"product_tag-provets","13":"first","14":"instock","15":"shipping-taxable","16":"product-type-simple"},"aioseo_notices":[],"_links":{"self":[{"href":"https:\/\/sopassaros.com.br\/index.php\/wp-json\/wp\/v2\/product\/1727","targetHints":{"allow":["GET"]}}],"collection":[{"href":"https:\/\/sopassaros.com.br\/index.php\/wp-json\/wp\/v2\/product"}],"about":[{"href":"https:\/\/sopassaros.com.br\/index.php\/wp-json\/wp\/v2\/types\/product"}],"wp:featuredmedia":[{"embeddable":true,"href":"https:\/\/sopassaros.com.br\/index.php\/wp-json\/wp\/v2\/media\/1728"}],"wp:attachment":[{"href":"https:\/\/sopassaros.com.br\/index.php\/wp-json\/wp\/v2\/media?parent=1727"}],"wp:term":[{"taxonomy":"product_brand","embeddable":true,"href":"https:\/\/sopassaros.com.br\/index.php\/wp-json\/wp\/v2\/product_brand?post=1727"},{"taxonomy":"product_cat","embeddable":true,"href":"https:\/\/sopassaros.com.br\/index.php\/wp-json\/wp\/v2\/product_cat?post=1727"},{"taxonomy":"product_tag","embeddable":true,"href":"https:\/\/sopassaros.com.br\/index.php\/wp-json\/wp\/v2\/product_tag?post=1727"}],"curies":[{"name":"wp","href":"https:\/\/api.w.org\/{rel}","templated":true}]}}