{"id":1729,"date":"2019-08-28T16:48:20","date_gmt":"2019-08-28T19:48:20","guid":{"rendered":"http:\/\/sopassaros.com.br\/?post_type=product&#038;p=1729"},"modified":"2019-08-28T16:48:51","modified_gmt":"2019-08-28T19:48:51","slug":"colirio-cineraria-maritima","status":"publish","type":"product","link":"https:\/\/sopassaros.com.br\/index.php\/product\/colirio-cineraria-maritima\/","title":{"rendered":"Col\u00edrio Ciner\u00e1ria Mar\u00edtima"},"content":{"rendered":"<h6 class=\"font_6\">Indicado para c\u00e3es, gatos e equinos. O Col\u00edrio Ciner\u00e1ria<br \/>\nMar\u00edtima Provets Homeop\u00e1tico \u00e9 indicado para o<br \/>\ncontrole da catarata senil, opacidade da c\u00f3rnea e do<br \/>\ncristalino (prevenindo a progress\u00e3o da catarata).<br \/>\nPOSOLOGIA: Instilar de 2 a 4 gotas no olho afetado,<br \/>\n2 a 3 vezes ao dia.<\/h6>\n","protected":false},"excerpt":{"rendered":"<p>Indicado para c\u00e3es, gatos e equinos. O Col\u00edrio Ciner\u00e1ria Mar\u00edtima Provets Homeop\u00e1tico \u00e9 indicado para o controle da catarata senil, opacidade da c\u00f3rnea e do cristalino (prevenindo a progress\u00e3o da catarata). POSOLOGIA: Instilar de 2 a 4 gotas no olho afetado, 2 a 3 vezes ao dia.<\/p>\n","protected":false},"featured_media":1731,"template":"","meta":{"_monsterinsights_skip_tracking":false,"_monsterinsights_sitenote_active":false,"_monsterinsights_sitenote_note":"","_monsterinsights_sitenote_category":0},"product_brand":[],"product_cat":[89,84,123,127],"product_tag":[90,126,319],"class_list":{"0":"post-1729","1":"product","2":"type-product","3":"status-publish","4":"has-post-thumbnail","6":"product_cat-caes","7":"product_cat-gatos","8":"product_cat-medicamento","9":"product_cat-medicamentos","10":"product_tag-caes","11":"product_tag-medicamento","12":"product_tag-provets","14":"first","15":"instock","16":"shipping-taxable","17":"product-type-simple"},"aioseo_notices":[],"_links":{"self":[{"href":"https:\/\/sopassaros.com.br\/index.php\/wp-json\/wp\/v2\/product\/1729","targetHints":{"allow":["GET"]}}],"collection":[{"href":"https:\/\/sopassaros.com.br\/index.php\/wp-json\/wp\/v2\/product"}],"about":[{"href":"https:\/\/sopassaros.com.br\/index.php\/wp-json\/wp\/v2\/types\/product"}],"wp:featuredmedia":[{"embeddable":true,"href":"https:\/\/sopassaros.com.br\/index.php\/wp-json\/wp\/v2\/media\/1731"}],"wp:attachment":[{"href":"https:\/\/sopassaros.com.br\/index.php\/wp-json\/wp\/v2\/media?parent=1729"}],"wp:term":[{"taxonomy":"product_brand","embeddable":true,"href":"https:\/\/sopassaros.com.br\/index.php\/wp-json\/wp\/v2\/product_brand?post=1729"},{"taxonomy":"product_cat","embeddable":true,"href":"https:\/\/sopassaros.com.br\/index.php\/wp-json\/wp\/v2\/product_cat?post=1729"},{"taxonomy":"product_tag","embeddable":true,"href":"https:\/\/sopassaros.com.br\/index.php\/wp-json\/wp\/v2\/product_tag?post=1729"}],"curies":[{"name":"wp","href":"https:\/\/api.w.org\/{rel}","templated":true}]}}