{"id":1732,"date":"2019-08-28T16:49:56","date_gmt":"2019-08-28T19:49:56","guid":{"rendered":"http:\/\/sopassaros.com.br\/?post_type=product&#038;p=1732"},"modified":"2019-08-28T16:51:47","modified_gmt":"2019-08-28T19:51:47","slug":"provex","status":"publish","type":"product","link":"https:\/\/sopassaros.com.br\/index.php\/product\/provex\/","title":{"rendered":"Provex"},"content":{"rendered":"<h6 class=\"font_6\">O Provex \u00e9 composto por Praziquantel, Pamoato de Pirantel<br \/>\ne Febantel, ingredientes com ampla margem de seguran\u00e7a e<br \/>\nexcelente a\u00e7\u00e3o anti-helm\u00edntica que atua contra as formas larvais<br \/>\ne adultas de cest\u00f3deos, nemat\u00f3deos e ascar\u00eddeos, parasitas que<br \/>\nacometem os c\u00e3es.<br \/>\nPOSOLOGIA: Administra\u00e7\u00e3o por via oral em dose \u00fanica, pode ser<br \/>\nmisturado a ra\u00e7\u00e3o ou a carne, dispensando regime especial ou jejum pr\u00e9vio.<br \/>\nAdministrar 1 comprimido para cada 10kg de peso do animal, fracionando-o<br \/>\nquando necess\u00e1rio, realizando a pesagem do animal previamente.<br \/>\nCOMPOSI\u00c7\u00c3O: Praziquantel, Pirantel e Febantel.<\/h6>\n","protected":false},"excerpt":{"rendered":"<p>O Provex \u00e9 composto por Praziquantel, Pamoato de Pirantel e Febantel, ingredientes com ampla margem de seguran\u00e7a e excelente a\u00e7\u00e3o anti-helm\u00edntica que atua contra as formas larvais e adultas de cest\u00f3deos, nemat\u00f3deos e ascar\u00eddeos, parasitas que acometem os c\u00e3es. POSOLOGIA: Administra\u00e7\u00e3o por via oral em dose \u00fanica, pode ser misturado a ra\u00e7\u00e3o ou a carne, [&hellip;]<\/p>\n","protected":false},"featured_media":1733,"template":"","meta":{"_monsterinsights_skip_tracking":false,"_monsterinsights_sitenote_active":false,"_monsterinsights_sitenote_note":"","_monsterinsights_sitenote_category":0},"product_brand":[],"product_cat":[89,123,127],"product_tag":[90,126,319],"class_list":{"0":"post-1732","1":"product","2":"type-product","3":"status-publish","4":"has-post-thumbnail","6":"product_cat-caes","7":"product_cat-medicamento","8":"product_cat-medicamentos","9":"product_tag-caes","10":"product_tag-medicamento","11":"product_tag-provets","13":"first","14":"instock","15":"shipping-taxable","16":"product-type-simple"},"aioseo_notices":[],"_links":{"self":[{"href":"https:\/\/sopassaros.com.br\/index.php\/wp-json\/wp\/v2\/product\/1732","targetHints":{"allow":["GET"]}}],"collection":[{"href":"https:\/\/sopassaros.com.br\/index.php\/wp-json\/wp\/v2\/product"}],"about":[{"href":"https:\/\/sopassaros.com.br\/index.php\/wp-json\/wp\/v2\/types\/product"}],"wp:featuredmedia":[{"embeddable":true,"href":"https:\/\/sopassaros.com.br\/index.php\/wp-json\/wp\/v2\/media\/1733"}],"wp:attachment":[{"href":"https:\/\/sopassaros.com.br\/index.php\/wp-json\/wp\/v2\/media?parent=1732"}],"wp:term":[{"taxonomy":"product_brand","embeddable":true,"href":"https:\/\/sopassaros.com.br\/index.php\/wp-json\/wp\/v2\/product_brand?post=1732"},{"taxonomy":"product_cat","embeddable":true,"href":"https:\/\/sopassaros.com.br\/index.php\/wp-json\/wp\/v2\/product_cat?post=1732"},{"taxonomy":"product_tag","embeddable":true,"href":"https:\/\/sopassaros.com.br\/index.php\/wp-json\/wp\/v2\/product_tag?post=1732"}],"curies":[{"name":"wp","href":"https:\/\/api.w.org\/{rel}","templated":true}]}}