{"id":1734,"date":"2019-08-28T16:57:55","date_gmt":"2019-08-28T19:57:55","guid":{"rendered":"http:\/\/sopassaros.com.br\/?post_type=product&#038;p=1734"},"modified":"2019-08-28T16:58:04","modified_gmt":"2019-08-28T19:58:04","slug":"aceprovets","status":"publish","type":"product","link":"https:\/\/sopassaros.com.br\/index.php\/product\/aceprovets\/","title":{"rendered":"AceProvetS"},"content":{"rendered":"<h6 class=\"font_6\">AceProvetS \u00e9 indicado para c\u00e3es e gatos em todas as situa\u00e7\u00f5es<br \/>\nque requeiram: tranquiliza\u00e7\u00e3o e relaxamento muscular;<br \/>\nsuprimir ou prevenir a \u00eamese ou regurgita\u00e7\u00e3o; procedimentos<br \/>\ncl\u00ednicos, cir\u00fargicos e diagn\u00f3sticos; promover indu\u00e7\u00e3o suave<br \/>\nda anestesia; designado tamb\u00e9m a animais que n\u00e3o s\u00e3o<br \/>\nacostumados com viagens longas e cansativas.<br \/>\nPOSOLOGIA: Uso interno, via oral, diretamente na boca do animal.<br \/>\nA dose dever\u00e1 ser ajustada de acordo com a tranquiliza\u00e7\u00e3o desejada.<br \/>\nC\u00e3es e gatos: administrar 0,5 a 1,5 mg\/Kg, ou seja, de uma a tr\u00eas gotas<br \/>\npara cada Kg<\/h6>\n","protected":false},"excerpt":{"rendered":"<p>AceProvetS \u00e9 indicado para c\u00e3es e gatos em todas as situa\u00e7\u00f5es que requeiram: tranquiliza\u00e7\u00e3o e relaxamento muscular; suprimir ou prevenir a \u00eamese ou regurgita\u00e7\u00e3o; procedimentos cl\u00ednicos, cir\u00fargicos e diagn\u00f3sticos; promover indu\u00e7\u00e3o suave da anestesia; designado tamb\u00e9m a animais que n\u00e3o s\u00e3o acostumados com viagens longas e cansativas. POSOLOGIA: Uso interno, via oral, diretamente na boca [&hellip;]<\/p>\n","protected":false},"featured_media":1735,"template":"","meta":{"_monsterinsights_skip_tracking":false,"_monsterinsights_sitenote_active":false,"_monsterinsights_sitenote_note":"","_monsterinsights_sitenote_category":0},"product_brand":[],"product_cat":[89,84,123,127],"product_tag":[90,126,319],"class_list":{"0":"post-1734","1":"product","2":"type-product","3":"status-publish","4":"has-post-thumbnail","6":"product_cat-caes","7":"product_cat-gatos","8":"product_cat-medicamento","9":"product_cat-medicamentos","10":"product_tag-caes","11":"product_tag-medicamento","12":"product_tag-provets","14":"first","15":"instock","16":"shipping-taxable","17":"product-type-simple"},"aioseo_notices":[],"_links":{"self":[{"href":"https:\/\/sopassaros.com.br\/index.php\/wp-json\/wp\/v2\/product\/1734","targetHints":{"allow":["GET"]}}],"collection":[{"href":"https:\/\/sopassaros.com.br\/index.php\/wp-json\/wp\/v2\/product"}],"about":[{"href":"https:\/\/sopassaros.com.br\/index.php\/wp-json\/wp\/v2\/types\/product"}],"wp:featuredmedia":[{"embeddable":true,"href":"https:\/\/sopassaros.com.br\/index.php\/wp-json\/wp\/v2\/media\/1735"}],"wp:attachment":[{"href":"https:\/\/sopassaros.com.br\/index.php\/wp-json\/wp\/v2\/media?parent=1734"}],"wp:term":[{"taxonomy":"product_brand","embeddable":true,"href":"https:\/\/sopassaros.com.br\/index.php\/wp-json\/wp\/v2\/product_brand?post=1734"},{"taxonomy":"product_cat","embeddable":true,"href":"https:\/\/sopassaros.com.br\/index.php\/wp-json\/wp\/v2\/product_cat?post=1734"},{"taxonomy":"product_tag","embeddable":true,"href":"https:\/\/sopassaros.com.br\/index.php\/wp-json\/wp\/v2\/product_tag?post=1734"}],"curies":[{"name":"wp","href":"https:\/\/api.w.org\/{rel}","templated":true}]}}