{"id":1752,"date":"2019-09-04T22:33:44","date_gmt":"2019-09-05T01:33:44","guid":{"rendered":"http:\/\/sopassaros.com.br\/?post_type=product&#038;p=1752"},"modified":"2019-09-04T22:34:58","modified_gmt":"2019-09-05T01:34:58","slug":"hepatox","status":"publish","type":"product","link":"https:\/\/sopassaros.com.br\/index.php\/product\/hepatox\/","title":{"rendered":"Hepatox"},"content":{"rendered":"<h6 class=\"font_6\">Antit\u00f3xico, hepatoprotetor e estimulante das c\u00e9lulas hep\u00e1ticas e<br \/>\ndigestivas, nas intoxica\u00e7\u00f5es alimentares e medicamentosas, cirroses<br \/>\nhep\u00e1ticas, infiltra\u00e7\u00f5es gordurosas.<br \/>\nPOSOLOGIA:<br \/>\n&#8211; Animais PP &#8211; 1 mL\/ Kg.<br \/>\n&#8211; Animais MP &#8211; 1 mL \/ 2 Kg.<br \/>\n&#8211; Animais GP &#8211; 1 mL \/ 5 Kg.<br \/>\nAPRESENTA\u00c7\u00c3O &#8211; 90 ml e 20 ml.<\/h6>\n","protected":false},"excerpt":{"rendered":"<p>Antit\u00f3xico, hepatoprotetor e estimulante das c\u00e9lulas hep\u00e1ticas e digestivas, nas intoxica\u00e7\u00f5es alimentares e medicamentosas, cirroses hep\u00e1ticas, infiltra\u00e7\u00f5es gordurosas. POSOLOGIA: &#8211; Animais PP &#8211; 1 mL\/ Kg. &#8211; Animais MP &#8211; 1 mL \/ 2 Kg. &#8211; Animais GP &#8211; 1 mL \/ 5 Kg. APRESENTA\u00c7\u00c3O &#8211; 90 ml e 20 ml.<\/p>\n","protected":false},"featured_media":1753,"template":"","meta":{"_monsterinsights_skip_tracking":false,"_monsterinsights_sitenote_active":false,"_monsterinsights_sitenote_note":"","_monsterinsights_sitenote_category":0},"product_brand":[],"product_cat":[89,84,123,127],"product_tag":[90,126,319],"class_list":{"0":"post-1752","1":"product","2":"type-product","3":"status-publish","4":"has-post-thumbnail","6":"product_cat-caes","7":"product_cat-gatos","8":"product_cat-medicamento","9":"product_cat-medicamentos","10":"product_tag-caes","11":"product_tag-medicamento","12":"product_tag-provets","14":"first","15":"instock","16":"shipping-taxable","17":"product-type-simple"},"aioseo_notices":[],"_links":{"self":[{"href":"https:\/\/sopassaros.com.br\/index.php\/wp-json\/wp\/v2\/product\/1752","targetHints":{"allow":["GET"]}}],"collection":[{"href":"https:\/\/sopassaros.com.br\/index.php\/wp-json\/wp\/v2\/product"}],"about":[{"href":"https:\/\/sopassaros.com.br\/index.php\/wp-json\/wp\/v2\/types\/product"}],"wp:featuredmedia":[{"embeddable":true,"href":"https:\/\/sopassaros.com.br\/index.php\/wp-json\/wp\/v2\/media\/1753"}],"wp:attachment":[{"href":"https:\/\/sopassaros.com.br\/index.php\/wp-json\/wp\/v2\/media?parent=1752"}],"wp:term":[{"taxonomy":"product_brand","embeddable":true,"href":"https:\/\/sopassaros.com.br\/index.php\/wp-json\/wp\/v2\/product_brand?post=1752"},{"taxonomy":"product_cat","embeddable":true,"href":"https:\/\/sopassaros.com.br\/index.php\/wp-json\/wp\/v2\/product_cat?post=1752"},{"taxonomy":"product_tag","embeddable":true,"href":"https:\/\/sopassaros.com.br\/index.php\/wp-json\/wp\/v2\/product_tag?post=1752"}],"curies":[{"name":"wp","href":"https:\/\/api.w.org\/{rel}","templated":true}]}}