{"id":1756,"date":"2019-09-04T22:41:16","date_gmt":"2019-09-05T01:41:16","guid":{"rendered":"http:\/\/sopassaros.com.br\/?post_type=product&#038;p=1756"},"modified":"2019-09-04T22:41:17","modified_gmt":"2019-09-05T01:41:17","slug":"otocanis-max","status":"publish","type":"product","link":"https:\/\/sopassaros.com.br\/index.php\/product\/otocanis-max\/","title":{"rendered":"Otocanis Max"},"content":{"rendered":"<h6 class=\"font_6\">Indicado para c\u00e3es no tratamento de otites externas, m\u00e9dias e internas,<br \/>\ncr\u00f4nicas ou agudas, de origem f\u00fangica e\/ou bacteriana, sens\u00edveis a<br \/>\nGentamicina, Betametazona e\/ou Clotrimazol.<br \/>\nPOSOLOGIA: Uso t\u00f3pico: Instilar 4 gotas, 2 vezes ao dia, de 7 a 10 dias para c\u00e3es com<br \/>\nat\u00e9 15 kg e 8 gotas, 2 vezes ao dia, de 7 a 10 dias consecutivos para c\u00e3es com mais de<br \/>\n15kg. Ap\u00f3s aplica\u00e7\u00e3o massagear o ouvido externo com cuidado, para garantir uma melhor<br \/>\ndistribui\u00e7\u00e3o do produto.<br \/>\nCOMPOSI\u00c7\u00c3O: Gentamicina, Clotrimazol e Betametasona.<\/h6>\n","protected":false},"excerpt":{"rendered":"<p>Indicado para c\u00e3es no tratamento de otites externas, m\u00e9dias e internas, cr\u00f4nicas ou agudas, de origem f\u00fangica e\/ou bacteriana, sens\u00edveis a Gentamicina, Betametazona e\/ou Clotrimazol. POSOLOGIA: Uso t\u00f3pico: Instilar 4 gotas, 2 vezes ao dia, de 7 a 10 dias para c\u00e3es com at\u00e9 15 kg e 8 gotas, 2 vezes ao dia, de 7 [&hellip;]<\/p>\n","protected":false},"featured_media":1757,"template":"","meta":{"_monsterinsights_skip_tracking":false,"_monsterinsights_sitenote_active":false,"_monsterinsights_sitenote_note":"","_monsterinsights_sitenote_category":0},"product_brand":[],"product_cat":[89,123,127],"product_tag":[90,126,319],"class_list":{"0":"post-1756","1":"product","2":"type-product","3":"status-publish","4":"has-post-thumbnail","6":"product_cat-caes","7":"product_cat-medicamento","8":"product_cat-medicamentos","9":"product_tag-caes","10":"product_tag-medicamento","11":"product_tag-provets","13":"first","14":"instock","15":"shipping-taxable","16":"product-type-simple"},"aioseo_notices":[],"_links":{"self":[{"href":"https:\/\/sopassaros.com.br\/index.php\/wp-json\/wp\/v2\/product\/1756","targetHints":{"allow":["GET"]}}],"collection":[{"href":"https:\/\/sopassaros.com.br\/index.php\/wp-json\/wp\/v2\/product"}],"about":[{"href":"https:\/\/sopassaros.com.br\/index.php\/wp-json\/wp\/v2\/types\/product"}],"wp:featuredmedia":[{"embeddable":true,"href":"https:\/\/sopassaros.com.br\/index.php\/wp-json\/wp\/v2\/media\/1757"}],"wp:attachment":[{"href":"https:\/\/sopassaros.com.br\/index.php\/wp-json\/wp\/v2\/media?parent=1756"}],"wp:term":[{"taxonomy":"product_brand","embeddable":true,"href":"https:\/\/sopassaros.com.br\/index.php\/wp-json\/wp\/v2\/product_brand?post=1756"},{"taxonomy":"product_cat","embeddable":true,"href":"https:\/\/sopassaros.com.br\/index.php\/wp-json\/wp\/v2\/product_cat?post=1756"},{"taxonomy":"product_tag","embeddable":true,"href":"https:\/\/sopassaros.com.br\/index.php\/wp-json\/wp\/v2\/product_tag?post=1756"}],"curies":[{"name":"wp","href":"https:\/\/api.w.org\/{rel}","templated":true}]}}