{"id":1758,"date":"2019-09-04T22:42:55","date_gmt":"2019-09-05T01:42:55","guid":{"rendered":"http:\/\/sopassaros.com.br\/?post_type=product&#038;p=1758"},"modified":"2019-09-04T22:42:55","modified_gmt":"2019-09-05T01:42:55","slug":"vermidog","status":"publish","type":"product","link":"https:\/\/sopassaros.com.br\/index.php\/product\/vermidog\/","title":{"rendered":"Vermidog"},"content":{"rendered":"<h6 class=\"font_6\">No tratamento das verminoses provocadas por \u00c1scaris e Oxi\u00farus.<br \/>\nTamb\u00e9m combate ao Ancylostoma Caninum.<br \/>\nPOSOLOGIA:<br \/>\nAdministrar por via oral:<br \/>\n&#8211; Animais at\u00e9 3 Kg: 5 mL durante 3 dias consecutivos.<br \/>\n&#8211; Animais de 3 at\u00e9 6Kg: 10 mL durante 3 dias consecutivos.<br \/>\n&#8211; Animais acima de 6Kg: 15 mL durante 3 dias consecutivos.<br \/>\nBENEF\u00cdCIOS: Pode ser utilizado em filhotes a partir de 15 dias.<\/h6>\n","protected":false},"excerpt":{"rendered":"<p>No tratamento das verminoses provocadas por \u00c1scaris e Oxi\u00farus. Tamb\u00e9m combate ao Ancylostoma Caninum. POSOLOGIA: Administrar por via oral: &#8211; Animais at\u00e9 3 Kg: 5 mL durante 3 dias consecutivos. &#8211; Animais de 3 at\u00e9 6Kg: 10 mL durante 3 dias consecutivos. &#8211; Animais acima de 6Kg: 15 mL durante 3 dias consecutivos. BENEF\u00cdCIOS: Pode [&hellip;]<\/p>\n","protected":false},"featured_media":1759,"template":"","meta":{"_monsterinsights_skip_tracking":false,"_monsterinsights_sitenote_active":false,"_monsterinsights_sitenote_note":"","_monsterinsights_sitenote_category":0},"product_brand":[],"product_cat":[89,123,127],"product_tag":[90,126,319],"class_list":{"0":"post-1758","1":"product","2":"type-product","3":"status-publish","4":"has-post-thumbnail","6":"product_cat-caes","7":"product_cat-medicamento","8":"product_cat-medicamentos","9":"product_tag-caes","10":"product_tag-medicamento","11":"product_tag-provets","13":"first","14":"instock","15":"shipping-taxable","16":"product-type-simple"},"aioseo_notices":[],"_links":{"self":[{"href":"https:\/\/sopassaros.com.br\/index.php\/wp-json\/wp\/v2\/product\/1758","targetHints":{"allow":["GET"]}}],"collection":[{"href":"https:\/\/sopassaros.com.br\/index.php\/wp-json\/wp\/v2\/product"}],"about":[{"href":"https:\/\/sopassaros.com.br\/index.php\/wp-json\/wp\/v2\/types\/product"}],"wp:featuredmedia":[{"embeddable":true,"href":"https:\/\/sopassaros.com.br\/index.php\/wp-json\/wp\/v2\/media\/1759"}],"wp:attachment":[{"href":"https:\/\/sopassaros.com.br\/index.php\/wp-json\/wp\/v2\/media?parent=1758"}],"wp:term":[{"taxonomy":"product_brand","embeddable":true,"href":"https:\/\/sopassaros.com.br\/index.php\/wp-json\/wp\/v2\/product_brand?post=1758"},{"taxonomy":"product_cat","embeddable":true,"href":"https:\/\/sopassaros.com.br\/index.php\/wp-json\/wp\/v2\/product_cat?post=1758"},{"taxonomy":"product_tag","embeddable":true,"href":"https:\/\/sopassaros.com.br\/index.php\/wp-json\/wp\/v2\/product_tag?post=1758"}],"curies":[{"name":"wp","href":"https:\/\/api.w.org\/{rel}","templated":true}]}}