{"id":1760,"date":"2019-09-04T22:45:00","date_gmt":"2019-09-05T01:45:00","guid":{"rendered":"http:\/\/sopassaros.com.br\/?post_type=product&#038;p=1760"},"modified":"2019-09-04T22:45:00","modified_gmt":"2019-09-05T01:45:00","slug":"pipicanis","status":"publish","type":"product","link":"https:\/\/sopassaros.com.br\/index.php\/product\/pipicanis\/","title":{"rendered":"Pipicanis"},"content":{"rendered":"<h6 class=\"font_6\">Adestramento sanit\u00e1rio para c\u00e3es filhotes.<br \/>\nPOSOLOGIA: Pingar 5 gotas no local previamente escolhido.<br \/>\nBENEF\u00cdCIOS:<br \/>\n&#8211; Mais eficaz por apresentar maior concentra\u00e7\u00e3o de am\u00f4nia e<br \/>\nur\u00e9ia (odor mais forte).<\/h6>\n","protected":false},"excerpt":{"rendered":"<p>Adestramento sanit\u00e1rio para c\u00e3es filhotes. POSOLOGIA: Pingar 5 gotas no local previamente escolhido. BENEF\u00cdCIOS: &#8211; Mais eficaz por apresentar maior concentra\u00e7\u00e3o de am\u00f4nia e ur\u00e9ia (odor mais forte).<\/p>\n","protected":false},"featured_media":1761,"template":"","meta":{"_monsterinsights_skip_tracking":false,"_monsterinsights_sitenote_active":false,"_monsterinsights_sitenote_note":"","_monsterinsights_sitenote_category":0},"product_brand":[],"product_cat":[89,123,127],"product_tag":[90,126,319],"class_list":{"0":"post-1760","1":"product","2":"type-product","3":"status-publish","4":"has-post-thumbnail","6":"product_cat-caes","7":"product_cat-medicamento","8":"product_cat-medicamentos","9":"product_tag-caes","10":"product_tag-medicamento","11":"product_tag-provets","13":"first","14":"instock","15":"shipping-taxable","16":"product-type-simple"},"aioseo_notices":[],"_links":{"self":[{"href":"https:\/\/sopassaros.com.br\/index.php\/wp-json\/wp\/v2\/product\/1760","targetHints":{"allow":["GET"]}}],"collection":[{"href":"https:\/\/sopassaros.com.br\/index.php\/wp-json\/wp\/v2\/product"}],"about":[{"href":"https:\/\/sopassaros.com.br\/index.php\/wp-json\/wp\/v2\/types\/product"}],"wp:featuredmedia":[{"embeddable":true,"href":"https:\/\/sopassaros.com.br\/index.php\/wp-json\/wp\/v2\/media\/1761"}],"wp:attachment":[{"href":"https:\/\/sopassaros.com.br\/index.php\/wp-json\/wp\/v2\/media?parent=1760"}],"wp:term":[{"taxonomy":"product_brand","embeddable":true,"href":"https:\/\/sopassaros.com.br\/index.php\/wp-json\/wp\/v2\/product_brand?post=1760"},{"taxonomy":"product_cat","embeddable":true,"href":"https:\/\/sopassaros.com.br\/index.php\/wp-json\/wp\/v2\/product_cat?post=1760"},{"taxonomy":"product_tag","embeddable":true,"href":"https:\/\/sopassaros.com.br\/index.php\/wp-json\/wp\/v2\/product_tag?post=1760"}],"curies":[{"name":"wp","href":"https:\/\/api.w.org\/{rel}","templated":true}]}}