{"id":1793,"date":"2019-09-23T22:39:37","date_gmt":"2019-09-24T01:39:37","guid":{"rendered":"http:\/\/sopassaros.com.br\/?post_type=product&#038;p=1793"},"modified":"2019-09-23T22:41:53","modified_gmt":"2019-09-24T01:41:53","slug":"artrisan-gel","status":"publish","type":"product","link":"https:\/\/sopassaros.com.br\/index.php\/product\/artrisan-gel\/","title":{"rendered":"Artrisan Gel"},"content":{"rendered":"<h6 class=\"font_6\">Tratamento de les\u00f5es articulares, reumatismo, artrite, pisaduras, dores musculares e hematomas. Auxiliar no tratamento das inflama\u00e7\u00f5es do \u00fabere e coadjuvante no tratamento das mastites, sedativo, descongestionante e anti-s\u00e9ptico.<\/h6>\n","protected":false},"excerpt":{"rendered":"<p>Tratamento de les\u00f5es articulares, reumatismo, artrite, pisaduras, dores musculares e hematomas. Auxiliar no tratamento das inflama\u00e7\u00f5es do \u00fabere e coadjuvante no tratamento das mastites, sedativo, descongestionante e anti-s\u00e9ptico.<\/p>\n","protected":false},"featured_media":1794,"template":"","meta":{"_monsterinsights_skip_tracking":false,"_monsterinsights_sitenote_active":false,"_monsterinsights_sitenote_note":"","_monsterinsights_sitenote_category":0},"product_brand":[],"product_cat":[89,84,123,127],"product_tag":[90,126,319],"class_list":{"0":"post-1793","1":"product","2":"type-product","3":"status-publish","4":"has-post-thumbnail","6":"product_cat-caes","7":"product_cat-gatos","8":"product_cat-medicamento","9":"product_cat-medicamentos","10":"product_tag-caes","11":"product_tag-medicamento","12":"product_tag-provets","14":"first","15":"instock","16":"shipping-taxable","17":"product-type-simple"},"aioseo_notices":[],"_links":{"self":[{"href":"https:\/\/sopassaros.com.br\/index.php\/wp-json\/wp\/v2\/product\/1793","targetHints":{"allow":["GET"]}}],"collection":[{"href":"https:\/\/sopassaros.com.br\/index.php\/wp-json\/wp\/v2\/product"}],"about":[{"href":"https:\/\/sopassaros.com.br\/index.php\/wp-json\/wp\/v2\/types\/product"}],"wp:featuredmedia":[{"embeddable":true,"href":"https:\/\/sopassaros.com.br\/index.php\/wp-json\/wp\/v2\/media\/1794"}],"wp:attachment":[{"href":"https:\/\/sopassaros.com.br\/index.php\/wp-json\/wp\/v2\/media?parent=1793"}],"wp:term":[{"taxonomy":"product_brand","embeddable":true,"href":"https:\/\/sopassaros.com.br\/index.php\/wp-json\/wp\/v2\/product_brand?post=1793"},{"taxonomy":"product_cat","embeddable":true,"href":"https:\/\/sopassaros.com.br\/index.php\/wp-json\/wp\/v2\/product_cat?post=1793"},{"taxonomy":"product_tag","embeddable":true,"href":"https:\/\/sopassaros.com.br\/index.php\/wp-json\/wp\/v2\/product_tag?post=1793"}],"curies":[{"name":"wp","href":"https:\/\/api.w.org\/{rel}","templated":true}]}}