{"id":1795,"date":"2019-09-23T22:43:02","date_gmt":"2019-09-24T01:43:02","guid":{"rendered":"http:\/\/sopassaros.com.br\/?post_type=product&#038;p=1795"},"modified":"2019-09-23T22:43:02","modified_gmt":"2019-09-24T01:43:02","slug":"artrisan-gel-2","status":"publish","type":"product","link":"https:\/\/sopassaros.com.br\/index.php\/product\/artrisan-gel-2\/","title":{"rendered":"Cal\u00eandula Concreta"},"content":{"rendered":"<h6 class=\"font_6\"><span class=\"color_15\">Pomada\u00a0<\/span>cicatrizante<span class=\"color_15\">\u00a0e antiss\u00e9ptica indicada no tratamento de les\u00f5es superficiais como feridas e ulcera\u00e7\u00f5es d\u00e9rmicas em c\u00e3es, gatos, equinos e bovinos. Feridas em geral (inclusive as cir\u00fargicas extensas ou n\u00e3o), complica\u00e7\u00f5es no p\u00f3s-cir\u00fargico com deisc\u00eancia de sutura, infec\u00e7\u00f5es, necrose tecidual, cortes acidentais, escaras e \u00falceras de dec\u00fabito.<\/span><\/h6>\n","protected":false},"excerpt":{"rendered":"<p>Pomada\u00a0cicatrizante\u00a0e antiss\u00e9ptica indicada no tratamento de les\u00f5es superficiais como feridas e ulcera\u00e7\u00f5es d\u00e9rmicas em c\u00e3es, gatos, equinos e bovinos. Feridas em geral (inclusive as cir\u00fargicas extensas ou n\u00e3o), complica\u00e7\u00f5es no p\u00f3s-cir\u00fargico com deisc\u00eancia de sutura, infec\u00e7\u00f5es, necrose tecidual, cortes acidentais, escaras e \u00falceras de dec\u00fabito.<\/p>\n","protected":false},"featured_media":1796,"template":"","meta":{"_monsterinsights_skip_tracking":false,"_monsterinsights_sitenote_active":false,"_monsterinsights_sitenote_note":"","_monsterinsights_sitenote_category":0},"product_brand":[],"product_cat":[89,84,123,127],"product_tag":[90,126,319],"class_list":{"0":"post-1795","1":"product","2":"type-product","3":"status-publish","4":"has-post-thumbnail","6":"product_cat-caes","7":"product_cat-gatos","8":"product_cat-medicamento","9":"product_cat-medicamentos","10":"product_tag-caes","11":"product_tag-medicamento","12":"product_tag-provets","14":"first","15":"instock","16":"shipping-taxable","17":"product-type-simple"},"aioseo_notices":[],"_links":{"self":[{"href":"https:\/\/sopassaros.com.br\/index.php\/wp-json\/wp\/v2\/product\/1795","targetHints":{"allow":["GET"]}}],"collection":[{"href":"https:\/\/sopassaros.com.br\/index.php\/wp-json\/wp\/v2\/product"}],"about":[{"href":"https:\/\/sopassaros.com.br\/index.php\/wp-json\/wp\/v2\/types\/product"}],"wp:featuredmedia":[{"embeddable":true,"href":"https:\/\/sopassaros.com.br\/index.php\/wp-json\/wp\/v2\/media\/1796"}],"wp:attachment":[{"href":"https:\/\/sopassaros.com.br\/index.php\/wp-json\/wp\/v2\/media?parent=1795"}],"wp:term":[{"taxonomy":"product_brand","embeddable":true,"href":"https:\/\/sopassaros.com.br\/index.php\/wp-json\/wp\/v2\/product_brand?post=1795"},{"taxonomy":"product_cat","embeddable":true,"href":"https:\/\/sopassaros.com.br\/index.php\/wp-json\/wp\/v2\/product_cat?post=1795"},{"taxonomy":"product_tag","embeddable":true,"href":"https:\/\/sopassaros.com.br\/index.php\/wp-json\/wp\/v2\/product_tag?post=1795"}],"curies":[{"name":"wp","href":"https:\/\/api.w.org\/{rel}","templated":true}]}}