{"id":1797,"date":"2019-09-23T22:45:18","date_gmt":"2019-09-24T01:45:18","guid":{"rendered":"http:\/\/sopassaros.com.br\/?post_type=product&#038;p=1797"},"modified":"2024-10-28T00:28:13","modified_gmt":"2024-10-28T03:28:13","slug":"thuya-avicola-simoes-oral","status":"publish","type":"product","link":"https:\/\/sopassaros.com.br\/index.php\/product\/thuya-avicola-simoes-oral\/","title":{"rendered":"Thuya Av\u00edcola Sim\u00f5es Oral"},"content":{"rendered":"<h6 class=\"font_6\">\u00c9 um produto indicado no tratamento de bouba (pipoca), verrugas e epitelioma contagioso das aves em geral (galinha, peru, pato, p\u00e1ssaros de gaiola e viveiro) em todas as fases da cria\u00e7\u00e3o, evitando as complica\u00e7\u00f5es que a doen\u00e7a produz, podendo ser aplicado diretamente ou dilu\u00eddo no bebedouro.<\/h6>\n","protected":false},"excerpt":{"rendered":"<p>\u00c9 um produto indicado no tratamento de bouba (pipoca), verrugas e epitelioma contagioso das aves em geral (galinha, peru, pato, p\u00e1ssaros de gaiola e viveiro) em todas as fases da cria\u00e7\u00e3o, evitando as complica\u00e7\u00f5es que a doen\u00e7a produz, podendo ser aplicado diretamente ou dilu\u00eddo no bebedouro.<\/p>\n","protected":false},"featured_media":1798,"template":"","meta":{"_monsterinsights_skip_tracking":false,"_monsterinsights_sitenote_active":false,"_monsterinsights_sitenote_note":"","_monsterinsights_sitenote_category":0},"product_brand":[],"product_cat":[119,123,127],"product_tag":[90,126,319],"class_list":{"0":"post-1797","1":"product","2":"type-product","3":"status-publish","4":"has-post-thumbnail","6":"product_cat-aves","7":"product_cat-medicamento","8":"product_cat-medicamentos","9":"product_tag-caes","10":"product_tag-medicamento","11":"product_tag-provets","13":"first","14":"instock","15":"shipping-taxable","16":"product-type-simple"},"aioseo_notices":[],"_links":{"self":[{"href":"https:\/\/sopassaros.com.br\/index.php\/wp-json\/wp\/v2\/product\/1797","targetHints":{"allow":["GET"]}}],"collection":[{"href":"https:\/\/sopassaros.com.br\/index.php\/wp-json\/wp\/v2\/product"}],"about":[{"href":"https:\/\/sopassaros.com.br\/index.php\/wp-json\/wp\/v2\/types\/product"}],"wp:featuredmedia":[{"embeddable":true,"href":"https:\/\/sopassaros.com.br\/index.php\/wp-json\/wp\/v2\/media\/1798"}],"wp:attachment":[{"href":"https:\/\/sopassaros.com.br\/index.php\/wp-json\/wp\/v2\/media?parent=1797"}],"wp:term":[{"taxonomy":"product_brand","embeddable":true,"href":"https:\/\/sopassaros.com.br\/index.php\/wp-json\/wp\/v2\/product_brand?post=1797"},{"taxonomy":"product_cat","embeddable":true,"href":"https:\/\/sopassaros.com.br\/index.php\/wp-json\/wp\/v2\/product_cat?post=1797"},{"taxonomy":"product_tag","embeddable":true,"href":"https:\/\/sopassaros.com.br\/index.php\/wp-json\/wp\/v2\/product_tag?post=1797"}],"curies":[{"name":"wp","href":"https:\/\/api.w.org\/{rel}","templated":true}]}}