{"id":3127,"date":"2020-07-16T00:35:52","date_gmt":"2020-07-16T03:35:52","guid":{"rendered":"http:\/\/sopassaros.com.br\/?post_type=product&#038;p=3127"},"modified":"2020-07-16T00:35:52","modified_gmt":"2020-07-16T03:35:52","slug":"mikdog-premium-especial-filhotes","status":"publish","type":"product","link":"https:\/\/sopassaros.com.br\/index.php\/product\/mikdog-premium-especial-filhotes\/","title":{"rendered":"MIKDOG PREMIUM ESPECIAL FILHOTES"},"content":{"rendered":"<p>N\u00cdVEIS DE GARANTIA:<br \/>\nProte\u00edna Bruta (m\u00edn.) 280g\/kg (28%)<br \/>\nExtrato Et\u00e9reo (m\u00edn.) 130g\/kg (13%)<br \/>\nC\u00e1lcio (m\u00e1x.) 24g\/kg (2,4%)<br \/>\nC\u00e1lcio (m\u00edn.) 10.000mg\/kg<br \/>\nF\u00f3sforo (m\u00edn.) 11.000mg\/kg<br \/>\nMat\u00e9ria Fibrosa (m\u00e1x.) 35g\/kg (3,5%)<br \/>\nMat\u00e9ria Mineral (m\u00e1x.) 120g\/kg (12%)<br \/>\n\u00c1cido Linol\u00eanico (m\u00edn.) 2.000mg\/kg<br \/>\n\u00c1cido Linoleico (m\u00edn.) 10g\/kg (1%)<br \/>\nSaponina 7mg\/kg<br \/>\nUmidade 120g\/kg (12%)<br \/>\nBacillus subtilis 5 x 10 9 UFC<br \/>\nS\u00f3dio (m\u00edn.) 2.500mg\/kg<\/p>\n<p>Dispon\u00edvel em: 10,1kg<\/p>\n","protected":false},"excerpt":{"rendered":"<p>N\u00cdVEIS DE GARANTIA: Prote\u00edna Bruta (m\u00edn.) 280g\/kg (28%) Extrato Et\u00e9reo (m\u00edn.) 130g\/kg (13%) C\u00e1lcio (m\u00e1x.) 24g\/kg (2,4%) C\u00e1lcio (m\u00edn.) 10.000mg\/kg F\u00f3sforo (m\u00edn.) 11.000mg\/kg Mat\u00e9ria Fibrosa (m\u00e1x.) 35g\/kg (3,5%) Mat\u00e9ria Mineral (m\u00e1x.) 120g\/kg (12%) \u00c1cido Linol\u00eanico (m\u00edn.) 2.000mg\/kg \u00c1cido Linoleico (m\u00edn.) 10g\/kg (1%) Saponina 7mg\/kg Umidade 120g\/kg (12%) Bacillus subtilis 5 x 10 9 UFC S\u00f3dio [&hellip;]<\/p>\n","protected":false},"featured_media":3128,"template":"","meta":{"_monsterinsights_skip_tracking":false,"_monsterinsights_sitenote_active":false,"_monsterinsights_sitenote_note":"","_monsterinsights_sitenote_category":0},"product_brand":[],"product_cat":[89,85],"product_tag":[90,88,87],"class_list":{"0":"post-3127","1":"product","2":"type-product","3":"status-publish","4":"has-post-thumbnail","6":"product_cat-caes","7":"product_cat-racao","8":"product_tag-caes","9":"product_tag-pian","10":"product_tag-racao","11":"product_shipping_class-north-america","13":"first","14":"instock","15":"shipping-taxable","16":"product-type-simple"},"aioseo_notices":[],"_links":{"self":[{"href":"https:\/\/sopassaros.com.br\/index.php\/wp-json\/wp\/v2\/product\/3127","targetHints":{"allow":["GET"]}}],"collection":[{"href":"https:\/\/sopassaros.com.br\/index.php\/wp-json\/wp\/v2\/product"}],"about":[{"href":"https:\/\/sopassaros.com.br\/index.php\/wp-json\/wp\/v2\/types\/product"}],"wp:featuredmedia":[{"embeddable":true,"href":"https:\/\/sopassaros.com.br\/index.php\/wp-json\/wp\/v2\/media\/3128"}],"wp:attachment":[{"href":"https:\/\/sopassaros.com.br\/index.php\/wp-json\/wp\/v2\/media?parent=3127"}],"wp:term":[{"taxonomy":"product_brand","embeddable":true,"href":"https:\/\/sopassaros.com.br\/index.php\/wp-json\/wp\/v2\/product_brand?post=3127"},{"taxonomy":"product_cat","embeddable":true,"href":"https:\/\/sopassaros.com.br\/index.php\/wp-json\/wp\/v2\/product_cat?post=3127"},{"taxonomy":"product_tag","embeddable":true,"href":"https:\/\/sopassaros.com.br\/index.php\/wp-json\/wp\/v2\/product_tag?post=3127"}],"curies":[{"name":"wp","href":"https:\/\/api.w.org\/{rel}","templated":true}]}}